{"id":4702,"date":"2019-01-20T09:52:23","date_gmt":"2019-01-20T09:52:23","guid":{"rendered":"https:\/\/www.quartix.com\/?page_id=4702"},"modified":"2024-06-19T14:53:26","modified_gmt":"2024-06-19T13:53:26","slug":"lokalizacja-pojazdow","status":"publish","type":"page","link":"https:\/\/www.quartix.com\/pl-pl\/lokalizacja-pojazdow\/","title":{"rendered":"Lokalizacja Pojazd\u00f3w"},"content":{"rendered":"\n<div class=\"wp-block-columns is-layout-flex wp-container-core-columns-is-layout-28f84493 wp-block-columns-is-layout-flex\">\n<div class=\"wp-block-column is-layout-flow wp-block-column-is-layout-flow\">\n<h2 class=\"wp-block-heading\">Lokalizacja pojazd\u00f3w na wyci\u0105gni\u0119cie r\u0119ki<\/h2>\n\n\n\n<p>Korzystaj\u0105c z lokalizacji na \u017cywo firmy Quartix mo\u017cna podgl\u0105da\u0107 pojazdy w czasie rzeczywistym, kiedykolwiek i na jakimkolwiek urz\u0105dzeniu z dost\u0119pem do internetu. Nie potrzeba \u017cadnego dodatkowego oprogramowania; wszystko dost\u0119pne jest przez internet.<\/p>\n\n\n\n<ul class=\"wp-block-list\">\n<li>Lokalizacja pojazd\u00f3w 24 godz.\/dob\u0119<\/li>\n\n\n\n<li>Obserwuj pojazdy na Mapach Google<\/li>\n\n\n\n<li>Analizuj aktywno\u015bci ka\u017cdego dnia<\/li>\n<\/ul>\n\n\n    <div class=\"button-container \">\r\n<a href=\"\/pl-pl\/lokalizacja-pojazdow\/lokalizacja-na-zywo\/\" class=\"btn pagebuilder-btn btn-green btn-\" title=\"Obejrzyj funkcj\u0119 lokalizacji pojazd\u00f3w\" target=\"_blank\">Obejrzyj funkcj\u0119 lokalizacji pojazd\u00f3w<\/a>\r\n<\/div>\r\n<\/div>\n\n\n\n<div class=\"wp-block-column is-layout-flow wp-block-column-is-layout-flow\">\n<figure class=\"wp-block-image aligncenter size-full is-resized\"><img decoding=\"async\" src=\" https:\/\/www.quartix.com\/content\/uploads\/2021\/06\/real-time-tracking-2.svg\" alt=\"\" class=\"wp-image-59489\" style=\"width:305px;height:305px\"\/><\/figure>\n<\/div>\n<\/div>\n\n\n\n<div class=\"wp-block-columns is-layout-flex wp-container-core-columns-is-layout-28f84493 wp-block-columns-is-layout-flex\">\n<div class=\"wp-block-column is-layout-flow wp-block-column-is-layout-flow\">\n<figure class=\"wp-block-image aligncenter size-full\"><img decoding=\"async\" src=\" https:\/\/www.quartix.com\/content\/uploads\/2021\/06\/experts-at-tracking.svg\" alt=\"\" class=\"wp-image-59289\"\/><\/figure>\n<\/div>\n\n\n\n<div class=\"wp-block-column is-layout-flow wp-block-column-is-layout-flow\">\n<h2 class=\"wp-block-heading\">Karty czasu pracy kierowcy<\/h2>\n\n\n\n<p>Dzienne rejestry i karty czasu pracy s\u0105 przejrzyste, \u0142atwe do czytania oraz mo\u017cna je dostosowywa\u0107 do ka\u017cdego pojazdu i kierowcy. Kr\u00f3tkie trasy, takie jak wok\u00f3\u0142 magazynu, mo\u017cna ogl\u0105da\u0107 i filtrowa\u0107 wed\u0142ug potrzeb.<\/p>\n\n\n\n<ul class=\"wp-block-list\">\n<li>Obserwuj czas startu i zako\u0144czenia przejazdu oraz lokalizacj\u0119<\/li>\n\n\n\n<li>Otrzymuj automatycznie wygenerowane raporty<\/li>\n\n\n\n<li>Weryfikuj aktywno\u015b\u0107 w okre\u015blonym czasie<\/li>\n<\/ul>\n\n\n    <div class=\"button-container \">\r\n<a href=\"\/pl-pl\/lokalizacja-pojazdow\/karty-ewidencji-czasu-pracy\/\" class=\"btn pagebuilder-btn btn-green btn-\" title=\"Dowiedz si\u0119 wi\u0119cej o kartach czasu pracy\" target=\"_blank\">Dowiedz si\u0119 wi\u0119cej o kartach czasu pracy<\/a>\r\n<\/div>\r\n<\/div>\n<\/div>\n\n\n\n<div class=\"wp-block-columns is-layout-flex wp-container-core-columns-is-layout-28f84493 wp-block-columns-is-layout-flex\">\n<div class=\"wp-block-column is-layout-flow wp-block-column-is-layout-flow\">\n<h2 class=\"wp-block-heading\">Analiza stylu jazdy<\/h2>\n\n\n\n<p>Szkolenie pracownik\u00f3w, aby polepszy\u0107 ich styl jazdy staje si\u0119 \u0142atwe z systemem Quartix. Zakres naszych raport\u00f3w dostarcza danych potrzebnych do zach\u0119cania do bezpiecznego, ekonomicznego stylu jazdy.<\/p>\n\n\n\n<ul class=\"wp-block-list\">\n<li>Monitoruj profile pr\u0119dko\u015bci, przyspieszenia i hamowania<\/li>\n\n\n\n<li>Por\u00f3wnuj pojazdy z ca\u0142ej floty<\/li>\n\n\n\n<li>Przegl\u0105daj dane razem z kierowcami, aby wprowadzi\u0107 zmiany<\/li>\n<\/ul>\n\n\n    <div class=\"button-container \">\r\n<a href=\"\/pl-pl\/lokalizacja-pojazdow\/styl-jazdy\/\" class=\"btn pagebuilder-btn btn-green btn-\" title=\"Dowiedz si\u0119 wi\u0119cej o raportach stylu jazdy\" target=\"_blank\">Dowiedz si\u0119 wi\u0119cej o raportach stylu jazdy<\/a>\r\n<\/div>\r\n<\/div>\n\n\n\n<div class=\"wp-block-column is-layout-flow wp-block-column-is-layout-flow\">\n<figure class=\"wp-block-image aligncenter size-full is-resized\"><img decoding=\"async\" src=\" https:\/\/www.quartix.com\/content\/uploads\/2021\/06\/driving-style-analysis.svg\" alt=\"\" class=\"wp-image-59509\" style=\"width:388px;height:199px\"\/><\/figure>\n<\/div>\n<\/div>\n\n\n\n<div class=\"wp-block-columns is-layout-flex wp-container-core-columns-is-layout-28f84493 wp-block-columns-is-layout-flex\">\n<div class=\"wp-block-column is-layout-flow wp-block-column-is-layout-flow\">\n<figure class=\"wp-block-image aligncenter size-full is-resized\"><img decoding=\"async\" src=\" https:\/\/www.quartix.com\/content\/uploads\/2021\/06\/geofencing-1.svg\" alt=\"\" class=\"wp-image-59367\" style=\"width:301px;height:301px\"\/><\/figure>\n<\/div>\n\n\n\n<div class=\"wp-block-column is-layout-flow wp-block-column-is-layout-flow\">\n<h2 class=\"wp-block-heading\">Powiadomienia funkcji Geostref<\/h2>\n\n\n\n<p>Powiadomienia pozwalaj\u0105 zareagowa\u0107 na nieautoryzowane przemieszczanie si\u0119 pojazd\u00f3w w czasie rzeczywistym. Otrzymasz r\u00f3wnie\u017c raporty, kt\u00f3re podsumowuj\u0105 wszystkie przypadki przekroczenia pr\u0119dko\u015bci przez flot\u0119, obejmuj\u0105ce ca\u0142y miesi\u0105c.<\/p>\n\n\n\n<ul class=\"wp-block-list\">\n<li>Utw\u00f3rz w\u0142asne geostrefy<\/li>\n\n\n\n<li>Ustaw zasady i czasy dla ka\u017cdego z nich<\/li>\n\n\n\n<li>Otrzymuj powiadomienia, kiedy zasady zostan\u0105 z\u0142amane<\/li>\n<\/ul>\n\n\n    <div class=\"button-container \">\r\n<a href=\"\/pl-pl\/lokalizacja-pojazdow\/powiadomienia\/\" class=\"btn pagebuilder-btn btn-green btn-\" title=\"Dowiedz si\u0119 wi\u0119cej\" target=\"_blank\">Dowiedz si\u0119 wi\u0119cej<\/a>\r\n<\/div>\r\n<\/div>\n<\/div>\n\n\n\n<div class=\"wp-block-columns is-layout-flex wp-container-core-columns-is-layout-28f84493 wp-block-columns-is-layout-flex\">\n<div class=\"wp-block-column is-layout-flow wp-block-column-is-layout-flow\">\n<h2 class=\"wp-block-heading\">Narz\u0119dzia zarz\u0105dzania flot\u0105<\/h2>\n\n\n\n<p>Narz\u0119dzia zarz\u0105dzania flot\u0105 pomog\u0105 przypilnowa\u0107, aby wa\u017cne terminy by\u0142y dotrzymane. Dok\u0142adnie analizuj i prognozuj wykorzystanie floty i zidentyfikuj pojazdy, kt\u00f3re s\u0105 niedostatecznie u\u017cywane.<\/p>\n\n\n\n<ul class=\"wp-block-list\">\n<li>Popraw produktywno\u015b\u0107 i utylizacj\u0119 pojazd\u00f3w<\/li>\n\n\n\n<li>Weryfikuj jak d\u0142ugo pracownicy byli na zleceniu<\/li>\n\n\n\n<li>Przegl\u0105daj daty serwis\u00f3w i przegl\u0105d\u00f3w dla ca\u0142ej floty<\/li>\n<\/ul>\n\n\n    <div class=\"button-container \">\r\n<a href=\"\/pl-pl\/lokalizacja-pojazdow\/zarzadzanie-flota\/\" class=\"btn pagebuilder-btn btn-green btn-\" title=\"Obejrzyj narz\u0119dzia zarz\u0105dzania flot\u0105\" target=\"_blank\">Obejrzyj narz\u0119dzia zarz\u0105dzania flot\u0105<\/a>\r\n<\/div>\r\n<\/div>\n\n\n\n<div class=\"wp-block-column is-layout-flow wp-block-column-is-layout-flow\">\n<figure class=\"wp-block-image aligncenter size-full is-resized\"><img decoding=\"async\" src=\" https:\/\/www.quartix.com\/content\/uploads\/2021\/06\/individual-driver-reports-2.svg\" alt=\"\" class=\"wp-image-59499\" style=\"width:231px;height:265px\"\/><\/figure>\n<\/div>\n<\/div>\n\n\n\n<div class=\"wp-block-columns is-layout-flex wp-container-core-columns-is-layout-28f84493 wp-block-columns-is-layout-flex\">\n<div class=\"wp-block-column is-layout-flow wp-block-column-is-layout-flow\">\n<figure class=\"wp-block-image aligncenter size-full is-resized\"><img decoding=\"async\" src=\" https:\/\/www.quartix.com\/content\/uploads\/2019\/06\/measure-atoc.svg\" alt=\"\" class=\"wp-image-23869\" style=\"width:302px;height:292px\"\/><\/figure>\n<\/div>\n\n\n\n<div class=\"wp-block-column is-layout-flow wp-block-column-is-layout-flow\">\n<h2 class=\"wp-block-heading\">Konfiguracja systemu<\/h2>\n\n\n\n<p>System lokalizacji pojazd\u00f3w Quartix mo\u017cna dostosowywa\u0107 do indywidualnych potrzeb. Ka\u017cdy pojazd mo\u017ce by\u0107 skonfigurowany tak, aby dostosowa\u0107 raporty do indywidualnych potrzeb, konfiguracja mo\u017ce by\u0107 przeprowadzona samodzielnie lub przez nasz\u0105 Pomoc Techniczn\u0105.<\/p>\n\n\n\n<ul class=\"wp-block-list\">\n<li>Edytuj dane kierowcy\/pojazdu oraz tw\u00f3rz grupy &nbsp;<\/li>\n\n\n\n<li>Dodaj daty przegl\u0105du, op\u0142at, ubezpiecze\u0144 i serwisu<\/li>\n\n\n\n<li>Zarz\u0105dzaj ustanowionymi lokalizacjami, godzinami prywatnych podr\u00f3\u017cy i obszarami geostref<\/li>\n<\/ul>\n\n\n    <div class=\"button-container \">\r\n<a href=\"\/pl-pl\/lokalizacja-pojazdow\/konfiguracja\/\" class=\"btn pagebuilder-btn btn-green btn-\" title=\"Dowiedz si\u0119 wi\u0119cej o konfiguracji systemu\" target=\"_blank\">Dowiedz si\u0119 wi\u0119cej o konfiguracji systemu<\/a>\r\n<\/div>\r\n<\/div>\n<\/div>\n\n\n\n<div class=\"wp-block-columns is-layout-flex wp-container-core-columns-is-layout-28f84493 wp-block-columns-is-layout-flex\">\n<div class=\"wp-block-column is-layout-flow wp-block-column-is-layout-flow\">\n<h2 class=\"wp-block-heading\">Lokalizatory<\/h2>\n\n\n\n<p>Quartix oferuje proste opcje przeznaczone do samodzielnej instalacji urz\u0105dze\u0144 lokalizacyjnych, wybierz lokalizator pod\u0142\u0105czany do s\u0142upk\u00f3w akumulatora, lub urz\u0105dzenie zasilane przez port OBD.<\/p>\n\n\n\n<ul class=\"wp-block-list\">\n<li>Opcja dwu-przewodowa, do samodzielnego pod\u0142\u0105czenia do akumulatora &nbsp;<\/li>\n\n\n\n<li>Urz\u0105dzenie do pod\u0142\u0105czenia do gniazda OBD, \u0142atwe do przek\u0142adania pomi\u0119dzy pojazdami<\/li>\n<\/ul>\n\n\n    <div class=\"button-container \">\r\n<a href=\"\/pl-pl\/lokalizacja-pojazdow\/urzadzenie\/\" class=\"btn pagebuilder-btn btn-green btn-\" title=\" Zobacz nasze lokalizatory\" target=\"_blank\"> Zobacz nasze lokalizatory<\/a>\r\n<\/div>\r\n<\/div>\n\n\n\n<div class=\"wp-block-column is-layout-flow wp-block-column-is-layout-flow\">\n<figure class=\"wp-block-image aligncenter size-full is-resized\"><img decoding=\"async\" src=\" https:\/\/www.quartix.com\/content\/uploads\/2021\/06\/install.svg\" alt=\"\" class=\"wp-image-59119\" style=\"width:375px;height:226px\"\/><\/figure>\n<\/div>\n<\/div>\n\n\n\n<div class=\"wp-block-columns is-layout-flex wp-container-core-columns-is-layout-28f84493 wp-block-columns-is-layout-flex\">\n<div class=\"wp-block-column is-layout-flow wp-block-column-is-layout-flow\">\n<h2 class=\"wp-block-heading\">Wypr\u00f3buj system Quartix<\/h2>\n\n\n\n<p>Sprawd\u017a osobi\u015bcie dzia\u0142anie systemu Quartix podczas naszego interaktywnego demo dzia\u0142aj\u0105cego w&nbsp;czasie rzeczywistym.<\/p>\n\n\n\n<p>Przetestuj nasz system za pomoc\u0105 bezp\u0142atnego demo<\/p>\n\n\n    <span ><\/span>\r\n    \n<div class=\"wpcf7 no-js\" id=\"wpcf7-f95364-o1\" lang=\"pl-PL\" dir=\"ltr\" data-wpcf7-id=\"95364\">\n<div class=\"screen-reader-response\"><p role=\"status\" aria-live=\"polite\" aria-atomic=\"true\"><\/p> <ul><\/ul><\/div>\n<form action=\"\/pl-pl\/wp-json\/wp\/v2\/pages\/4702#wpcf7-f95364-o1\" method=\"post\" class=\"wpcf7-form init\" aria-label=\"Contact form\" novalidate=\"novalidate\" data-status=\"init\">\n<fieldset class=\"hidden-fields-container\"><input type=\"hidden\" name=\"_wpcf7\" value=\"95364\" \/><input type=\"hidden\" name=\"_wpcf7_version\" value=\"6.1.5\" \/><input type=\"hidden\" name=\"_wpcf7_locale\" value=\"pl_PL\" \/><input type=\"hidden\" name=\"_wpcf7_unit_tag\" value=\"wpcf7-f95364-o1\" \/><input type=\"hidden\" name=\"_wpcf7_container_post\" value=\"0\" \/><input type=\"hidden\" name=\"_wpcf7_posted_data_hash\" value=\"\" \/><input type=\"hidden\" name=\"_wpcf7cf_hidden_group_fields\" value=\"[]\" \/><input type=\"hidden\" name=\"_wpcf7cf_hidden_groups\" value=\"[]\" \/><input type=\"hidden\" name=\"_wpcf7cf_visible_groups\" value=\"[]\" \/><input type=\"hidden\" name=\"_wpcf7cf_repeaters\" value=\"[]\" \/><input type=\"hidden\" name=\"_wpcf7cf_steps\" value=\"{}\" \/><input type=\"hidden\" name=\"_wpcf7cf_options\" value=\"{&quot;form_id&quot;:95364,&quot;conditions&quot;:[],&quot;settings&quot;:{&quot;animation&quot;:&quot;yes&quot;,&quot;animation_intime&quot;:200,&quot;animation_outtime&quot;:200,&quot;conditions_ui&quot;:&quot;normal&quot;,&quot;notice_dismissed&quot;:false,&quot;notice_dismissed_update-cf7-6.0&quot;:true,&quot;notice_dismissed_update-cf7-6.0.1&quot;:true,&quot;notice_dismissed_update-cf7-6.0.2&quot;:true,&quot;notice_dismissed_rollback-cf7-6.0.5&quot;:true}}\" \/><input type=\"hidden\" name=\"_wpcf7_recaptcha_response\" value=\"\" \/>\n<\/fieldset>\n<div class=\"input-wrapper\"><span class=\"icon icon-face\"><\/span><span class=\"wpcf7-form-control-wrap\" data-name=\"first_name\"><input size=\"40\" maxlength=\"400\" class=\"wpcf7-form-control wpcf7-text wpcf7-validates-as-required\" aria-required=\"true\" aria-invalid=\"false\" placeholder=\"Imi\u0119 *\" value=\"\" type=\"text\" name=\"first_name\" \/><\/span><span class=\"wpcf7-form-control-wrap\" data-name=\"last_name\"><input size=\"40\" maxlength=\"400\" class=\"wpcf7-form-control wpcf7-text wpcf7-validates-as-required\" aria-required=\"true\" aria-invalid=\"false\" placeholder=\"Nazwisko *\" value=\"\" type=\"text\" name=\"last_name\" \/><\/span><\/div>\n<div class=\"input-wrapper\"><span class=\"icon icon-envelope\"><\/span><span class=\"wpcf7-form-control-wrap\" data-name=\"email\"><input size=\"40\" maxlength=\"400\" class=\"wpcf7-form-control wpcf7-email wpcf7-validates-as-required wpcf7-text wpcf7-validates-as-email\" aria-required=\"true\" aria-invalid=\"false\" placeholder=\"Email *\" value=\"\" type=\"email\" name=\"email\" \/><\/span><\/div>\n<div class=\"input-wrapper\"><span class=\"icon icon-company\"><\/span><span class=\"wpcf7-form-control-wrap\" data-name=\"company\"><input size=\"40\" maxlength=\"400\" class=\"wpcf7-form-control wpcf7-text wpcf7-validates-as-required\" aria-required=\"true\" aria-invalid=\"false\" placeholder=\"Firma *\" value=\"\" type=\"text\" name=\"company\" \/><\/span><\/div>\n<div class=\"input-wrapper\"><span class=\"icon icon-telephone\"><\/span><span class=\"wpcf7-form-control-wrap\" data-name=\"phone\"><input size=\"40\" maxlength=\"400\" class=\"wpcf7-form-control wpcf7-tel wpcf7-validates-as-required wpcf7-text wpcf7-validates-as-tel\" aria-required=\"true\" aria-invalid=\"false\" placeholder=\"Telefon *\" value=\"\" type=\"tel\" name=\"phone\" \/><\/span><\/div>\n<div class=\"input-wrapper\"><span class=\"icon icon-vehicles\"><\/span><span class=\"wpcf7-form-control-wrap\" data-name=\"number_of_vehicles\"><input class=\"wpcf7-form-control wpcf7-number wpcf7-validates-as-required wpcf7-validates-as-number\" min=\"1\" aria-required=\"true\" aria-invalid=\"false\" placeholder=\"Liczba pojazd\u00f3w *\" value=\"\" type=\"number\" name=\"number_of_vehicles\" \/><\/span><\/div>\n<input type=\"hidden\" name=\"thankyouURL\" value=\"\/pl-pl\/dziekujemy-prosba-o-demo\/\" class=\"wpcf7-form-control wpcf7-hidden\" id=\"thankyouURL\">\n<input type=\"hidden\" name=\"pardot_extra_field\" value=\"\" class=\"wpcf7-form-control wpcf7-hidden\">\n<input type=\"hidden\" name=\"page_title\" value=\"No post title\" class=\"wpcf7-form-control wpcf7-hidden\">\n<div class=\"recatpcha-text\">Ta witryna jest chroniona przez reCAPTCHA i obowi\u0105zuje <a href=\"https:\/\/policies.google.com\/privacy?hl=pl\">Polityka prywatno\u015bci<\/a> i <a href=\"https:\/\/policies.google.com\/terms?hl=pl\">Warunki korzystania<\/a> z us\u0142ugi Google.<\/div>\n<div class=\"input-wrapper\"><input class=\"wpcf7-form-control wpcf7-submit has-spinner icon-plane\" type=\"submit\" value=\"Wy\u015blij mi link do wersji demo\" \/><\/div><div class=\"wpcf7-response-output\" aria-hidden=\"true\"><\/div>\n<\/form>\n<\/div>\n        <p class=\"formcaption\">Przetestuj nasz system za pomoc\u0105 bezp\u0142atnego demo<\/p>\r\n        <\/div>\n\n\n\n<div class=\"wp-block-column is-layout-flow wp-block-column-is-layout-flow\">\n<figure class=\"wp-block-image aligncenter is-resized\"><img decoding=\"async\" src=\" https:\/\/www.quartix.com\/content\/uploads\/2019\/01\/map.png\" alt=\"\" style=\"width:499px;height:303px\"\/><\/figure>\n\n\n\r\n<section  class=\"qtx-pagebuilder-section qtx-pagebuilder-section-list \">\r\n<ul class='ticks fa-ul' style='padding-left:20px;'><li><span class='fa-li'><i class='fas fa-check-circle'><\/i><\/span>Monitoruj lokalizacj\u0119 pojazd\u00f3w na\u00a0\u017cywo<\/li><li><span class='fa-li'><i class='fas fa-check-circle'><\/i><\/span>Przegl\u0105daj dane archiwalne<\/li><li><span class='fa-li'><i class='fas fa-check-circle'><\/i><\/span>Otrzymuj szczeg\u00f3\u0142owe raporty o kierowcach<\/li><li><span class='fa-li'><i class='fas fa-check-circle'><\/i><\/span>Sprawdzaj pozycje kierowc\u00f3w w\u00a0rankingu<\/li><li><span class='fa-li'><i class='fas fa-check-circle'><\/i><\/span>Otrzymuj powiadomienia o\u00a0nieautoryzowanym u\u017cyciu pojazd\u00f3w<\/li><\/ul><\/section><\/div>\n<\/div>\n","protected":false},"excerpt":{"rendered":"<p>Lokalizacja pojazd\u00f3w na wyci\u0105gni\u0119cie r\u0119ki Korzystaj\u0105c z lokalizacji na \u017cywo firmy Quartix mo\u017cna podgl\u0105da\u0107 pojazdy w czasie rzeczywistym, kiedykolwiek i na jakimkolwiek urz\u0105dzeniu z dost\u0119pem do internetu. Nie potrzeba \u017cadnego dodatkowego oprogramowania; wszystko dost\u0119pne jest przez internet. Karty czasu pracy kierowcy Dzienne rejestry i karty czasu pracy s\u0105 przejrzyste, \u0142atwe do czytania oraz mo\u017cna je [&hellip;]<\/p>\n","protected":false},"author":12,"featured_media":106279,"parent":0,"menu_order":200,"comment_status":"closed","ping_status":"closed","template":"","meta":{"_acf_changed":false,"inline_featured_image":false,"footnotes":""},"topic":[],"qtx_campaign":[],"class_list":["post-4702","page","type-page","status-publish","has-post-thumbnail","hentry"],"acf":[],"yoast_head":"<!-- This site is optimized with the Yoast SEO Premium plugin v27.3 (Yoast SEO v27.3) - https:\/\/yoast.com\/product\/yoast-seo-premium-wordpress\/ -->\n<title>System lokalizacji pojazd\u00f3w - poznaj mo\u017cliwo\u015bci produktu - PL<\/title>\n<meta name=\"description\" content=\"Nasz produkt to wi\u0119cej, ni\u017c tylko system lokalizacji pojazd\u00f3w w czasie rzeczywistym. Quartix to wygodny w u\u017cyciu, wielokrotnie nagradzany system zarz\u0105dzania flot\u0105 oferuje mi\u0119dzy innymi: lokalizacj\u0119 pojazd\u00f3w online, karty czasu pracy, raporty dotycz\u0105cyce kierowc\u00f3w i ich zachowa\u0144 na drodze, nieograniczone geostrefy\" \/>\n<meta name=\"robots\" content=\"index, follow, max-snippet:-1, max-image-preview:large, max-video-preview:-1\" \/>\n<link rel=\"canonical\" href=\"https:\/\/www.quartix.com\/pl-pl\/lokalizacja-pojazdow\/\" \/>\n<meta property=\"og:locale\" content=\"pl_PL\" \/>\n<meta property=\"og:type\" content=\"article\" \/>\n<meta property=\"og:title\" content=\"Lokalizacja Pojazd\u00f3w\" \/>\n<meta property=\"og:description\" content=\"Nasz produkt to wi\u0119cej, ni\u017c tylko system lokalizacji pojazd\u00f3w w czasie rzeczywistym. Quartix to wygodny w u\u017cyciu, wielokrotnie nagradzany system zarz\u0105dzania flot\u0105 oferuje mi\u0119dzy innymi: lokalizacj\u0119 pojazd\u00f3w online, karty czasu pracy, raporty dotycz\u0105cyce kierowc\u00f3w i ich zachowa\u0144 na drodze, nieograniczone geostrefy\" \/>\n<meta property=\"og:url\" content=\"https:\/\/www.quartix.com\/pl-pl\/lokalizacja-pojazdow\/\" \/>\n<meta property=\"og:site_name\" content=\"Quartix\" \/>\n<meta property=\"article:publisher\" content=\"https:\/\/www.facebook.com\/Quartix-USA-374426386097401\/\" \/>\n<meta property=\"article:modified_time\" content=\"2024-06-19T13:53:26+00:00\" \/>\n<meta property=\"og:image\" content=\"https:\/\/www.quartix.com\/content\/uploads\/2024\/06\/US-Vehicle-Tracking-Screens.png\" \/>\n\t<meta property=\"og:image:width\" content=\"874\" \/>\n\t<meta property=\"og:image:height\" content=\"590\" \/>\n\t<meta property=\"og:image:type\" content=\"image\/png\" \/>\n<meta name=\"twitter:card\" content=\"summary_large_image\" \/>\n<meta name=\"twitter:site\" content=\"@QuartixUSA\" \/>\n<meta name=\"twitter:label1\" content=\"Est. reading time\" \/>\n\t<meta name=\"twitter:data1\" content=\"4 minutes\" \/>\n<!-- \/ Yoast SEO Premium plugin. -->","yoast_head_json":{"title":"System lokalizacji pojazd\u00f3w - poznaj mo\u017cliwo\u015bci produktu - PL","description":"Nasz produkt to wi\u0119cej, ni\u017c tylko system lokalizacji pojazd\u00f3w w czasie rzeczywistym. Quartix to wygodny w u\u017cyciu, wielokrotnie nagradzany system zarz\u0105dzania flot\u0105 oferuje mi\u0119dzy innymi: lokalizacj\u0119 pojazd\u00f3w online, karty czasu pracy, raporty dotycz\u0105cyce kierowc\u00f3w i ich zachowa\u0144 na drodze, nieograniczone geostrefy","robots":{"index":"index","follow":"follow","max-snippet":"max-snippet:-1","max-image-preview":"max-image-preview:large","max-video-preview":"max-video-preview:-1"},"canonical":"https:\/\/www.quartix.com\/pl-pl\/lokalizacja-pojazdow\/","og_locale":"pl_PL","og_type":"article","og_title":"Lokalizacja Pojazd\u00f3w","og_description":"Nasz produkt to wi\u0119cej, ni\u017c tylko system lokalizacji pojazd\u00f3w w czasie rzeczywistym. Quartix to wygodny w u\u017cyciu, wielokrotnie nagradzany system zarz\u0105dzania flot\u0105 oferuje mi\u0119dzy innymi: lokalizacj\u0119 pojazd\u00f3w online, karty czasu pracy, raporty dotycz\u0105cyce kierowc\u00f3w i ich zachowa\u0144 na drodze, nieograniczone geostrefy","og_url":"https:\/\/www.quartix.com\/pl-pl\/lokalizacja-pojazdow\/","og_site_name":"Quartix","article_publisher":"https:\/\/www.facebook.com\/Quartix-USA-374426386097401\/","article_modified_time":"2024-06-19T13:53:26+00:00","og_image":[{"width":874,"height":590,"url":"https:\/\/www.quartix.com\/content\/uploads\/2024\/06\/US-Vehicle-Tracking-Screens.png","type":"image\/png"}],"twitter_card":"summary_large_image","twitter_site":"@QuartixUSA","twitter_misc":{"Est. reading time":"4 minutes"},"schema":{"@context":"https:\/\/schema.org","@graph":[{"@type":"WebPage","@id":"https:\/\/www.quartix.com\/pl-pl\/lokalizacja-pojazdow\/","url":"https:\/\/www.quartix.com\/pl-pl\/lokalizacja-pojazdow\/","name":"System lokalizacji pojazd\u00f3w - poznaj mo\u017cliwo\u015bci produktu","isPartOf":{"@id":"https:\/\/www.quartix.com\/pl-pl\/#website"},"primaryImageOfPage":{"@id":"https:\/\/www.quartix.com\/pl-pl\/lokalizacja-pojazdow\/#primaryimage"},"image":{"@id":"https:\/\/www.quartix.com\/pl-pl\/lokalizacja-pojazdow\/#primaryimage"},"thumbnailUrl":"https:\/\/www.quartix.com\/content\/uploads\/2024\/06\/US-Vehicle-Tracking-Screens.png","datePublished":"2019-01-20T09:52:23+00:00","dateModified":"2024-06-19T13:53:26+00:00","description":"Nasz produkt to wi\u0119cej, ni\u017c tylko system lokalizacji pojazd\u00f3w w czasie rzeczywistym. Quartix to wygodny w u\u017cyciu, wielokrotnie nagradzany system zarz\u0105dzania flot\u0105 oferuje mi\u0119dzy innymi: lokalizacj\u0119 pojazd\u00f3w online, karty czasu pracy, raporty dotycz\u0105cyce kierowc\u00f3w i ich zachowa\u0144 na drodze, nieograniczone geostrefy","breadcrumb":{"@id":"https:\/\/www.quartix.com\/pl-pl\/lokalizacja-pojazdow\/#breadcrumb"},"inLanguage":"pl-PL","potentialAction":[{"@type":"ReadAction","target":["https:\/\/www.quartix.com\/pl-pl\/lokalizacja-pojazdow\/"]}]},{"@type":"ImageObject","inLanguage":"pl-PL","@id":"https:\/\/www.quartix.com\/pl-pl\/lokalizacja-pojazdow\/#primaryimage","url":"https:\/\/www.quartix.com\/content\/uploads\/2024\/06\/US-Vehicle-Tracking-Screens.png","contentUrl":"https:\/\/www.quartix.com\/content\/uploads\/2024\/06\/US-Vehicle-Tracking-Screens.png","width":874,"height":590,"caption":"US Vehicle Tracking Screens"},{"@type":"BreadcrumbList","@id":"https:\/\/www.quartix.com\/pl-pl\/lokalizacja-pojazdow\/#breadcrumb","itemListElement":[{"@type":"ListItem","position":1,"name":"Strona G\u0142\u00f3wna","item":"https:\/\/www.quartix.com\/pl-pl\/"},{"@type":"ListItem","position":2,"name":"Lokalizacja Pojazd\u00f3w"}]},{"@type":"WebSite","@id":"https:\/\/www.quartix.com\/pl-pl\/#website","url":"https:\/\/www.quartix.com\/pl-pl\/","name":"Quartix","description":"Real-time vehicle tracking","publisher":{"@id":"https:\/\/www.quartix.com\/pl-pl\/#organization"},"potentialAction":[{"@type":"SearchAction","target":{"@type":"EntryPoint","urlTemplate":"https:\/\/www.quartix.com\/pl-pl\/?s={search_term_string}"},"query-input":{"@type":"PropertyValueSpecification","valueRequired":true,"valueName":"search_term_string"}}],"inLanguage":"pl-PL"},{"@type":"Organization","@id":"https:\/\/www.quartix.com\/pl-pl\/#organization","name":"Quartix","url":"https:\/\/www.quartix.com\/pl-pl\/","logo":{"@type":"ImageObject","inLanguage":"pl-PL","@id":"https:\/\/www.quartix.com\/pl-pl\/#\/schema\/logo\/image\/","url":"https:\/\/www.quartix.com\/content\/uploads\/2019\/02\/quartix-logo-eur.svg","contentUrl":"https:\/\/www.quartix.com\/content\/uploads\/2019\/02\/quartix-logo-eur.svg","width":1,"height":1,"caption":"Quartix"},"image":{"@id":"https:\/\/www.quartix.com\/pl-pl\/#\/schema\/logo\/image\/"},"sameAs":["https:\/\/www.facebook.com\/Quartix-USA-374426386097401\/","https:\/\/x.com\/QuartixUSA","https:\/\/www.linkedin.com\/company\/5346733\/","https:\/\/www.youtube.com\/channel\/UCzS-_GMfHF4kWiCheyIRrAQ"]}]}},"_links":{"self":[{"href":"https:\/\/www.quartix.com\/pl-pl\/wp-json\/wp\/v2\/pages\/4702","targetHints":{"allow":["GET"]}}],"collection":[{"href":"https:\/\/www.quartix.com\/pl-pl\/wp-json\/wp\/v2\/pages"}],"about":[{"href":"https:\/\/www.quartix.com\/pl-pl\/wp-json\/wp\/v2\/types\/page"}],"author":[{"embeddable":true,"href":"https:\/\/www.quartix.com\/pl-pl\/wp-json\/wp\/v2\/users\/12"}],"replies":[{"embeddable":true,"href":"https:\/\/www.quartix.com\/pl-pl\/wp-json\/wp\/v2\/comments?post=4702"}],"version-history":[{"count":0,"href":"https:\/\/www.quartix.com\/pl-pl\/wp-json\/wp\/v2\/pages\/4702\/revisions"}],"wp:featuredmedia":[{"embeddable":true,"href":"https:\/\/www.quartix.com\/pl-pl\/wp-json\/wp\/v2\/media\/106279"}],"wp:attachment":[{"href":"https:\/\/www.quartix.com\/pl-pl\/wp-json\/wp\/v2\/media?parent=4702"}],"wp:term":[{"taxonomy":"topic","embeddable":true,"href":"https:\/\/www.quartix.com\/pl-pl\/wp-json\/wp\/v2\/topic?post=4702"},{"taxonomy":"qtx_campaign","embeddable":true,"href":"https:\/\/www.quartix.com\/pl-pl\/wp-json\/wp\/v2\/qtx_campaign?post=4702"}],"curies":[{"name":"wp","href":"https:\/\/api.w.org\/{rel}","templated":true}]}}