{"id":4711,"date":"2019-01-20T11:09:13","date_gmt":"2019-01-20T11:09:13","guid":{"rendered":" https:\/\/www.quartix.com\/?page_id=4711"},"modified":"2023-07-13T14:03:17","modified_gmt":"2023-07-13T13:03:17","slug":"karty-ewidencji-czasu-pracy","status":"publish","type":"page","link":"https:\/\/www.quartix.com\/pl-pl\/lokalizacja-pojazdow\/karty-ewidencji-czasu-pracy\/","title":{"rendered":"Karty ewidencji"},"content":{"rendered":"\n<div class=\"wp-block-columns is-layout-flex wp-container-core-columns-is-layout-28f84493 wp-block-columns-is-layout-flex\">\n<div class=\"wp-block-column is-layout-flow wp-block-column-is-layout-flow\">\n<h2 class=\"wp-block-heading\">Raport Przekrojowy<\/h2>\n\n\n\n<p>Je\u015bli masz du\u017c\u0105 flot\u0119 lub po prostu chcesz przegl\u0105da\u0107 du\u017c\u0105 liczb\u0119 przejazd\u00f3w w&nbsp;jednym raporcie, Quartix oferuje Ci prosty spos\u00f3b na&nbsp;sprawdzenie ca\u0142kowitego przebiegu, godzin jazdy i&nbsp;czasu sp\u0119dzonego na&nbsp;biegu ja\u0142owym w&nbsp;okre\u015blonym czasie. Bez wzgl\u0119du na to, czy chcesz stworzy\u0107 raport floty dla poszczeg\u00f3lnych kierowc\u00f3w, czy pojazdu, w raporcie przekrojowym znajdziesz czas jazdy i&nbsp;czas sp\u0119dzony na&nbsp;biegu ja\u0142owym, a&nbsp;tak\u017ce warto\u015bci ca\u0142kowite dla ca\u0142ego okresu sprawozdawczego.<\/p>\n<\/div>\n\n\n\n<div class=\"wp-block-column is-layout-flow wp-block-column-is-layout-flow\">\n<figure class=\"wp-block-image aligncenter\"><img decoding=\"async\" src=\" https:\/\/www.quartix.com\/content\/uploads\/2019\/02\/trip-reporter.gif\" alt=\"trip reporter PL\"\/><\/figure>\n<\/div>\n<\/div>\n\n\n<section  class=\"qtx-pagebuilder-section qtx-pagebuilder-section-blockquote qtx-pagebuilder-section-blockquote-left_green_border \">\r\n        <div class=\"left_green_border\">\r\n            <blockquote>\r\n                <p>W\u00a0Quartix wiemy, \u017ce\u00a0wielu naszych klient\u00f3w woli otrzymywa\u0107 raporty w\u00a0programie Excel, aby mo\u017cna je by\u0142o \u0142atwo zintegrowa\u0107 z\u00a0istniej\u0105cymi ju\u017c raportami. Dlatego stworzyli\u015bmy ca\u0142\u0105 gam\u0119 powszechnie stosowanych raport\u00f3w, kt\u00f3re codziennie lub raz w\u00a0tygodniu mog\u0105 dociera\u0107 na\u00a0Twoj\u0105 skrzynk\u0119 mailow\u0105.<\/p>\n                            <\/blockquote>\r\n        <\/div>\r\n        <\/section>\r\n\r\n\n\n\n<div class=\"wp-block-columns is-layout-flex wp-container-core-columns-is-layout-28f84493 wp-block-columns-is-layout-flex\">\n<div class=\"wp-block-column is-layout-flow wp-block-column-is-layout-flow\">\n<figure class=\"wp-block-image aligncenter\"><img decoding=\"async\" src=\" https:\/\/www.quartix.com\/content\/uploads\/2019\/02\/dzienny-raport-grupy-daily-group-report-1000x718.png\" alt=\"dzienny raport grupy - daily group report\"\/><\/figure>\n<\/div>\n\n\n\n<div class=\"wp-block-column is-layout-flow wp-block-column-is-layout-flow\">\n<h2 class=\"wp-block-heading\">Karty ewidencji czasu pracy<\/h2>\n\n\n\n<p><b>Raport dzienny grupy pojazd\u00f3w<\/b><\/p>\n\n\n\n<p>Oszcz\u0119d\u017a czas pracownik\u00f3w administracji i&nbsp;sprawd\u017a rzeczywist\u0105 liczb\u0119 godzin nadliczbowych w stosunku do zg\u0142oszonych. Mo\u017cesz por\u00f3wna\u0107 i&nbsp;oszacowa\u0107 oczekiwane zu\u017cycie paliwa w&nbsp;stosunku do rzeczywistych wniosk\u00f3w na&nbsp;zapotrzebowanie paliwa i&nbsp;wyeliminowa\u0107 wnioski nieuprawnione. Skoroszyt kart ewidencji czasu pracy w&nbsp;programie Excel zawiera szczeg\u00f3\u0142owe zak\u0142adki dla ka\u017cdego pojazdu przedstawiaj\u0105ce szczeg\u00f3\u0142owy podzia\u0142 podr\u00f3\u017cy, a&nbsp;tak\u017ce ich ca\u0142kowit\u0105 liczb\u0119 w&nbsp;ci\u0105gu dnia.<\/p>\n\n\n\n<p>Kluczowe&nbsp;dla&nbsp;zarz\u0105dzania informacje&nbsp;obejmuj\u0105:<\/p>\n\n\n\n<ul class=\"wp-block-list\">\n<li>Przebieg i&nbsp;zu\u017cycie paliwa<\/li>\n\n\n\n<li>Maksymalne pr\u0119dko\u015bci<\/li>\n\n\n\n<li>Godziny zmian<\/li>\n\n\n\n<li>Ca\u0142kowity czas jazdy<\/li>\n\n\n\n<li>Czas sp\u0119dzony w&nbsp;ka\u017cdym punkcie<\/li>\n<\/ul>\n<\/div>\n<\/div>\n\n\n\n<h2 class=\"wp-block-heading\"><a data-elementor-open-lightbox=\"default\" href=\" https:\/\/www.quartix.com\/content\/uploads\/2019\/02\/dzienny-raport-grupy-daily-group-report.png\"> <\/a>Tygodniowe podsumowanie kart ewidencji czasu pracy<\/h2>\n\n\n\n<p>Je\u015bli chcesz zna\u0107 tylko podsumowanie dla konkretnego pojazdu, teraz jest to proste \u2014 w&nbsp;jednym e-mailu otrzymasz wszystkie informacje dla&nbsp;tego pojazdu z&nbsp;ca\u0142ego tygodnia. Znajd\u0105 si\u0119 w&nbsp;nim podsumowania zbiorcze dla ca\u0142ego tygodnia i&nbsp;dla poszczeg\u00f3lnych dni tygodnia, w&nbsp;kt\u00f3rych b\u0119d\u0105 przedstawione szczeg\u00f3\u0142owe informacje dotycz\u0105ce przejazd\u00f3w, a&nbsp;tak\u017ce podsumowania dzienne dla tego pojazdu.<\/p>\n","protected":false},"excerpt":{"rendered":"<p>Raport Przekrojowy Je\u015bli masz du\u017c\u0105 flot\u0119 lub po prostu chcesz przegl\u0105da\u0107 du\u017c\u0105 liczb\u0119 przejazd\u00f3w w&nbsp;jednym raporcie, Quartix oferuje Ci prosty spos\u00f3b na&nbsp;sprawdzenie ca\u0142kowitego przebiegu, godzin jazdy i&nbsp;czasu sp\u0119dzonego na&nbsp;biegu ja\u0142owym w&nbsp;okre\u015blonym czasie. Bez wzgl\u0119du na to, czy chcesz stworzy\u0107 raport floty dla poszczeg\u00f3lnych kierowc\u00f3w, czy pojazdu, w raporcie przekrojowym znajdziesz czas jazdy i&nbsp;czas sp\u0119dzony na&nbsp;biegu [&hellip;]<\/p>\n","protected":false},"author":12,"featured_media":28124,"parent":4702,"menu_order":20,"comment_status":"closed","ping_status":"closed","template":"","meta":{"_acf_changed":false,"inline_featured_image":false,"footnotes":""},"topic":[],"qtx_campaign":[],"class_list":["post-4711","page","type-page","status-publish","has-post-thumbnail","hentry"],"acf":[],"yoast_head":"<!-- This site is optimized with the Yoast SEO Premium plugin v27.3 (Yoast SEO v27.3) - https:\/\/yoast.com\/product\/yoast-seo-premium-wordpress\/ -->\n<title>Karty ewidencji czasu pracy kierowc\u00f3w - PL<\/title>\n<meta name=\"description\" content=\"Karty ewidencji czasu pracy. Oszcz\u0119d\u017a czas pracownik\u00f3w administracji - z naszym systemem lokalizacji pojazd\u00f3w \u0142atwo i szybko sprawdzisz rzeczywist\u0105 liczb\u0119 przepracowanych godzin . Mo\u017cesz por\u00f3wna\u0107 i oszacowa\u0107 oczekiwane zu\u017cycie paliwa w stosunku do otrzymanych wniosk\u00f3w i wyeliminowa\u0107 nieuczciwe roszczenia...\" \/>\n<meta name=\"robots\" content=\"index, follow, max-snippet:-1, max-image-preview:large, max-video-preview:-1\" \/>\n<link rel=\"canonical\" href=\"https:\/\/www.quartix.com\/pl-pl\/lokalizacja-pojazdow\/karty-ewidencji-czasu-pracy\/\" \/>\n<meta property=\"og:locale\" content=\"pl_PL\" \/>\n<meta property=\"og:type\" content=\"article\" \/>\n<meta property=\"og:title\" content=\"Karty ewidencji\" \/>\n<meta property=\"og:description\" content=\"Karty ewidencji czasu pracy. Oszcz\u0119d\u017a czas pracownik\u00f3w administracji - z naszym systemem lokalizacji pojazd\u00f3w \u0142atwo i szybko sprawdzisz rzeczywist\u0105 liczb\u0119 przepracowanych godzin . Mo\u017cesz por\u00f3wna\u0107 i oszacowa\u0107 oczekiwane zu\u017cycie paliwa w stosunku do otrzymanych wniosk\u00f3w i wyeliminowa\u0107 nieuczciwe roszczenia...\" \/>\n<meta property=\"og:url\" content=\"https:\/\/www.quartix.com\/pl-pl\/lokalizacja-pojazdow\/karty-ewidencji-czasu-pracy\/\" \/>\n<meta property=\"og:site_name\" content=\"Quartix\" \/>\n<meta property=\"article:publisher\" content=\"https:\/\/www.facebook.com\/Quartix-USA-374426386097401\/\" \/>\n<meta property=\"article:modified_time\" content=\"2023-07-13T13:03:17+00:00\" \/>\n<meta property=\"og:image\" content=\"https:\/\/www.quartix.com\/content\/uploads\/2019\/07\/trip-reporter.png\" \/>\n\t<meta property=\"og:image:width\" content=\"1642\" \/>\n\t<meta property=\"og:image:height\" content=\"967\" \/>\n\t<meta property=\"og:image:type\" content=\"image\/png\" \/>\n<meta name=\"twitter:card\" content=\"summary_large_image\" \/>\n<meta name=\"twitter:site\" content=\"@QuartixUSA\" \/>\n<meta name=\"twitter:label1\" content=\"Est. reading time\" \/>\n\t<meta name=\"twitter:data1\" content=\"2 minutes\" \/>\n<!-- \/ Yoast SEO Premium plugin. -->","yoast_head_json":{"title":"Karty ewidencji czasu pracy kierowc\u00f3w - PL","description":"Karty ewidencji czasu pracy. Oszcz\u0119d\u017a czas pracownik\u00f3w administracji - z naszym systemem lokalizacji pojazd\u00f3w \u0142atwo i szybko sprawdzisz rzeczywist\u0105 liczb\u0119 przepracowanych godzin . Mo\u017cesz por\u00f3wna\u0107 i oszacowa\u0107 oczekiwane zu\u017cycie paliwa w stosunku do otrzymanych wniosk\u00f3w i wyeliminowa\u0107 nieuczciwe roszczenia...","robots":{"index":"index","follow":"follow","max-snippet":"max-snippet:-1","max-image-preview":"max-image-preview:large","max-video-preview":"max-video-preview:-1"},"canonical":"https:\/\/www.quartix.com\/pl-pl\/lokalizacja-pojazdow\/karty-ewidencji-czasu-pracy\/","og_locale":"pl_PL","og_type":"article","og_title":"Karty ewidencji","og_description":"Karty ewidencji czasu pracy. Oszcz\u0119d\u017a czas pracownik\u00f3w administracji - z naszym systemem lokalizacji pojazd\u00f3w \u0142atwo i szybko sprawdzisz rzeczywist\u0105 liczb\u0119 przepracowanych godzin . Mo\u017cesz por\u00f3wna\u0107 i oszacowa\u0107 oczekiwane zu\u017cycie paliwa w stosunku do otrzymanych wniosk\u00f3w i wyeliminowa\u0107 nieuczciwe roszczenia...","og_url":"https:\/\/www.quartix.com\/pl-pl\/lokalizacja-pojazdow\/karty-ewidencji-czasu-pracy\/","og_site_name":"Quartix","article_publisher":"https:\/\/www.facebook.com\/Quartix-USA-374426386097401\/","article_modified_time":"2023-07-13T13:03:17+00:00","og_image":[{"width":1642,"height":967,"url":"https:\/\/www.quartix.com\/content\/uploads\/2019\/07\/trip-reporter.png","type":"image\/png"}],"twitter_card":"summary_large_image","twitter_site":"@QuartixUSA","twitter_misc":{"Est. reading time":"2 minutes"},"schema":{"@context":"https:\/\/schema.org","@graph":[{"@type":"WebPage","@id":"https:\/\/www.quartix.com\/pl-pl\/lokalizacja-pojazdow\/karty-ewidencji-czasu-pracy\/","url":"https:\/\/www.quartix.com\/pl-pl\/lokalizacja-pojazdow\/karty-ewidencji-czasu-pracy\/","name":"Karty ewidencji czasu pracy kierowc\u00f3w","isPartOf":{"@id":"https:\/\/www.quartix.com\/pl-pl\/#website"},"primaryImageOfPage":{"@id":"https:\/\/www.quartix.com\/pl-pl\/lokalizacja-pojazdow\/karty-ewidencji-czasu-pracy\/#primaryimage"},"image":{"@id":"https:\/\/www.quartix.com\/pl-pl\/lokalizacja-pojazdow\/karty-ewidencji-czasu-pracy\/#primaryimage"},"thumbnailUrl":"https:\/\/www.quartix.com\/content\/uploads\/2019\/07\/trip-reporter.png","datePublished":"2019-01-20T11:09:13+00:00","dateModified":"2023-07-13T13:03:17+00:00","description":"Karty ewidencji czasu pracy. Oszcz\u0119d\u017a czas pracownik\u00f3w administracji - z naszym systemem lokalizacji pojazd\u00f3w \u0142atwo i szybko sprawdzisz rzeczywist\u0105 liczb\u0119 przepracowanych godzin . Mo\u017cesz por\u00f3wna\u0107 i oszacowa\u0107 oczekiwane zu\u017cycie paliwa w stosunku do otrzymanych wniosk\u00f3w i wyeliminowa\u0107 nieuczciwe roszczenia...","breadcrumb":{"@id":"https:\/\/www.quartix.com\/pl-pl\/lokalizacja-pojazdow\/karty-ewidencji-czasu-pracy\/#breadcrumb"},"inLanguage":"pl-PL","potentialAction":[{"@type":"ReadAction","target":["https:\/\/www.quartix.com\/pl-pl\/lokalizacja-pojazdow\/karty-ewidencji-czasu-pracy\/"]}]},{"@type":"ImageObject","inLanguage":"pl-PL","@id":"https:\/\/www.quartix.com\/pl-pl\/lokalizacja-pojazdow\/karty-ewidencji-czasu-pracy\/#primaryimage","url":"https:\/\/www.quartix.com\/content\/uploads\/2019\/07\/trip-reporter.png","contentUrl":"https:\/\/www.quartix.com\/content\/uploads\/2019\/07\/trip-reporter.png","width":1642,"height":967},{"@type":"BreadcrumbList","@id":"https:\/\/www.quartix.com\/pl-pl\/lokalizacja-pojazdow\/karty-ewidencji-czasu-pracy\/#breadcrumb","itemListElement":[{"@type":"ListItem","position":1,"name":"Strona G\u0142\u00f3wna","item":"https:\/\/www.quartix.com\/pl-pl\/quartix-real-time-vehicle-tracking-2\/"},{"@type":"ListItem","position":2,"name":"Lokalizacja Pojazd\u00f3w","item":"https:\/\/www.quartix.com\/pl-pl\/lokalizacja-pojazdow\/"},{"@type":"ListItem","position":3,"name":"Karty ewidencji"}]},{"@type":"WebSite","@id":"https:\/\/www.quartix.com\/pl-pl\/#website","url":"https:\/\/www.quartix.com\/pl-pl\/","name":"Quartix","description":"Real-time vehicle tracking","publisher":{"@id":"https:\/\/www.quartix.com\/pl-pl\/#organization"},"potentialAction":[{"@type":"SearchAction","target":{"@type":"EntryPoint","urlTemplate":"https:\/\/www.quartix.com\/pl-pl\/?s={search_term_string}"},"query-input":{"@type":"PropertyValueSpecification","valueRequired":true,"valueName":"search_term_string"}}],"inLanguage":"pl-PL"},{"@type":"Organization","@id":"https:\/\/www.quartix.com\/pl-pl\/#organization","name":"Quartix","url":"https:\/\/www.quartix.com\/pl-pl\/","logo":{"@type":"ImageObject","inLanguage":"pl-PL","@id":"https:\/\/www.quartix.com\/pl-pl\/#\/schema\/logo\/image\/","url":"https:\/\/www.quartix.com\/content\/uploads\/2019\/02\/quartix-logo-eur.svg","contentUrl":"https:\/\/www.quartix.com\/content\/uploads\/2019\/02\/quartix-logo-eur.svg","width":1,"height":1,"caption":"Quartix"},"image":{"@id":"https:\/\/www.quartix.com\/pl-pl\/#\/schema\/logo\/image\/"},"sameAs":["https:\/\/www.facebook.com\/Quartix-USA-374426386097401\/","https:\/\/x.com\/QuartixUSA","https:\/\/www.linkedin.com\/company\/5346733\/","https:\/\/www.youtube.com\/channel\/UCzS-_GMfHF4kWiCheyIRrAQ"]}]}},"_links":{"self":[{"href":"https:\/\/www.quartix.com\/pl-pl\/wp-json\/wp\/v2\/pages\/4711","targetHints":{"allow":["GET"]}}],"collection":[{"href":"https:\/\/www.quartix.com\/pl-pl\/wp-json\/wp\/v2\/pages"}],"about":[{"href":"https:\/\/www.quartix.com\/pl-pl\/wp-json\/wp\/v2\/types\/page"}],"author":[{"embeddable":true,"href":"https:\/\/www.quartix.com\/pl-pl\/wp-json\/wp\/v2\/users\/12"}],"replies":[{"embeddable":true,"href":"https:\/\/www.quartix.com\/pl-pl\/wp-json\/wp\/v2\/comments?post=4711"}],"version-history":[{"count":0,"href":"https:\/\/www.quartix.com\/pl-pl\/wp-json\/wp\/v2\/pages\/4711\/revisions"}],"up":[{"embeddable":true,"href":"https:\/\/www.quartix.com\/pl-pl\/wp-json\/wp\/v2\/pages\/4702"}],"wp:featuredmedia":[{"embeddable":true,"href":"https:\/\/www.quartix.com\/pl-pl\/wp-json\/wp\/v2\/media\/28124"}],"wp:attachment":[{"href":"https:\/\/www.quartix.com\/pl-pl\/wp-json\/wp\/v2\/media?parent=4711"}],"wp:term":[{"taxonomy":"topic","embeddable":true,"href":"https:\/\/www.quartix.com\/pl-pl\/wp-json\/wp\/v2\/topic?post=4711"},{"taxonomy":"qtx_campaign","embeddable":true,"href":"https:\/\/www.quartix.com\/pl-pl\/wp-json\/wp\/v2\/qtx_campaign?post=4711"}],"curies":[{"name":"wp","href":"https:\/\/api.w.org\/{rel}","templated":true}]}}