{"id":4729,"date":"2019-01-20T12:24:25","date_gmt":"2019-01-20T12:24:25","guid":{"rendered":" https:\/\/www.quartix.com\/?page_id=4729"},"modified":"2023-07-13T14:02:49","modified_gmt":"2023-07-13T13:02:49","slug":"styl-jazdy","status":"publish","type":"page","link":"https:\/\/www.quartix.com\/pl-pl\/lokalizacja-pojazdow\/styl-jazdy\/","title":{"rendered":"Styl jazdy"},"content":{"rendered":"\n<div class=\"wp-block-columns is-layout-flex wp-container-core-columns-is-layout-28f84493 wp-block-columns-is-layout-flex\">\n<div class=\"wp-block-column is-layout-flow wp-block-column-is-layout-flow\">\n<h2 class=\"wp-block-heading\">Ranking kierowc\u00f3w<\/h2>\n\n\n\n<p>Por\u00f3wnuj wyniki zachowania kierowc\u00f3w ca\u0142ej swojej floty na&nbsp;drodze.&nbsp; Ka\u017cdy kierowca otrzymuje ocen\u0119 zale\u017cn\u0105 od swego profilu jazdy.&nbsp; Kierowcy podejmuj\u0105cy zbyt du\u017co zachowa\u0144 ryzykownych b\u0119d\u0105 pod\u015bwietleni w&nbsp;rankingu kierowc\u00f3w na&nbsp;czerwono.&nbsp; Najlepsi kierowcy b\u0119d\u0105 pod\u015bwietleni na&nbsp;zielono, a&nbsp;ci pomi\u0119dzy na&nbsp;pomara\u0144czowo.<\/p>\n\n\n\n<p>Takie raporty umo\u017cliwi\u0105 wgl\u0105d w&nbsp;przypadki gwa\u0142townego hamowania i&nbsp;przy\u015bpieszania, a&nbsp;jednym klikni\u0119ciem sprawdzisz na&nbsp;mapie Google dok\u0142adn\u0105 lokalizacj\u0119 takiego incydentu, co&nbsp;pozwoli Ci na&nbsp;dalsze zbadanie sprawy.<\/p>\n<\/div>\n\n\n\n<div class=\"wp-block-column is-layout-flow wp-block-column-is-layout-flow\">\n<figure class=\"wp-block-image aligncenter\"><img decoding=\"async\" src=\" https:\/\/www.quartix.com\/content\/uploads\/2019\/02\/Driving-style-2.gif\" alt=\"Driving style PL\"\/><\/figure>\n<\/div>\n<\/div>\n\n\n<section  class=\"qtx-pagebuilder-section qtx-pagebuilder-section-blockquote qtx-pagebuilder-section-blockquote-left_green_border \">\r\n        <div class=\"left_green_border\">\r\n            <blockquote>\r\n                <p>Monitorowanie i\u00a0poprawa stylu jazdy mo\u017ce przyczyni\u0107 si\u0119 do\u00a0oszcz\u0119dno\u015bci paliwa rz\u0119du 15% oraz zmniejszy\u0107 ryzyko wyst\u0105pienia wypadku lub obra\u017ce\u0144 cia\u0142a. Z\u00a0systemem Quartix szkolenie personelu w zakresie bezpiecznej jazdy jest \u0142atwe.\u00a0 Zestaw naszych raport\u00f3w zawieraj\u0105cych m.\u00a0in. rozk\u0142ad pr\u0119dko\u015bci i\u00a0profile przy\u015bpieszania\/hamowania, dostarczy Ci wszelkich informacji niezb\u0119dnych do\u00a0wp\u0142ywania na bezpieczne zachowanie i oszcz\u0119dn\u0105 jazd\u0119 oraz zach\u0119canie do tego kierowc\u00f3w.<\/p>\n                            <\/blockquote>\r\n        <\/div>\r\n        <\/section>\r\n\r\n\n\n\n<div class=\"wp-block-columns is-layout-flex wp-container-core-columns-is-layout-28f84493 wp-block-columns-is-layout-flex\">\n<div class=\"wp-block-column is-layout-flow wp-block-column-is-layout-flow\">\n<figure class=\"wp-block-image aligncenter\"><img decoding=\"async\" src=\" https:\/\/www.quartix.com\/content\/uploads\/2019\/02\/codzienna-odprawa-kierowcy-daily-driver-briefing-1000x745.jpg\" alt=\"codzienna odprawa kierowcy - daily driver briefing\"\/><\/figure>\n<\/div>\n\n\n\n<div class=\"wp-block-column is-layout-flow wp-block-column-is-layout-flow\">\n<h2 class=\"wp-block-heading\">Codzienne odprawy dla kierowc\u00f3w<\/h2>\n\n\n\n<p>Pracuj ze&nbsp;swoimi kierowcami w&nbsp;celu poprawy stylu jazdy i&nbsp;wykorzystuj zebrane informacje przedstawiaj\u0105ce odcinki, na&nbsp;kt\u00f3rych \u201estracili\u201d punkty, aby mogli sprawdzi\u0107 rzeczywiste dane i&nbsp;uczy\u0107 si\u0119 na&nbsp;podstawie zdobytych do\u015bwiadcze\u0144.<\/p>\n\n\n\n<p>Raport z&nbsp;odprawy dla kierowcy zawiera dzienne pr\u0119dko\u015bci wraz z&nbsp;profilami przy\u015bpieszania i&nbsp;hamowania. Aby dok\u0142adnie przyjrze\u0107 si\u0119 miejscom, w&nbsp;kt\u00f3rych wyst\u0105pi\u0142y incydenty gwa\u0142townego przy\u015bpieszania lub hamowania i&nbsp;przej\u015b\u0107 do&nbsp;Google Street View, wystarczy klikn\u0105\u0107 na&nbsp;s\u0142upki wykres\u00f3w.<\/p>\n\n\n\n<ul class=\"wp-block-list\">\n<li>Monitoruj profile pr\u0119dko\u015bci, przy\u015bpieszania i&nbsp;hamowania<\/li>\n\n\n\n<li>Por\u00f3wnuj wyniki zachowania kierowc\u00f3w na&nbsp;drodze w&nbsp;grupie pojazd\u00f3w lub w&nbsp;ca\u0142ej flocie<\/li>\n\n\n\n<li>Oszcz\u0119dzaj na&nbsp;paliwie i&nbsp;zmniejsz ryzyko wyst\u0105pienia wypadk\u00f3w<\/li>\n<\/ul>\n<\/div>\n<\/div>\n\n\n\n<div class=\"wp-block-columns is-layout-flex wp-container-core-columns-is-layout-28f84493 wp-block-columns-is-layout-flex\">\n<div class=\"wp-block-column is-layout-flow wp-block-column-is-layout-flow\">\n<h2 class=\"wp-block-heading\">Trendy w&nbsp;stylu jazdy<\/h2>\n\n\n\n<p>Szybko zidentyfikuj wszelkie obawy zwi\u0105zane ze&nbsp;stylem jazdy, kt\u00f3re mog\u0105 wymaga\u0107 natychmiastowej reakcji. Pracuj\u0105c z&nbsp;kierowcami, mo\u017cesz okre\u015bli\u0107, czy ich style jazdy zmieniaj\u0105 si\u0119 z&nbsp;up\u0142ywem czasu \u2013 wynik\u00f3w pracy mo\u017cesz spodziewa\u0107 si\u0119 po&nbsp;up\u0142ywie miesi\u0105ca \u2013 i&nbsp;wykorzystuj to&nbsp;w&nbsp;ocenach pracownika lub systemach premiowania, aby zach\u0119ci\u0107 ich do&nbsp;lepszej jazdy.<\/p>\n<\/div>\n\n\n\n<div class=\"wp-block-column is-layout-flow wp-block-column-is-layout-flow\">\n<figure class=\"wp-block-image aligncenter\"><img decoding=\"async\" src=\" https:\/\/www.quartix.com\/content\/uploads\/2019\/02\/trend-report-1000x644.jpg\" alt=\"\"\/><\/figure>\n<\/div>\n<\/div>\n\n\n\n<div class=\"wp-block-columns is-layout-flex wp-container-core-columns-is-layout-28f84493 wp-block-columns-is-layout-flex\">\n<div class=\"wp-block-column is-layout-flow wp-block-column-is-layout-flow\">\n<figure class=\"wp-block-image aligncenter\"><img decoding=\"async\" src=\" https:\/\/www.quartix.com\/content\/uploads\/2019\/02\/pl-app-2-563x1000.gif\" alt=\"\"\/><\/figure>\n<\/div>\n\n\n\n<div class=\"wp-block-column is-layout-flow wp-block-column-is-layout-flow\">\n<h2 class=\"wp-block-heading\">Aplikacja mobilna dla kierowc\u00f3w<\/h2>\n\n\n\n<p>Udziel kierowcom dost\u0119pu do&nbsp;raport\u00f3w dotycz\u0105cych ich w\u0142asnego stylu jazdy przez aplikacj\u0119 mobiln\u0105, bez wgl\u0105du do informacji o&nbsp;innych kierowcach. Zach\u0119ci to&nbsp;ich do&nbsp;sprawdzania pod koniec dnia swoich wynik\u00f3w i&nbsp;stylu jazdy.<\/p>\n\n\n\n<p>Kierowca mo\u017ce zobaczy\u0107 pr\u0119dko\u015b\u0107, z&nbsp;jak\u0105 jecha\u0142 w&nbsp;r\u00f3\u017cnych momentach dnia, a&nbsp;tak\u017ce wska\u017anik przy\u015bpieszania i&nbsp;hamowania dla tego samego okresu.<\/p>\n\n\n\n<p>Wyra\u017anie widoczny jest tak\u017ce dzienny wynik kierowcy, dzi\u0119ki czemu pod koniec ka\u017cdego dnia kierowca mo\u017ce sprawdzi\u0107 sw\u00f3j styl jazdy lub przejrze\u0107 wyniki z&nbsp;poprzednich dni, aby sprawdzi\u0107 w&nbsp;jakim stopniu go poprawi\u0142.<\/p>\n\n\n\n<p>Aplikacj\u0119 mo\u017cna pobra\u0107 bezp\u0142atnie i&nbsp;nie ma limitu liczby os\u00f3b pobieraj\u0105cych aplikacj\u0119 na&nbsp;jedno konto.<\/p>\n<\/div>\n<\/div>\n","protected":false},"excerpt":{"rendered":"<p>Ranking kierowc\u00f3w Por\u00f3wnuj wyniki zachowania kierowc\u00f3w ca\u0142ej swojej floty na&nbsp;drodze.&nbsp; Ka\u017cdy kierowca otrzymuje ocen\u0119 zale\u017cn\u0105 od swego profilu jazdy.&nbsp; Kierowcy podejmuj\u0105cy zbyt du\u017co zachowa\u0144 ryzykownych b\u0119d\u0105 pod\u015bwietleni w&nbsp;rankingu kierowc\u00f3w na&nbsp;czerwono.&nbsp; Najlepsi kierowcy b\u0119d\u0105 pod\u015bwietleni na&nbsp;zielono, a&nbsp;ci pomi\u0119dzy na&nbsp;pomara\u0144czowo. Takie raporty umo\u017cliwi\u0105 wgl\u0105d w&nbsp;przypadki gwa\u0142townego hamowania i&nbsp;przy\u015bpieszania, a&nbsp;jednym klikni\u0119ciem sprawdzisz na&nbsp;mapie Google dok\u0142adn\u0105 lokalizacj\u0119 takiego incydentu, [&hellip;]<\/p>\n","protected":false},"author":12,"featured_media":22022,"parent":4702,"menu_order":30,"comment_status":"closed","ping_status":"closed","template":"","meta":{"_acf_changed":false,"inline_featured_image":false,"footnotes":""},"topic":[],"qtx_campaign":[],"class_list":["post-4729","page","type-page","status-publish","has-post-thumbnail","hentry"],"acf":[],"yoast_head":"<!-- This site is optimized with the Yoast SEO Premium plugin v27.3 (Yoast SEO v27.3) - https:\/\/yoast.com\/product\/yoast-seo-premium-wordpress\/ -->\n<title>Styl jazdy - monitorowanie i poprawa bezpiecze\u0144stwa jazdy - PL<\/title>\n<meta name=\"description\" content=\"Styl jazdy. Monitorowanie i poprawa stylu jazdy mo\u017ce przyczyni\u0107 si\u0119 do oszcz\u0119dno\u015bci paliwa rz\u0119du 15% oraz zmniejszy\u0107 ryzyko wyst\u0105pienia wypadku lub obra\u017ce\u0144 cia\u0142a. Z systemem Quartix szkolenie personelu w zakresie bezpiecznej jazdy stanie si\u0119 \u0142atwe...\" \/>\n<meta name=\"robots\" content=\"index, follow, max-snippet:-1, max-image-preview:large, max-video-preview:-1\" \/>\n<link rel=\"canonical\" href=\"https:\/\/www.quartix.com\/pl-pl\/lokalizacja-pojazdow\/styl-jazdy\/\" \/>\n<meta property=\"og:locale\" content=\"pl_PL\" \/>\n<meta property=\"og:type\" content=\"article\" \/>\n<meta property=\"og:title\" content=\"Styl jazdy\" \/>\n<meta property=\"og:description\" content=\"Styl jazdy. Monitorowanie i poprawa stylu jazdy mo\u017ce przyczyni\u0107 si\u0119 do oszcz\u0119dno\u015bci paliwa rz\u0119du 15% oraz zmniejszy\u0107 ryzyko wyst\u0105pienia wypadku lub obra\u017ce\u0144 cia\u0142a. Z systemem Quartix szkolenie personelu w zakresie bezpiecznej jazdy stanie si\u0119 \u0142atwe...\" \/>\n<meta property=\"og:url\" content=\"https:\/\/www.quartix.com\/pl-pl\/lokalizacja-pojazdow\/styl-jazdy\/\" \/>\n<meta property=\"og:site_name\" content=\"Quartix\" \/>\n<meta property=\"article:publisher\" content=\"https:\/\/www.facebook.com\/Quartix-USA-374426386097401\/\" \/>\n<meta property=\"article:modified_time\" content=\"2023-07-13T13:02:49+00:00\" \/>\n<meta property=\"og:image\" content=\"https:\/\/www.quartix.com\/content\/uploads\/2019\/05\/us-driving-style-league-table.png\" \/>\n\t<meta property=\"og:image:width\" content=\"1182\" \/>\n\t<meta property=\"og:image:height\" content=\"686\" \/>\n\t<meta property=\"og:image:type\" content=\"image\/png\" \/>\n<meta name=\"twitter:card\" content=\"summary_large_image\" \/>\n<meta name=\"twitter:site\" content=\"@QuartixUSA\" \/>\n<meta name=\"twitter:label1\" content=\"Est. reading time\" \/>\n\t<meta name=\"twitter:data1\" content=\"3 minutes\" \/>\n<!-- \/ Yoast SEO Premium plugin. -->","yoast_head_json":{"title":"Styl jazdy - monitorowanie i poprawa bezpiecze\u0144stwa jazdy - PL","description":"Styl jazdy. Monitorowanie i poprawa stylu jazdy mo\u017ce przyczyni\u0107 si\u0119 do oszcz\u0119dno\u015bci paliwa rz\u0119du 15% oraz zmniejszy\u0107 ryzyko wyst\u0105pienia wypadku lub obra\u017ce\u0144 cia\u0142a. Z systemem Quartix szkolenie personelu w zakresie bezpiecznej jazdy stanie si\u0119 \u0142atwe...","robots":{"index":"index","follow":"follow","max-snippet":"max-snippet:-1","max-image-preview":"max-image-preview:large","max-video-preview":"max-video-preview:-1"},"canonical":"https:\/\/www.quartix.com\/pl-pl\/lokalizacja-pojazdow\/styl-jazdy\/","og_locale":"pl_PL","og_type":"article","og_title":"Styl jazdy","og_description":"Styl jazdy. Monitorowanie i poprawa stylu jazdy mo\u017ce przyczyni\u0107 si\u0119 do oszcz\u0119dno\u015bci paliwa rz\u0119du 15% oraz zmniejszy\u0107 ryzyko wyst\u0105pienia wypadku lub obra\u017ce\u0144 cia\u0142a. Z systemem Quartix szkolenie personelu w zakresie bezpiecznej jazdy stanie si\u0119 \u0142atwe...","og_url":"https:\/\/www.quartix.com\/pl-pl\/lokalizacja-pojazdow\/styl-jazdy\/","og_site_name":"Quartix","article_publisher":"https:\/\/www.facebook.com\/Quartix-USA-374426386097401\/","article_modified_time":"2023-07-13T13:02:49+00:00","og_image":[{"width":1182,"height":686,"url":"https:\/\/www.quartix.com\/content\/uploads\/2019\/05\/us-driving-style-league-table.png","type":"image\/png"}],"twitter_card":"summary_large_image","twitter_site":"@QuartixUSA","twitter_misc":{"Est. reading time":"3 minutes"},"schema":{"@context":"https:\/\/schema.org","@graph":[{"@type":"WebPage","@id":"https:\/\/www.quartix.com\/pl-pl\/lokalizacja-pojazdow\/styl-jazdy\/","url":"https:\/\/www.quartix.com\/pl-pl\/lokalizacja-pojazdow\/styl-jazdy\/","name":"Styl jazdy - monitorowanie i poprawa bezpiecze\u0144stwa jazdy","isPartOf":{"@id":"https:\/\/www.quartix.com\/pl-pl\/#website"},"primaryImageOfPage":{"@id":"https:\/\/www.quartix.com\/pl-pl\/lokalizacja-pojazdow\/styl-jazdy\/#primaryimage"},"image":{"@id":"https:\/\/www.quartix.com\/pl-pl\/lokalizacja-pojazdow\/styl-jazdy\/#primaryimage"},"thumbnailUrl":"https:\/\/www.quartix.com\/content\/uploads\/2019\/05\/us-driving-style-league-table.png","datePublished":"2019-01-20T12:24:25+00:00","dateModified":"2023-07-13T13:02:49+00:00","description":"Styl jazdy. Monitorowanie i poprawa stylu jazdy mo\u017ce przyczyni\u0107 si\u0119 do oszcz\u0119dno\u015bci paliwa rz\u0119du 15% oraz zmniejszy\u0107 ryzyko wyst\u0105pienia wypadku lub obra\u017ce\u0144 cia\u0142a. Z systemem Quartix szkolenie personelu w zakresie bezpiecznej jazdy stanie si\u0119 \u0142atwe...","breadcrumb":{"@id":"https:\/\/www.quartix.com\/pl-pl\/lokalizacja-pojazdow\/styl-jazdy\/#breadcrumb"},"inLanguage":"pl-PL","potentialAction":[{"@type":"ReadAction","target":["https:\/\/www.quartix.com\/pl-pl\/lokalizacja-pojazdow\/styl-jazdy\/"]}]},{"@type":"ImageObject","inLanguage":"pl-PL","@id":"https:\/\/www.quartix.com\/pl-pl\/lokalizacja-pojazdow\/styl-jazdy\/#primaryimage","url":"https:\/\/www.quartix.com\/content\/uploads\/2019\/05\/us-driving-style-league-table.png","contentUrl":"https:\/\/www.quartix.com\/content\/uploads\/2019\/05\/us-driving-style-league-table.png","width":1182,"height":686},{"@type":"BreadcrumbList","@id":"https:\/\/www.quartix.com\/pl-pl\/lokalizacja-pojazdow\/styl-jazdy\/#breadcrumb","itemListElement":[{"@type":"ListItem","position":1,"name":"Strona G\u0142\u00f3wna","item":"https:\/\/www.quartix.com\/pl-pl\/quartix-real-time-vehicle-tracking-2\/"},{"@type":"ListItem","position":2,"name":"Lokalizacja Pojazd\u00f3w","item":"https:\/\/www.quartix.com\/pl-pl\/lokalizacja-pojazdow\/"},{"@type":"ListItem","position":3,"name":"Styl jazdy"}]},{"@type":"WebSite","@id":"https:\/\/www.quartix.com\/pl-pl\/#website","url":"https:\/\/www.quartix.com\/pl-pl\/","name":"Quartix","description":"Real-time vehicle tracking","publisher":{"@id":"https:\/\/www.quartix.com\/pl-pl\/#organization"},"potentialAction":[{"@type":"SearchAction","target":{"@type":"EntryPoint","urlTemplate":"https:\/\/www.quartix.com\/pl-pl\/?s={search_term_string}"},"query-input":{"@type":"PropertyValueSpecification","valueRequired":true,"valueName":"search_term_string"}}],"inLanguage":"pl-PL"},{"@type":"Organization","@id":"https:\/\/www.quartix.com\/pl-pl\/#organization","name":"Quartix","url":"https:\/\/www.quartix.com\/pl-pl\/","logo":{"@type":"ImageObject","inLanguage":"pl-PL","@id":"https:\/\/www.quartix.com\/pl-pl\/#\/schema\/logo\/image\/","url":"https:\/\/www.quartix.com\/content\/uploads\/2019\/02\/quartix-logo-eur.svg","contentUrl":"https:\/\/www.quartix.com\/content\/uploads\/2019\/02\/quartix-logo-eur.svg","width":1,"height":1,"caption":"Quartix"},"image":{"@id":"https:\/\/www.quartix.com\/pl-pl\/#\/schema\/logo\/image\/"},"sameAs":["https:\/\/www.facebook.com\/Quartix-USA-374426386097401\/","https:\/\/x.com\/QuartixUSA","https:\/\/www.linkedin.com\/company\/5346733\/","https:\/\/www.youtube.com\/channel\/UCzS-_GMfHF4kWiCheyIRrAQ"]}]}},"_links":{"self":[{"href":"https:\/\/www.quartix.com\/pl-pl\/wp-json\/wp\/v2\/pages\/4729","targetHints":{"allow":["GET"]}}],"collection":[{"href":"https:\/\/www.quartix.com\/pl-pl\/wp-json\/wp\/v2\/pages"}],"about":[{"href":"https:\/\/www.quartix.com\/pl-pl\/wp-json\/wp\/v2\/types\/page"}],"author":[{"embeddable":true,"href":"https:\/\/www.quartix.com\/pl-pl\/wp-json\/wp\/v2\/users\/12"}],"replies":[{"embeddable":true,"href":"https:\/\/www.quartix.com\/pl-pl\/wp-json\/wp\/v2\/comments?post=4729"}],"version-history":[{"count":0,"href":"https:\/\/www.quartix.com\/pl-pl\/wp-json\/wp\/v2\/pages\/4729\/revisions"}],"up":[{"embeddable":true,"href":"https:\/\/www.quartix.com\/pl-pl\/wp-json\/wp\/v2\/pages\/4702"}],"wp:featuredmedia":[{"embeddable":true,"href":"https:\/\/www.quartix.com\/pl-pl\/wp-json\/wp\/v2\/media\/22022"}],"wp:attachment":[{"href":"https:\/\/www.quartix.com\/pl-pl\/wp-json\/wp\/v2\/media?parent=4729"}],"wp:term":[{"taxonomy":"topic","embeddable":true,"href":"https:\/\/www.quartix.com\/pl-pl\/wp-json\/wp\/v2\/topic?post=4729"},{"taxonomy":"qtx_campaign","embeddable":true,"href":"https:\/\/www.quartix.com\/pl-pl\/wp-json\/wp\/v2\/qtx_campaign?post=4729"}],"curies":[{"name":"wp","href":"https:\/\/api.w.org\/{rel}","templated":true}]}}