{"id":4752,"date":"2019-01-20T16:36:52","date_gmt":"2019-01-20T16:36:52","guid":{"rendered":" https:\/\/www.quartix.com\/?page_id=4752"},"modified":"2023-07-13T14:02:35","modified_gmt":"2023-07-13T13:02:35","slug":"zarzadzanie-flota","status":"publish","type":"page","link":"https:\/\/www.quartix.com\/pl-pl\/lokalizacja-pojazdow\/zarzadzanie-flota\/","title":{"rendered":"Zarz\u0105dzanie flot\u0105"},"content":{"rendered":"\n<div class=\"wp-block-columns is-layout-flex wp-container-core-columns-is-layout-28f84493 wp-block-columns-is-layout-flex\">\n<div class=\"wp-block-column is-layout-flow wp-block-column-is-layout-flow\">\n<h2 class=\"wp-block-heading\">Panel Kontrolny<\/h2>\n\n\n\n<p>Quartix wykonuje ca\u0142\u0105 ci\u0119\u017ck\u0105 prac\u0119 zwi\u0105zan\u0105 z&nbsp;analiz\u0105 i&nbsp;generowaniem \u0142atwych w u\u017cyciu raport\u00f3w. Wszystko jest dost\u0119pne przez internet. System lokalizacji pojazd\u00f3w Quartix zapewnia szeroki wyb\u00f3r raport\u00f3w oraz paneli kontrolnych zwi\u0105zanych z&nbsp;lokalizacj\u0105 pojazd\u00f3w, kt\u00f3re usprawniaj\u0105 obs\u0142ug\u0119 i&nbsp;wykorzystanie pojazd\u00f3w.<\/p>\n\n\n\n<p>Wybierz ulubiony widok aktywno\u015bci swojej floty w&nbsp;czasie rzeczywistym. &nbsp;Ka\u017cdy element raportu mo\u017ce by\u0107 dopasowany do&nbsp;konkretnych potrzeb. Dla niekt\u00f3rych sk\u0142adowych mo\u017cna ustali\u0107 docelowe wykorzystanie z&nbsp;dost\u0119pn\u0105 opcj\u0105 wy\u015bwietlania powiadomienia, je\u015bli do&nbsp;okre\u015blonego czasu ten pu\u0142ap nie zostanie osi\u0105gni\u0119ty.<\/p>\n<\/div>\n\n\n\n<div class=\"wp-block-column is-layout-flow wp-block-column-is-layout-flow\">\n<figure class=\"wp-block-image aligncenter\"><img decoding=\"async\" src=\" https:\/\/www.quartix.com\/content\/uploads\/2019\/02\/Dashboards.gif\" alt=\"Polish Dashboards gif\"\/><\/figure>\n<\/div>\n<\/div>\n\n\n<section  class=\"qtx-pagebuilder-section qtx-pagebuilder-section-blockquote qtx-pagebuilder-section-blockquote-left_green_border \">\r\n        <div class=\"left_green_border\">\r\n            <blockquote>\r\n                <p>Quartix dostarcza wielu narz\u0119dzi do zarz\u0105dzania, dzi\u0119ki kt\u00f3rym zoptymalizujesz wykorzystanie swojej floty i\u00a0poprawisz planowanie przysz\u0142ych zlece\u0144.<\/p>\n                            <\/blockquote>\r\n        <\/div>\r\n        <\/section>\r\n\r\n\n\n\n<div class=\"wp-block-columns is-layout-flex wp-container-core-columns-is-layout-28f84493 wp-block-columns-is-layout-flex\">\n<div class=\"wp-block-column is-layout-flow wp-block-column-is-layout-flow\">\n<figure class=\"wp-block-image aligncenter\"><img decoding=\"async\" src=\" https:\/\/www.quartix.com\/content\/uploads\/2019\/02\/time-on-site-czas-w-punkcie.jpg\" alt=\"time on site - czas w punkcie\"\/><\/figure>\n<\/div>\n\n\n\n<div class=\"wp-block-column is-layout-flow wp-block-column-is-layout-flow\">\n<h2 class=\"wp-block-heading\">Sprawd\u017a &#8220;czas sp\u0119dzony w&nbsp;punkcie&#8221;<\/h2>\n\n\n\n<p>\u0141atwo mo\u017cesz sprawdzi\u0107, ile czasu Twoi pracownicy sp\u0119dzili w&nbsp;danym punkcie, dzi\u0119ki czemu jeste\u015b w&nbsp;stanie lepiej przeanalizowa\u0107 koszt ka\u017cdego zlecenia.<\/p>\n\n\n\n<p>Raporty Quartix \u201eczas sp\u0119dzony w&nbsp;punkcie\u201d pozwalaj\u0105 na wyb\u00f3r lokalizacji i&nbsp;stworzenie raportu b\u0119d\u0105cego kompilacj\u0105 czasu sp\u0119dzonego przez ka\u017cdy pojazd, kt\u00f3ry odwiedzi\u0142 t\u0119 lokalizacj\u0119 w&nbsp;wybranym okresie.<\/p>\n<\/div>\n<\/div>\n\n\n\n<div class=\"wp-block-columns is-layout-flex wp-container-core-columns-is-layout-28f84493 wp-block-columns-is-layout-flex\">\n<div class=\"wp-block-column is-layout-flow wp-block-column-is-layout-flow\">\n<h2 class=\"wp-block-heading\">Zarz\u0105dzanie pojazdem<\/h2>\n\n\n\n<p>Ju\u017c nigdy nie zapomnisz o&nbsp;wa\u017cnych terminach zwi\u0105zanych z&nbsp;serwisowaniem pojazd\u00f3w, przegl\u0105dami i&nbsp;odnowieniem ubezpieczenia. System lokalizacji pojazd\u00f3w Quartix umo\u017cliwia zapisywanie wszystkich wa\u017cnych osi\u0105gni\u0119tych poziom\u00f3w warto\u015bci i&nbsp;przypomnie\u0144.<\/p>\n\n\n\n<p>Wystarczy wpisa\u0107 odczyt licznika kilometr\u00f3w i najwa\u017cniejsze poziomy dla wszystkich pojazd\u00f3w.<\/p>\n\n\n\n<p>Nast\u0119pnie system lokalizacji pojazd\u00f3w Quartix zliczy przebieg, zaczynaj\u0105c od tego dnia i zaznaczy kiedy dany pojazd wymaga serwisowania. Informacje dla ca\u0142ej floty znajdziesz w raporcie dost\u0119pnym online, dzi\u0119ki czemu \u0142atwo sprawdzisz, kt\u00f3re pojazdy wymagaj\u0105 serwisu lub przegl\u0105du.<\/p>\n<\/div>\n\n\n\n<div class=\"wp-block-column is-layout-flow wp-block-column-is-layout-flow\">\n<figure class=\"wp-block-image aligncenter\"><img decoding=\"async\" src=\" https:\/\/www.quartix.com\/content\/uploads\/2019\/02\/daty-przegladow-i-serwisowania-service-date-report-1000x660.png\" alt=\"daty przegladow i serwisowania - service date report\"\/><\/figure>\n<\/div>\n<\/div>\n\n\n\n<div class=\"wp-block-columns is-layout-flex wp-container-core-columns-is-layout-28f84493 wp-block-columns-is-layout-flex\">\n<div class=\"wp-block-column is-layout-flow wp-block-column-is-layout-flow\">\n<figure class=\"wp-block-image aligncenter\"><img decoding=\"async\" src=\" https:\/\/www.quartix.com\/content\/uploads\/2019\/02\/vehicle-utilization-wykorzystanie-pojazdu-1000x481.jpg\" alt=\"vehicle utilization - wykorzystanie pojazdu\"\/><\/figure>\n<\/div>\n\n\n\n<div class=\"wp-block-column is-layout-flow wp-block-column-is-layout-flow\">\n<h2 class=\"wp-block-heading\">Analiza wykorzystania pojazd\u00f3w<\/h2>\n\n\n\n<p>By\u0107 mo\u017ce Twoja firma ma polityk\u0119 wymiany starych pojazd\u00f3w na&nbsp;nowe albo my\u015blisz o&nbsp;powi\u0119kszeniu swojej floty. Raport wykorzystania pojazd\u00f3w Quartix to pot\u0119\u017cne narz\u0119dzie generuj\u0105ce precyzyjne analizy i&nbsp;prognozy dotycz\u0105ce wykorzystania floty. Potrafi wy\u0142apa\u0107 pojazdy, kt\u00f3re nie s\u0105 w dostatecznym stopniu lub w og\u00f3le nie s\u0105 wykorzystane co pomo\u017ce zoptymalizowa\u0107 prac\u0119 aby przesun\u0105\u0107 w czasie zakup dodatkowych pojazd\u00f3w. Raport przedstawia:<\/p>\n\n\n\n<ul class=\"wp-block-list\">\n<li>Kilometry przejechane w&nbsp;danym okresie<\/li>\n\n\n\n<li>Czas podr\u00f3\u017cy<\/li>\n\n\n\n<li>Czas sp\u0119dzony na&nbsp;biegu ja\u0142owym<\/li>\n\n\n\n<li>Bieg ja\u0142owy %<\/li>\n\n\n\n<li>Maks. pr\u0119dko\u015b\u0107<\/li>\n<\/ul>\n<\/div>\n<\/div>\n\n\n\n<div class=\"wp-block-columns is-layout-flex wp-container-core-columns-is-layout-28f84493 wp-block-columns-is-layout-flex\">\n<div class=\"wp-block-column is-layout-flow wp-block-column-is-layout-flow\">\n<h2 class=\"wp-block-heading\">Miesi\u0119czny raport przebiegu<\/h2>\n\n\n\n<p>Je\u015bli chcesz stworzy\u0107 miesi\u0119czny raport ca\u0142kowitego przebiegu dla ca\u0142ej floty lub dla grupy pojazd\u00f3w, dane mog\u0105 by\u0107 co&nbsp;tydzie\u0144 eksportowane do Excela lub przesy\u0142ane w&nbsp;wiadomo\u015bci e-mail. Raporty mog\u0105 zawiera\u0107 lub filtrowa\u0107 przebieg w&nbsp;celach prywatnych na&nbsp;dzie\u0144, tydzie\u0144 lub miesi\u0105c w&nbsp;zale\u017cno\u015bci od tego, czy chcesz uzyska\u0107 raport do&nbsp;cel\u00f3w podatkowych czy sprawdzi\u0107 og\u00f3lne wykorzystanie pojazd\u00f3w.<\/p>\n<\/div>\n\n\n\n<div class=\"wp-block-column is-layout-flow wp-block-column-is-layout-flow\">\n<figure class=\"wp-block-image aligncenter\"><img decoding=\"async\" src=\" https:\/\/www.quartix.com\/content\/uploads\/2019\/02\/trip-reporter-1000x480.jpg\" alt=\"\"\/><\/figure>\n<\/div>\n<\/div>\n\n\n\n<p><a href=\" https:\/\/www.quartix.com\/content\/uploads\/2019\/02\/trip-reporter.jpg\" data-elementor-open-lightbox=\"default\"><br> <\/a><\/p>\n","protected":false},"excerpt":{"rendered":"<p>Panel Kontrolny Quartix wykonuje ca\u0142\u0105 ci\u0119\u017ck\u0105 prac\u0119 zwi\u0105zan\u0105 z&nbsp;analiz\u0105 i&nbsp;generowaniem \u0142atwych w u\u017cyciu raport\u00f3w. Wszystko jest dost\u0119pne przez internet. System lokalizacji pojazd\u00f3w Quartix zapewnia szeroki wyb\u00f3r raport\u00f3w oraz paneli kontrolnych zwi\u0105zanych z&nbsp;lokalizacj\u0105 pojazd\u00f3w, kt\u00f3re usprawniaj\u0105 obs\u0142ug\u0119 i&nbsp;wykorzystanie pojazd\u00f3w. Wybierz ulubiony widok aktywno\u015bci swojej floty w&nbsp;czasie rzeczywistym. &nbsp;Ka\u017cdy element raportu mo\u017ce by\u0107 dopasowany do&nbsp;konkretnych potrzeb. Dla [&hellip;]<\/p>\n","protected":false},"author":12,"featured_media":0,"parent":4702,"menu_order":40,"comment_status":"closed","ping_status":"closed","template":"","meta":{"_acf_changed":false,"inline_featured_image":false,"footnotes":""},"topic":[],"qtx_campaign":[],"class_list":["post-4752","page","type-page","status-publish","hentry"],"acf":[],"yoast_head":"<!-- This site is optimized with the Yoast SEO Premium plugin v27.3 (Yoast SEO v27.3) - https:\/\/yoast.com\/product\/yoast-seo-premium-wordpress\/ -->\n<title>Zarz\u0105dzanie Flot\u0105 - PL<\/title>\n<meta name=\"description\" content=\"Quartix u\u0142atwia zarz\u0105dzanie flot\u0105. System wykona ca\u0142\u0105 ci\u0119\u017ck\u0105 prac\u0119 zwi\u0105zan\u0105 z analiz\u0105 danych i wygeneruje \u0142atwe w u\u017cyciu raporty. Sprawd\u017a w jaki spos\u00f3b wdro\u017cenie systemu lokalizacji pojazd\u00f3w GPS w Twojej firmie usprawni obs\u0142ug\u0119 i wykorzystanie pojazd\u00f3w...\" \/>\n<meta name=\"robots\" content=\"index, follow, max-snippet:-1, max-image-preview:large, max-video-preview:-1\" \/>\n<link rel=\"canonical\" href=\"https:\/\/www.quartix.com\/pl-pl\/lokalizacja-pojazdow\/zarzadzanie-flota\/\" \/>\n<meta property=\"og:locale\" content=\"pl_PL\" \/>\n<meta property=\"og:type\" content=\"article\" \/>\n<meta property=\"og:title\" content=\"Zarz\u0105dzanie flot\u0105\" \/>\n<meta property=\"og:description\" content=\"Quartix u\u0142atwia zarz\u0105dzanie flot\u0105. System wykona ca\u0142\u0105 ci\u0119\u017ck\u0105 prac\u0119 zwi\u0105zan\u0105 z analiz\u0105 danych i wygeneruje \u0142atwe w u\u017cyciu raporty. Sprawd\u017a w jaki spos\u00f3b wdro\u017cenie systemu lokalizacji pojazd\u00f3w GPS w Twojej firmie usprawni obs\u0142ug\u0119 i wykorzystanie pojazd\u00f3w...\" \/>\n<meta property=\"og:url\" content=\"https:\/\/www.quartix.com\/pl-pl\/lokalizacja-pojazdow\/zarzadzanie-flota\/\" \/>\n<meta property=\"og:site_name\" content=\"Quartix\" \/>\n<meta property=\"article:publisher\" content=\"https:\/\/www.facebook.com\/Quartix-USA-374426386097401\/\" \/>\n<meta property=\"article:modified_time\" content=\"2023-07-13T13:02:35+00:00\" \/>\n<meta name=\"twitter:card\" content=\"summary_large_image\" \/>\n<meta name=\"twitter:site\" content=\"@QuartixUSA\" \/>\n<meta name=\"twitter:label1\" content=\"Est. reading time\" \/>\n\t<meta name=\"twitter:data1\" content=\"3 minutes\" \/>\n<!-- \/ Yoast SEO Premium plugin. -->","yoast_head_json":{"title":"Zarz\u0105dzanie Flot\u0105 - PL","description":"Quartix u\u0142atwia zarz\u0105dzanie flot\u0105. System wykona ca\u0142\u0105 ci\u0119\u017ck\u0105 prac\u0119 zwi\u0105zan\u0105 z analiz\u0105 danych i wygeneruje \u0142atwe w u\u017cyciu raporty. Sprawd\u017a w jaki spos\u00f3b wdro\u017cenie systemu lokalizacji pojazd\u00f3w GPS w Twojej firmie usprawni obs\u0142ug\u0119 i wykorzystanie pojazd\u00f3w...","robots":{"index":"index","follow":"follow","max-snippet":"max-snippet:-1","max-image-preview":"max-image-preview:large","max-video-preview":"max-video-preview:-1"},"canonical":"https:\/\/www.quartix.com\/pl-pl\/lokalizacja-pojazdow\/zarzadzanie-flota\/","og_locale":"pl_PL","og_type":"article","og_title":"Zarz\u0105dzanie flot\u0105","og_description":"Quartix u\u0142atwia zarz\u0105dzanie flot\u0105. System wykona ca\u0142\u0105 ci\u0119\u017ck\u0105 prac\u0119 zwi\u0105zan\u0105 z analiz\u0105 danych i wygeneruje \u0142atwe w u\u017cyciu raporty. Sprawd\u017a w jaki spos\u00f3b wdro\u017cenie systemu lokalizacji pojazd\u00f3w GPS w Twojej firmie usprawni obs\u0142ug\u0119 i wykorzystanie pojazd\u00f3w...","og_url":"https:\/\/www.quartix.com\/pl-pl\/lokalizacja-pojazdow\/zarzadzanie-flota\/","og_site_name":"Quartix","article_publisher":"https:\/\/www.facebook.com\/Quartix-USA-374426386097401\/","article_modified_time":"2023-07-13T13:02:35+00:00","twitter_card":"summary_large_image","twitter_site":"@QuartixUSA","twitter_misc":{"Est. reading time":"3 minutes"},"schema":{"@context":"https:\/\/schema.org","@graph":[{"@type":"WebPage","@id":"https:\/\/www.quartix.com\/pl-pl\/lokalizacja-pojazdow\/zarzadzanie-flota\/","url":"https:\/\/www.quartix.com\/pl-pl\/lokalizacja-pojazdow\/zarzadzanie-flota\/","name":"Zarz\u0105dzanie Flot\u0105","isPartOf":{"@id":"https:\/\/www.quartix.com\/pl-pl\/#website"},"datePublished":"2019-01-20T16:36:52+00:00","dateModified":"2023-07-13T13:02:35+00:00","description":"Quartix u\u0142atwia zarz\u0105dzanie flot\u0105. System wykona ca\u0142\u0105 ci\u0119\u017ck\u0105 prac\u0119 zwi\u0105zan\u0105 z analiz\u0105 danych i wygeneruje \u0142atwe w u\u017cyciu raporty. Sprawd\u017a w jaki spos\u00f3b wdro\u017cenie systemu lokalizacji pojazd\u00f3w GPS w Twojej firmie usprawni obs\u0142ug\u0119 i wykorzystanie pojazd\u00f3w...","breadcrumb":{"@id":"https:\/\/www.quartix.com\/pl-pl\/lokalizacja-pojazdow\/zarzadzanie-flota\/#breadcrumb"},"inLanguage":"pl-PL","potentialAction":[{"@type":"ReadAction","target":["https:\/\/www.quartix.com\/pl-pl\/lokalizacja-pojazdow\/zarzadzanie-flota\/"]}]},{"@type":"BreadcrumbList","@id":"https:\/\/www.quartix.com\/pl-pl\/lokalizacja-pojazdow\/zarzadzanie-flota\/#breadcrumb","itemListElement":[{"@type":"ListItem","position":1,"name":"Strona G\u0142\u00f3wna","item":"https:\/\/www.quartix.com\/pl-pl\/quartix-real-time-vehicle-tracking-2\/"},{"@type":"ListItem","position":2,"name":"Lokalizacja Pojazd\u00f3w","item":"https:\/\/www.quartix.com\/pl-pl\/lokalizacja-pojazdow\/"},{"@type":"ListItem","position":3,"name":"Zarz\u0105dzanie flot\u0105"}]},{"@type":"WebSite","@id":"https:\/\/www.quartix.com\/pl-pl\/#website","url":"https:\/\/www.quartix.com\/pl-pl\/","name":"Quartix","description":"Real-time vehicle tracking","publisher":{"@id":"https:\/\/www.quartix.com\/pl-pl\/#organization"},"potentialAction":[{"@type":"SearchAction","target":{"@type":"EntryPoint","urlTemplate":"https:\/\/www.quartix.com\/pl-pl\/?s={search_term_string}"},"query-input":{"@type":"PropertyValueSpecification","valueRequired":true,"valueName":"search_term_string"}}],"inLanguage":"pl-PL"},{"@type":"Organization","@id":"https:\/\/www.quartix.com\/pl-pl\/#organization","name":"Quartix","url":"https:\/\/www.quartix.com\/pl-pl\/","logo":{"@type":"ImageObject","inLanguage":"pl-PL","@id":"https:\/\/www.quartix.com\/pl-pl\/#\/schema\/logo\/image\/","url":"https:\/\/www.quartix.com\/content\/uploads\/2019\/02\/quartix-logo-eur.svg","contentUrl":"https:\/\/www.quartix.com\/content\/uploads\/2019\/02\/quartix-logo-eur.svg","width":1,"height":1,"caption":"Quartix"},"image":{"@id":"https:\/\/www.quartix.com\/pl-pl\/#\/schema\/logo\/image\/"},"sameAs":["https:\/\/www.facebook.com\/Quartix-USA-374426386097401\/","https:\/\/x.com\/QuartixUSA","https:\/\/www.linkedin.com\/company\/5346733\/","https:\/\/www.youtube.com\/channel\/UCzS-_GMfHF4kWiCheyIRrAQ"]}]}},"_links":{"self":[{"href":"https:\/\/www.quartix.com\/pl-pl\/wp-json\/wp\/v2\/pages\/4752","targetHints":{"allow":["GET"]}}],"collection":[{"href":"https:\/\/www.quartix.com\/pl-pl\/wp-json\/wp\/v2\/pages"}],"about":[{"href":"https:\/\/www.quartix.com\/pl-pl\/wp-json\/wp\/v2\/types\/page"}],"author":[{"embeddable":true,"href":"https:\/\/www.quartix.com\/pl-pl\/wp-json\/wp\/v2\/users\/12"}],"replies":[{"embeddable":true,"href":"https:\/\/www.quartix.com\/pl-pl\/wp-json\/wp\/v2\/comments?post=4752"}],"version-history":[{"count":0,"href":"https:\/\/www.quartix.com\/pl-pl\/wp-json\/wp\/v2\/pages\/4752\/revisions"}],"up":[{"embeddable":true,"href":"https:\/\/www.quartix.com\/pl-pl\/wp-json\/wp\/v2\/pages\/4702"}],"wp:attachment":[{"href":"https:\/\/www.quartix.com\/pl-pl\/wp-json\/wp\/v2\/media?parent=4752"}],"wp:term":[{"taxonomy":"topic","embeddable":true,"href":"https:\/\/www.quartix.com\/pl-pl\/wp-json\/wp\/v2\/topic?post=4752"},{"taxonomy":"qtx_campaign","embeddable":true,"href":"https:\/\/www.quartix.com\/pl-pl\/wp-json\/wp\/v2\/qtx_campaign?post=4752"}],"curies":[{"name":"wp","href":"https:\/\/api.w.org\/{rel}","templated":true}]}}