{"id":4774,"date":"2019-01-20T18:18:48","date_gmt":"2019-01-20T18:18:48","guid":{"rendered":" https:\/\/www.quartix.com\/?page_id=4774"},"modified":"2023-07-13T14:04:47","modified_gmt":"2023-07-13T13:04:47","slug":"powiadomienia","status":"publish","type":"page","link":"https:\/\/www.quartix.com\/pl-pl\/lokalizacja-pojazdow\/powiadomienia\/","title":{"rendered":"Powiadomienia"},"content":{"rendered":"\n<div class=\"wp-block-columns is-layout-flex wp-container-core-columns-is-layout-28f84493 wp-block-columns-is-layout-flex\">\n<div class=\"wp-block-column is-layout-flow wp-block-column-is-layout-flow\">\n<h2 class=\"wp-block-heading\">Ustal w\u0142asne geostrefy<\/h2>\n\n\n\n<p>Je\u015bli pojazdy musz\u0105 znajdowa\u0107 si\u0119 w wytyczonej strefie lub poza ni\u0105 w okre\u015blonym czasie, funkcja geostrefy wy\u015ble Ci natychmiastowe powiadomienie, je\u015bli kt\u00f3ra\u015b z tych regu\u0142 zostanie z\u0142amana. Zacznij od wytyczenia granic strefy na naszej mapie prostym narz\u0119dziem do rysowania. Liczba stref w naszym systemie jest nieograniczona.<\/p>\n<\/div>\n\n\n\n<div class=\"wp-block-column is-layout-flow wp-block-column-is-layout-flow\">\n<figure class=\"wp-block-image aligncenter\"><img decoding=\"async\" src=\" https:\/\/www.quartix.com\/content\/uploads\/2019\/02\/Geofencing.gif\" alt=\"Geofencing PL\"\/><\/figure>\n<\/div>\n<\/div>\n\n\n\n<div class=\"wp-block-columns is-layout-flex wp-container-core-columns-is-layout-28f84493 wp-block-columns-is-layout-flex\">\n<div class=\"wp-block-column is-layout-flow wp-block-column-is-layout-flow\">\n<figure class=\"wp-block-image aligncenter\"><img decoding=\"async\" src=\" https:\/\/www.quartix.com\/content\/uploads\/2019\/02\/geostrefy-geofencing-1000x654.jpg\" alt=\"\"\/><\/figure>\n<\/div>\n\n\n\n<div class=\"wp-block-column is-layout-flow wp-block-column-is-layout-flow\">\n<h2 class=\"wp-block-heading\">Okre\u015bl strefy obowi\u0105zkowe lub zakazane<\/h2>\n\n\n\n<p>Okre\u015bl regu\u0142y dla ka\u017cdej strefy.&nbsp; W&nbsp;trybie obowi\u0105zkowym pojazdy musz\u0105 si\u0119 znajdowa\u0107 w&nbsp;wyznaczonych godzinach w&nbsp;okre\u015blonej strefie; w&nbsp;trybie zakazanym nie mog\u0105 wje\u017cd\u017ca\u0107 do&nbsp;danej strefy.&nbsp; Na&nbsp;przyk\u0142ad:<\/p>\n\n\n\n<p><strong>W\u0142a\u015bciciel firmy chce mie\u0107 pewno\u015b\u0107, \u017ce&nbsp;pracownicy nie wracaj\u0105 do&nbsp;domu w&nbsp;godzinach pracy.<\/strong><\/p>\n\n\n\n<p><strong><em>Rozwi\u0105zanie<\/em><\/strong>&nbsp;&#8211; Oznacz dom kierowcy jako \u201eNazwana lokalizacja Quartix: strefa zakazana\u201d w&nbsp;dni robocze od&nbsp;godziny 8.00 do 18.00.<\/p>\n\n\n\n<p><strong>Kierownik floty miejskiej chce mie\u0107 pewno\u015b\u0107, \u017ce pojazdy nie wyje\u017cd\u017caj\u0105 poza granice miasta.<\/strong><\/p>\n\n\n\n<p><strong><em>Rozwi\u0105zanie<\/em><\/strong> &#8211; Wytycz wok\u00f3\u0142 miasta granic\u0119 geofence i&nbsp;ustaw j\u0105 jako stref\u0119 obowi\u0105zkow\u0105. Je\u015bli kt\u00f3ry\u015b pojazd j\u0105 przekroczy, uruchomi ostrze\u017cenie.<\/p>\n<\/div>\n<\/div>\n\n\n\n<div class=\"wp-block-columns is-layout-flex wp-container-core-columns-is-layout-28f84493 wp-block-columns-is-layout-flex\">\n<div class=\"wp-block-column is-layout-flow wp-block-column-is-layout-flow\">\n<h2 class=\"wp-block-heading\">Automatyczne Powiadomienia<\/h2>\n\n\n\n<p>Je\u015bli jedna z ustalonych przez Ciebie regu\u0142 zostanie z\u0142amana, wy\u015blemy Ci e-mail z powiadomieniem, co pozwoli niezw\u0142ocznie zbada\u0107 i skorygowa\u0107 niepo\u017c\u0105dane zachowanie. Powiadomienia s\u0105 wysy\u0142ane w nielimitowanej liczbie, bez dodatkowych op\u0142at.<\/p>\n<\/div>\n\n\n\n<div class=\"wp-block-column is-layout-flow wp-block-column-is-layout-flow\">\n<figure class=\"wp-block-image aligncenter\"><img decoding=\"async\" src=\" https:\/\/www.quartix.com\/content\/uploads\/2017\/11\/alerts.png\" alt=\"\"\/><\/figure>\n<\/div>\n<\/div>\n\n\n\n<div class=\"wp-block-columns is-layout-flex wp-container-core-columns-is-layout-28f84493 wp-block-columns-is-layout-flex\">\n<div class=\"wp-block-column is-layout-flow wp-block-column-is-layout-flow\">\n<figure class=\"wp-block-image aligncenter\"><img decoding=\"async\" src=\" https:\/\/www.quartix.com\/content\/uploads\/2019\/02\/dzienny-wykres-trasy-dla-daily-route-map-1000x555.png\" alt=\"dzienny wykres trasy dla - daily route map\"\/><\/figure>\n<\/div>\n\n\n\n<div class=\"wp-block-column is-layout-flow wp-block-column-is-layout-flow\">\n<h2 class=\"wp-block-heading\">Miesi\u0119czne raporty pr\u0119dko\u015bci<\/h2>\n\n\n\n<p>Zdrowie i&nbsp;bezpiecze\u0144stwo maj\u0105 nadrz\u0119dne znaczenie w zarz\u0105dzaniu mobiln\u0105 si\u0142\u0105 robocz\u0105.<br>Poprzez generowanie obejmuj\u0105cych ca\u0142y miesi\u0105c podsumowa\u0144 dotycz\u0105cych wszystkich zdarze\u0144 przekroczenia pr\u0119dko\u015bci dla poszczeg\u00f3lnych grup lub ca\u0142ej floty miesi\u0119czny raport pr\u0119dko\u015bci jest uzupe\u0142nieniem narz\u0119dzi zbieraj\u0105cych informacje o&nbsp;stylu jazdy. Dzia\u0142a w&nbsp;nast\u0119puj\u0105cy spos\u00f3b:<\/p>\n\n\n\n<ul class=\"wp-block-list\">\n<li>Wybierz grup\u0119 pojazd\u00f3w, miesi\u0105c i&nbsp;minimalny pr\u00f3g pr\u0119dko\u015bci \u2014 np. 100 km\/h<\/li>\n\n\n\n<li>Sprawd\u017a pr\u0119dko\u015b\u0107, dzie\u0144 i&nbsp;godzin\u0119 ka\u017cdego zdarzenia oraz czas, w&nbsp;kt\u00f3rym pojazd jecha\u0142 z&nbsp;pr\u0119dko\u015bci\u0105 przewy\u017cszaj\u0105c\u0105 ten pr\u00f3g<\/li>\n\n\n\n<li>System tworzy odno\u015bniki do dziennych map tras w&nbsp;celu zlokalizowania zdarzenia<\/li>\n<\/ul>\n<\/div>\n<\/div>\n","protected":false},"excerpt":{"rendered":"<p>Ustal w\u0142asne geostrefy Je\u015bli pojazdy musz\u0105 znajdowa\u0107 si\u0119 w wytyczonej strefie lub poza ni\u0105 w okre\u015blonym czasie, funkcja geostrefy wy\u015ble Ci natychmiastowe powiadomienie, je\u015bli kt\u00f3ra\u015b z tych regu\u0142 zostanie z\u0142amana. Zacznij od wytyczenia granic strefy na naszej mapie prostym narz\u0119dziem do rysowania. Liczba stref w naszym systemie jest nieograniczona. Okre\u015bl strefy obowi\u0105zkowe lub zakazane Okre\u015bl [&hellip;]<\/p>\n","protected":false},"author":12,"featured_media":0,"parent":4702,"menu_order":50,"comment_status":"closed","ping_status":"closed","template":"","meta":{"_acf_changed":false,"inline_featured_image":false,"footnotes":""},"topic":[],"qtx_campaign":[],"class_list":["post-4774","page","type-page","status-publish","hentry"],"acf":[],"yoast_head":"<!-- This site is optimized with the Yoast SEO Premium plugin v27.3 (Yoast SEO v27.3) - https:\/\/yoast.com\/product\/yoast-seo-premium-wordpress\/ -->\n<title>Geostrefy - konfiguracja i dost\u0119pne powiadomienia - PL<\/title>\n<meta name=\"description\" content=\"Otrzymuj atuomatyczne powiadomienia na temat pojazd\u00f3w znajduj\u0105cych si\u0119 w okre\u015blonej strefie lub poza ni\u0105 wbrew ustalonym przez Ciebie regu\u0142om. Zacznij od wytyczenia granic geostrefy na naszej mapie prostym narz\u0119dziem do rysowania. Liczba stref w naszym systemie jest nieograniczona...\" \/>\n<meta name=\"robots\" content=\"index, follow, max-snippet:-1, max-image-preview:large, max-video-preview:-1\" \/>\n<link rel=\"canonical\" href=\"https:\/\/www.quartix.com\/pl-pl\/lokalizacja-pojazdow\/powiadomienia\/\" \/>\n<meta property=\"og:locale\" content=\"pl_PL\" \/>\n<meta property=\"og:type\" content=\"article\" \/>\n<meta property=\"og:title\" content=\"Powiadomienia\" \/>\n<meta property=\"og:description\" content=\"Otrzymuj atuomatyczne powiadomienia na temat pojazd\u00f3w znajduj\u0105cych si\u0119 w okre\u015blonej strefie lub poza ni\u0105 wbrew ustalonym przez Ciebie regu\u0142om. Zacznij od wytyczenia granic geostrefy na naszej mapie prostym narz\u0119dziem do rysowania. Liczba stref w naszym systemie jest nieograniczona...\" \/>\n<meta property=\"og:url\" content=\"https:\/\/www.quartix.com\/pl-pl\/lokalizacja-pojazdow\/powiadomienia\/\" \/>\n<meta property=\"og:site_name\" content=\"Quartix\" \/>\n<meta property=\"article:publisher\" content=\"https:\/\/www.facebook.com\/Quartix-USA-374426386097401\/\" \/>\n<meta property=\"article:modified_time\" content=\"2023-07-13T13:04:47+00:00\" \/>\n<meta name=\"twitter:card\" content=\"summary_large_image\" \/>\n<meta name=\"twitter:site\" content=\"@QuartixUSA\" \/>\n<meta name=\"twitter:label1\" content=\"Est. reading time\" \/>\n\t<meta name=\"twitter:data1\" content=\"2 minutes\" \/>\n<!-- \/ Yoast SEO Premium plugin. -->","yoast_head_json":{"title":"Geostrefy - konfiguracja i dost\u0119pne powiadomienia - PL","description":"Otrzymuj atuomatyczne powiadomienia na temat pojazd\u00f3w znajduj\u0105cych si\u0119 w okre\u015blonej strefie lub poza ni\u0105 wbrew ustalonym przez Ciebie regu\u0142om. Zacznij od wytyczenia granic geostrefy na naszej mapie prostym narz\u0119dziem do rysowania. Liczba stref w naszym systemie jest nieograniczona...","robots":{"index":"index","follow":"follow","max-snippet":"max-snippet:-1","max-image-preview":"max-image-preview:large","max-video-preview":"max-video-preview:-1"},"canonical":"https:\/\/www.quartix.com\/pl-pl\/lokalizacja-pojazdow\/powiadomienia\/","og_locale":"pl_PL","og_type":"article","og_title":"Powiadomienia","og_description":"Otrzymuj atuomatyczne powiadomienia na temat pojazd\u00f3w znajduj\u0105cych si\u0119 w okre\u015blonej strefie lub poza ni\u0105 wbrew ustalonym przez Ciebie regu\u0142om. Zacznij od wytyczenia granic geostrefy na naszej mapie prostym narz\u0119dziem do rysowania. Liczba stref w naszym systemie jest nieograniczona...","og_url":"https:\/\/www.quartix.com\/pl-pl\/lokalizacja-pojazdow\/powiadomienia\/","og_site_name":"Quartix","article_publisher":"https:\/\/www.facebook.com\/Quartix-USA-374426386097401\/","article_modified_time":"2023-07-13T13:04:47+00:00","twitter_card":"summary_large_image","twitter_site":"@QuartixUSA","twitter_misc":{"Est. reading time":"2 minutes"},"schema":{"@context":"https:\/\/schema.org","@graph":[{"@type":"WebPage","@id":"https:\/\/www.quartix.com\/pl-pl\/lokalizacja-pojazdow\/powiadomienia\/","url":"https:\/\/www.quartix.com\/pl-pl\/lokalizacja-pojazdow\/powiadomienia\/","name":"Geostrefy - konfiguracja i dost\u0119pne powiadomienia","isPartOf":{"@id":"https:\/\/www.quartix.com\/pl-pl\/#website"},"datePublished":"2019-01-20T18:18:48+00:00","dateModified":"2023-07-13T13:04:47+00:00","description":"Otrzymuj atuomatyczne powiadomienia na temat pojazd\u00f3w znajduj\u0105cych si\u0119 w okre\u015blonej strefie lub poza ni\u0105 wbrew ustalonym przez Ciebie regu\u0142om. Zacznij od wytyczenia granic geostrefy na naszej mapie prostym narz\u0119dziem do rysowania. Liczba stref w naszym systemie jest nieograniczona...","breadcrumb":{"@id":"https:\/\/www.quartix.com\/pl-pl\/lokalizacja-pojazdow\/powiadomienia\/#breadcrumb"},"inLanguage":"pl-PL","potentialAction":[{"@type":"ReadAction","target":["https:\/\/www.quartix.com\/pl-pl\/lokalizacja-pojazdow\/powiadomienia\/"]}]},{"@type":"BreadcrumbList","@id":"https:\/\/www.quartix.com\/pl-pl\/lokalizacja-pojazdow\/powiadomienia\/#breadcrumb","itemListElement":[{"@type":"ListItem","position":1,"name":"Strona G\u0142\u00f3wna","item":"https:\/\/www.quartix.com\/pl-pl\/"},{"@type":"ListItem","position":2,"name":"Lokalizacja Pojazd\u00f3w","item":"https:\/\/www.quartix.com\/pl-pl\/lokalizacja-pojazdow\/"},{"@type":"ListItem","position":3,"name":"Powiadomienia"}]},{"@type":"WebSite","@id":"https:\/\/www.quartix.com\/pl-pl\/#website","url":"https:\/\/www.quartix.com\/pl-pl\/","name":"Quartix","description":"Real-time vehicle tracking","publisher":{"@id":"https:\/\/www.quartix.com\/pl-pl\/#organization"},"potentialAction":[{"@type":"SearchAction","target":{"@type":"EntryPoint","urlTemplate":"https:\/\/www.quartix.com\/pl-pl\/?s={search_term_string}"},"query-input":{"@type":"PropertyValueSpecification","valueRequired":true,"valueName":"search_term_string"}}],"inLanguage":"pl-PL"},{"@type":"Organization","@id":"https:\/\/www.quartix.com\/pl-pl\/#organization","name":"Quartix","url":"https:\/\/www.quartix.com\/pl-pl\/","logo":{"@type":"ImageObject","inLanguage":"pl-PL","@id":"https:\/\/www.quartix.com\/pl-pl\/#\/schema\/logo\/image\/","url":"https:\/\/www.quartix.com\/content\/uploads\/2019\/02\/quartix-logo-eur.svg","contentUrl":"https:\/\/www.quartix.com\/content\/uploads\/2019\/02\/quartix-logo-eur.svg","width":1,"height":1,"caption":"Quartix"},"image":{"@id":"https:\/\/www.quartix.com\/pl-pl\/#\/schema\/logo\/image\/"},"sameAs":["https:\/\/www.facebook.com\/Quartix-USA-374426386097401\/","https:\/\/x.com\/QuartixUSA","https:\/\/www.linkedin.com\/company\/5346733\/","https:\/\/www.youtube.com\/channel\/UCzS-_GMfHF4kWiCheyIRrAQ"]}]}},"_links":{"self":[{"href":"https:\/\/www.quartix.com\/pl-pl\/wp-json\/wp\/v2\/pages\/4774","targetHints":{"allow":["GET"]}}],"collection":[{"href":"https:\/\/www.quartix.com\/pl-pl\/wp-json\/wp\/v2\/pages"}],"about":[{"href":"https:\/\/www.quartix.com\/pl-pl\/wp-json\/wp\/v2\/types\/page"}],"author":[{"embeddable":true,"href":"https:\/\/www.quartix.com\/pl-pl\/wp-json\/wp\/v2\/users\/12"}],"replies":[{"embeddable":true,"href":"https:\/\/www.quartix.com\/pl-pl\/wp-json\/wp\/v2\/comments?post=4774"}],"version-history":[{"count":0,"href":"https:\/\/www.quartix.com\/pl-pl\/wp-json\/wp\/v2\/pages\/4774\/revisions"}],"up":[{"embeddable":true,"href":"https:\/\/www.quartix.com\/pl-pl\/wp-json\/wp\/v2\/pages\/4702"}],"wp:attachment":[{"href":"https:\/\/www.quartix.com\/pl-pl\/wp-json\/wp\/v2\/media?parent=4774"}],"wp:term":[{"taxonomy":"topic","embeddable":true,"href":"https:\/\/www.quartix.com\/pl-pl\/wp-json\/wp\/v2\/topic?post=4774"},{"taxonomy":"qtx_campaign","embeddable":true,"href":"https:\/\/www.quartix.com\/pl-pl\/wp-json\/wp\/v2\/qtx_campaign?post=4774"}],"curies":[{"name":"wp","href":"https:\/\/api.w.org\/{rel}","templated":true}]}}