{"id":4776,"date":"2019-01-20T18:20:13","date_gmt":"2019-01-20T18:20:13","guid":{"rendered":" https:\/\/www.quartix.com\/?page_id=4776"},"modified":"2023-07-13T14:02:19","modified_gmt":"2023-07-13T13:02:19","slug":"konfiguracja","status":"publish","type":"page","link":"https:\/\/www.quartix.com\/pl-pl\/lokalizacja-pojazdow\/konfiguracja\/","title":{"rendered":"Konfiguracja"},"content":{"rendered":"\n<div class=\"wp-block-columns is-layout-flex wp-container-core-columns-is-layout-28f84493 wp-block-columns-is-layout-flex\">\n<div class=\"wp-block-column is-layout-flow wp-block-column-is-layout-flow\">\n<h2 class=\"wp-block-heading\">Dostosowywanie rozwi\u0105za\u0144 lokalizacji pojazd\u00f3w do potrzeb klienta<\/h2>\n\n\n\n<p>Dla ka\u017cdego pojazdu mo\u017cesz sam lub za&nbsp;naszym po\u015brednictwem ustawi\u0107 konfiguracj\u0119 raportowania, kt\u00f3ra b\u0119dzie najlepiej spe\u0142nia\u0142a Twoje potrzeby.<\/p>\n\n\n\n<p>W&nbsp;webinarze, kt\u00f3ry szczeg\u00f3\u0142owo opisuje system, dowiesz si\u0119, jak zmieni\u0107 nast\u0119puj\u0105ce ustawienia:<\/p>\n\n\n\n<ul class=\"wp-block-list\">\n<li>Jak edytowa\u0107 dane dotycz\u0105ce kierowcy<\/li>\n\n\n\n<li>Jak edytowa\u0107 dane dotycz\u0105ce pojazdu<\/li>\n\n\n\n<li>Jak stworzy\u0107 \u2018grup\u0119\u2019 pojazd\u00f3w do raportowania<\/li>\n\n\n\n<li>Jak edytowa\u0107 preferencje u\u017cytkownika<\/li>\n\n\n\n<li>Jak doda\u0107 dat\u0119 przegl\u0105du, op\u0142aty podatku drogowego, serwisowania czy odnowienia ubezpieczenia<\/li>\n\n\n\n<li>Jak edytowa\u0107 godziny, w&nbsp;kt\u00f3rych pojazd jest u\u017cytkowany w&nbsp;celach prywatnych<\/li>\n\n\n\n<li>Jak edytowa\u0107 geostrefy<\/li>\n\n\n\n<li>Jak zarz\u0105dza\u0107 spersonalizowanymi lokalizacjami<\/li>\n<\/ul>\n<\/div>\n\n\n\n<div class=\"wp-block-column is-layout-flow wp-block-column-is-layout-flow\">\n<figure class=\"wp-block-image aligncenter\"><img decoding=\"async\" src=\" https:\/\/www.quartix.com\/content\/uploads\/2019\/02\/Configuration.gif\" alt=\"Configuration PL\"\/><\/figure>\n<\/div>\n<\/div>\n\n\n\n<div class=\"wp-block-columns is-layout-flex wp-container-core-columns-is-layout-28f84493 wp-block-columns-is-layout-flex\">\n<div class=\"wp-block-column is-layout-flow wp-block-column-is-layout-flow\">\n<figure class=\"wp-block-image aligncenter\"><img decoding=\"async\" src=\" https:\/\/www.quartix.com\/content\/uploads\/2019\/02\/custom-location-set-up-1000x673.jpg\" alt=\"custom location set up PL\"\/><\/figure>\n<\/div>\n\n\n\n<div class=\"wp-block-column is-layout-flow wp-block-column-is-layout-flow\">\n<h2 class=\"wp-block-heading\">Spersonalizowane lokalizacje<\/h2>\n\n\n\n<p>Lista&nbsp; spersonalizowanych lokalizacji znajduje si\u0119 bezpo\u015brednio pod&nbsp;ekranem mapy \u2013 liczba odpowiada liczbie na&nbsp;niebieskim kole na&nbsp;mapie. Klikaj\u0105c na&nbsp;nazw\u0119 lokalizacji mo\u017cna zmieni\u0107 jej po\u0142o\u017cenie i&nbsp;promie\u0144. Dodawanie nowej lokalizacji jest r\u00f3wnie proste: po&nbsp;klikni\u0119ciu na&nbsp;link na&nbsp;g\u00f3rze tabelki otworzy si\u0119 okno edycji z&nbsp;nowym wpisem, kt\u00f3ry mo\u017cna odpowiednio nazwa\u0107 i&nbsp;zmodyfikowa\u0107.<\/p>\n<\/div>\n<\/div>\n\n\n\n<div class=\"wp-block-columns is-layout-flex wp-container-core-columns-is-layout-28f84493 wp-block-columns-is-layout-flex\">\n<div class=\"wp-block-column is-layout-flow wp-block-column-is-layout-flow\">\n<h2 class=\"wp-block-heading\">U\u017cytkowanie w&nbsp;celach zawodowych i&nbsp;prywatnych<\/h2>\n\n\n\n<p>System Quartix daje Ci mo\u017cliwo\u015b\u0107 ustawienia trybu prywatno\u015bci, dzi\u0119ki kt\u00f3remu mo\u017cesz zdecydowa\u0107, kiedy pojazdy floty s\u0105 monitorowane, a&nbsp;kiedy nie. Mo\u017cesz tak\u017ce okre\u015bli\u0107, kto z&nbsp;personelu ma dost\u0119p do&nbsp;danych pochodz\u0105cych z&nbsp;lokalizacji pojazd\u00f3w, aby chroni\u0107 prywatno\u015b\u0107 pracownik\u00f3w. Na&nbsp;przyk\u0142ad mo\u017cesz ustali\u0107 godziny monitorowania pojazd\u00f3w w&nbsp;dni robocze i&nbsp;weekendy lub wy\u0142\u0105czy\u0107 monitorowanie w&nbsp;trakcie urlopu pracownika:<\/p>\n\n\n\n<p><strong>Wy\u0142\u0105czanie monitorowania pojazdu<\/strong>&nbsp;\u2013 wy\u0142\u0105cz monitorowanie ruchu pojazdu po&nbsp;godzinach pracy. System wygeneruje raport dotycz\u0105cy przebiegu w&nbsp;tym okresie, jednak bez listy odwiedzanych miejsc.<\/p>\n\n\n\n<p><strong>Uprawnienia dost\u0119pu<\/strong>&nbsp;\u2013 konta u\u017cytkownik\u00f3w mo\u017cna skonfigurowa\u0107 tak, aby mieli dost\u0119p tylko do&nbsp;okre\u015blonych informacji. Np. pracownicy centrum pomocy mog\u0105 potrzebowa\u0107 tylko informacji dotycz\u0105cej aktualnej lokalizacji kierowc\u00f3w, aby okre\u015bli\u0107, kt\u00f3ry z&nbsp;nich znajduje si\u0119 najbli\u017cej miejsca wykonania zlecenia, a&nbsp;niekoniecznie musz\u0105 zna\u0107 godziny pracy kierowcy czy karty ewidencji czasu pracy.<\/p>\n<\/div>\n\n\n\n<div class=\"wp-block-column is-layout-flow wp-block-column-is-layout-flow\">\n<figure class=\"wp-block-image aligncenter\"><img decoding=\"async\" src=\" https:\/\/www.quartix.com\/content\/uploads\/2019\/02\/privacy-settings.jpg\" alt=\"privacy settings PL\"\/><\/figure>\n<\/div>\n<\/div>\n","protected":false},"excerpt":{"rendered":"<p>Dostosowywanie rozwi\u0105za\u0144 lokalizacji pojazd\u00f3w do potrzeb klienta Dla ka\u017cdego pojazdu mo\u017cesz sam lub za&nbsp;naszym po\u015brednictwem ustawi\u0107 konfiguracj\u0119 raportowania, kt\u00f3ra b\u0119dzie najlepiej spe\u0142nia\u0142a Twoje potrzeby. W&nbsp;webinarze, kt\u00f3ry szczeg\u00f3\u0142owo opisuje system, dowiesz si\u0119, jak zmieni\u0107 nast\u0119puj\u0105ce ustawienia: Spersonalizowane lokalizacje Lista&nbsp; spersonalizowanych lokalizacji znajduje si\u0119 bezpo\u015brednio pod&nbsp;ekranem mapy \u2013 liczba odpowiada liczbie na&nbsp;niebieskim kole na&nbsp;mapie. Klikaj\u0105c na&nbsp;nazw\u0119 lokalizacji [&hellip;]<\/p>\n","protected":false},"author":12,"featured_media":0,"parent":4702,"menu_order":60,"comment_status":"closed","ping_status":"closed","template":"","meta":{"_acf_changed":false,"inline_featured_image":false,"footnotes":""},"topic":[],"qtx_campaign":[],"class_list":["post-4776","page","type-page","status-publish","hentry"],"acf":[],"yoast_head":"<!-- This site is optimized with the Yoast SEO Premium plugin v27.3 (Yoast SEO v27.3) - https:\/\/yoast.com\/product\/yoast-seo-premium-wordpress\/ -->\n<title>Konfiguracja systemu - rozwi\u0105zanie idealne dla Ciebie - PL<\/title>\n<meta name=\"description\" content=\"Konfiguracja systemu pozwala dostosowa\u0107 nasz system lokalizacji pojazd\u00f3w GPS do Twoich potrzeb. Dla ka\u017cdego pojazdu mo\u017cesz sam lub za naszym po\u015brednictwem ustawi\u0107 konfiguracj\u0119 raportowania, skonfigurowa\u0107 godziny u\u017cytkowania pojazd\u00f3w w celach zawodowoych i prywatnych, spersonalizowa\u0107 nazwy czesto odwiedzanych miejsc...\" \/>\n<meta name=\"robots\" content=\"index, follow, max-snippet:-1, max-image-preview:large, max-video-preview:-1\" \/>\n<link rel=\"canonical\" href=\"https:\/\/www.quartix.com\/pl-pl\/lokalizacja-pojazdow\/konfiguracja\/\" \/>\n<meta property=\"og:locale\" content=\"pl_PL\" \/>\n<meta property=\"og:type\" content=\"article\" \/>\n<meta property=\"og:title\" content=\"Konfiguracja\" \/>\n<meta property=\"og:description\" content=\"Konfiguracja systemu pozwala dostosowa\u0107 nasz system lokalizacji pojazd\u00f3w GPS do Twoich potrzeb. Dla ka\u017cdego pojazdu mo\u017cesz sam lub za naszym po\u015brednictwem ustawi\u0107 konfiguracj\u0119 raportowania, skonfigurowa\u0107 godziny u\u017cytkowania pojazd\u00f3w w celach zawodowoych i prywatnych, spersonalizowa\u0107 nazwy czesto odwiedzanych miejsc...\" \/>\n<meta property=\"og:url\" content=\"https:\/\/www.quartix.com\/pl-pl\/lokalizacja-pojazdow\/konfiguracja\/\" \/>\n<meta property=\"og:site_name\" content=\"Quartix\" \/>\n<meta property=\"article:publisher\" content=\"https:\/\/www.facebook.com\/Quartix-USA-374426386097401\/\" \/>\n<meta property=\"article:modified_time\" content=\"2023-07-13T13:02:19+00:00\" \/>\n<meta name=\"twitter:card\" content=\"summary_large_image\" \/>\n<meta name=\"twitter:site\" content=\"@QuartixUSA\" \/>\n<meta name=\"twitter:label1\" content=\"Est. reading time\" \/>\n\t<meta name=\"twitter:data1\" content=\"2 minutes\" \/>\n<!-- \/ Yoast SEO Premium plugin. -->","yoast_head_json":{"title":"Konfiguracja systemu - rozwi\u0105zanie idealne dla Ciebie - PL","description":"Konfiguracja systemu pozwala dostosowa\u0107 nasz system lokalizacji pojazd\u00f3w GPS do Twoich potrzeb. Dla ka\u017cdego pojazdu mo\u017cesz sam lub za naszym po\u015brednictwem ustawi\u0107 konfiguracj\u0119 raportowania, skonfigurowa\u0107 godziny u\u017cytkowania pojazd\u00f3w w celach zawodowoych i prywatnych, spersonalizowa\u0107 nazwy czesto odwiedzanych miejsc...","robots":{"index":"index","follow":"follow","max-snippet":"max-snippet:-1","max-image-preview":"max-image-preview:large","max-video-preview":"max-video-preview:-1"},"canonical":"https:\/\/www.quartix.com\/pl-pl\/lokalizacja-pojazdow\/konfiguracja\/","og_locale":"pl_PL","og_type":"article","og_title":"Konfiguracja","og_description":"Konfiguracja systemu pozwala dostosowa\u0107 nasz system lokalizacji pojazd\u00f3w GPS do Twoich potrzeb. Dla ka\u017cdego pojazdu mo\u017cesz sam lub za naszym po\u015brednictwem ustawi\u0107 konfiguracj\u0119 raportowania, skonfigurowa\u0107 godziny u\u017cytkowania pojazd\u00f3w w celach zawodowoych i prywatnych, spersonalizowa\u0107 nazwy czesto odwiedzanych miejsc...","og_url":"https:\/\/www.quartix.com\/pl-pl\/lokalizacja-pojazdow\/konfiguracja\/","og_site_name":"Quartix","article_publisher":"https:\/\/www.facebook.com\/Quartix-USA-374426386097401\/","article_modified_time":"2023-07-13T13:02:19+00:00","twitter_card":"summary_large_image","twitter_site":"@QuartixUSA","twitter_misc":{"Est. reading time":"2 minutes"},"schema":{"@context":"https:\/\/schema.org","@graph":[{"@type":"WebPage","@id":"https:\/\/www.quartix.com\/pl-pl\/lokalizacja-pojazdow\/konfiguracja\/","url":"https:\/\/www.quartix.com\/pl-pl\/lokalizacja-pojazdow\/konfiguracja\/","name":"Konfiguracja systemu - rozwi\u0105zanie idealne dla Ciebie","isPartOf":{"@id":"https:\/\/www.quartix.com\/pl-pl\/#website"},"datePublished":"2019-01-20T18:20:13+00:00","dateModified":"2023-07-13T13:02:19+00:00","description":"Konfiguracja systemu pozwala dostosowa\u0107 nasz system lokalizacji pojazd\u00f3w GPS do Twoich potrzeb. Dla ka\u017cdego pojazdu mo\u017cesz sam lub za naszym po\u015brednictwem ustawi\u0107 konfiguracj\u0119 raportowania, skonfigurowa\u0107 godziny u\u017cytkowania pojazd\u00f3w w celach zawodowoych i prywatnych, spersonalizowa\u0107 nazwy czesto odwiedzanych miejsc...","breadcrumb":{"@id":"https:\/\/www.quartix.com\/pl-pl\/lokalizacja-pojazdow\/konfiguracja\/#breadcrumb"},"inLanguage":"pl-PL","potentialAction":[{"@type":"ReadAction","target":["https:\/\/www.quartix.com\/pl-pl\/lokalizacja-pojazdow\/konfiguracja\/"]}]},{"@type":"BreadcrumbList","@id":"https:\/\/www.quartix.com\/pl-pl\/lokalizacja-pojazdow\/konfiguracja\/#breadcrumb","itemListElement":[{"@type":"ListItem","position":1,"name":"Strona G\u0142\u00f3wna","item":"https:\/\/www.quartix.com\/pl-pl\/"},{"@type":"ListItem","position":2,"name":"Lokalizacja Pojazd\u00f3w","item":"https:\/\/www.quartix.com\/pl-pl\/lokalizacja-pojazdow\/"},{"@type":"ListItem","position":3,"name":"Konfiguracja"}]},{"@type":"WebSite","@id":"https:\/\/www.quartix.com\/pl-pl\/#website","url":"https:\/\/www.quartix.com\/pl-pl\/","name":"Quartix","description":"Real-time vehicle tracking","publisher":{"@id":"https:\/\/www.quartix.com\/pl-pl\/#organization"},"potentialAction":[{"@type":"SearchAction","target":{"@type":"EntryPoint","urlTemplate":"https:\/\/www.quartix.com\/pl-pl\/?s={search_term_string}"},"query-input":{"@type":"PropertyValueSpecification","valueRequired":true,"valueName":"search_term_string"}}],"inLanguage":"pl-PL"},{"@type":"Organization","@id":"https:\/\/www.quartix.com\/pl-pl\/#organization","name":"Quartix","url":"https:\/\/www.quartix.com\/pl-pl\/","logo":{"@type":"ImageObject","inLanguage":"pl-PL","@id":"https:\/\/www.quartix.com\/pl-pl\/#\/schema\/logo\/image\/","url":"https:\/\/www.quartix.com\/content\/uploads\/2019\/02\/quartix-logo-eur.svg","contentUrl":"https:\/\/www.quartix.com\/content\/uploads\/2019\/02\/quartix-logo-eur.svg","width":1,"height":1,"caption":"Quartix"},"image":{"@id":"https:\/\/www.quartix.com\/pl-pl\/#\/schema\/logo\/image\/"},"sameAs":["https:\/\/www.facebook.com\/Quartix-USA-374426386097401\/","https:\/\/x.com\/QuartixUSA","https:\/\/www.linkedin.com\/company\/5346733\/","https:\/\/www.youtube.com\/channel\/UCzS-_GMfHF4kWiCheyIRrAQ"]}]}},"_links":{"self":[{"href":"https:\/\/www.quartix.com\/pl-pl\/wp-json\/wp\/v2\/pages\/4776","targetHints":{"allow":["GET"]}}],"collection":[{"href":"https:\/\/www.quartix.com\/pl-pl\/wp-json\/wp\/v2\/pages"}],"about":[{"href":"https:\/\/www.quartix.com\/pl-pl\/wp-json\/wp\/v2\/types\/page"}],"author":[{"embeddable":true,"href":"https:\/\/www.quartix.com\/pl-pl\/wp-json\/wp\/v2\/users\/12"}],"replies":[{"embeddable":true,"href":"https:\/\/www.quartix.com\/pl-pl\/wp-json\/wp\/v2\/comments?post=4776"}],"version-history":[{"count":0,"href":"https:\/\/www.quartix.com\/pl-pl\/wp-json\/wp\/v2\/pages\/4776\/revisions"}],"up":[{"embeddable":true,"href":"https:\/\/www.quartix.com\/pl-pl\/wp-json\/wp\/v2\/pages\/4702"}],"wp:attachment":[{"href":"https:\/\/www.quartix.com\/pl-pl\/wp-json\/wp\/v2\/media?parent=4776"}],"wp:term":[{"taxonomy":"topic","embeddable":true,"href":"https:\/\/www.quartix.com\/pl-pl\/wp-json\/wp\/v2\/topic?post=4776"},{"taxonomy":"qtx_campaign","embeddable":true,"href":"https:\/\/www.quartix.com\/pl-pl\/wp-json\/wp\/v2\/qtx_campaign?post=4776"}],"curies":[{"name":"wp","href":"https:\/\/api.w.org\/{rel}","templated":true}]}}