{"id":4778,"date":"2019-01-20T18:20:42","date_gmt":"2019-01-20T18:20:42","guid":{"rendered":" https:\/\/www.quartix.com\/?page_id=4778"},"modified":"2023-07-13T14:02:01","modified_gmt":"2023-07-13T13:02:01","slug":"urzadzenie","status":"publish","type":"page","link":"https:\/\/www.quartix.com\/pl-pl\/lokalizacja-pojazdow\/urzadzenie\/","title":{"rendered":"Urz\u0105dzenie GPS"},"content":{"rendered":"\n<div class=\"wp-block-columns is-layout-flex wp-container-core-columns-is-layout-28f84493 wp-block-columns-is-layout-flex\">\n<div class=\"wp-block-column is-layout-flow wp-block-column-is-layout-flow\">\n<h2 class=\"wp-block-heading\">Urz\u0105dzenie Quartix \u2018Plug &amp; Track\u2019 do samodzielnej instalacji<\/h2>\n\n\n\n<p>Urz\u0105dzenie Quartix \u2018<a href=\"\/pl-pl\/plug-track\/\">Plug &amp; Track<\/a>\u2019 jest bardzo \u0142atwe w monta\u017cu. Wystarczy je w\u0142o\u017cy\u0107 do gniazda OBD pojazdu (standardowy port diagnostyczny 12V) i kiedy b\u0119dzie ju\u017c zarejestrowane w systemie Quartix, pojazd jest od razu gotowy do lokalizowania.<\/p>\n\n\n\n<p>Ca\u0142y proces zajmuje zaledwie kilka minut.<\/p>\n\n\n    <div class=\"button-container \">\r\n<a href=\"\/pl-pl\/plug-track\/\" class=\"btn pagebuilder-btn btn-green btn-\" title=\" Wi\u0119cej\" > Wi\u0119cej<\/a>\r\n<\/div>\r\n<\/div>\n\n\n\n<div class=\"wp-block-column is-layout-flow wp-block-column-is-layout-flow\">\n<figure class=\"wp-block-image aligncenter size-large is-resized\"><img loading=\"lazy\" decoding=\"async\" src=\" https:\/\/www.quartix.com\/content\/uploads\/2021\/06\/FR-Plug-and-Track-prise-OBD-balise-1000x1000.png\" alt=\"D\u00e9couvrez les avantages de la solution Plug &amp; Track de Quartix. Facile \u00e0 installer sur la prise OBD de vos v\u00e9hicules, et \u00e0 d\u00e9placer d'un v\u00e9hicule \u00e0 l'autre, la balise Plug &amp; Track est la solution id\u00e9ale pour les flottes ayant besoin de flexibilit\u00e9.\" class=\"wp-image-58919\" width=\"384\" height=\"384\" srcset=\"https:\/\/www.quartix.com\/content\/uploads\/2021\/06\/FR-Plug-and-Track-prise-OBD-balise-1000x1000.png 1000w, https:\/\/www.quartix.com\/content\/uploads\/2021\/06\/FR-Plug-and-Track-prise-OBD-balise-300x300.png 300w, https:\/\/www.quartix.com\/content\/uploads\/2021\/06\/FR-Plug-and-Track-prise-OBD-balise-150x150.png 150w, https:\/\/www.quartix.com\/content\/uploads\/2021\/06\/FR-Plug-and-Track-prise-OBD-balise-768x768.png 768w, https:\/\/www.quartix.com\/content\/uploads\/2021\/06\/FR-Plug-and-Track-prise-OBD-balise.png 1181w\" sizes=\"auto, (max-width: 384px) 100vw, 384px\" \/><\/figure>\n<\/div>\n<\/div>\n\n\n\n<div class=\"wp-block-columns is-layout-flex wp-container-core-columns-is-layout-28f84493 wp-block-columns-is-layout-flex\">\n<div class=\"wp-block-column is-layout-flow wp-block-column-is-layout-flow\">\n<figure class=\"wp-block-image aligncenter size-full\"><img loading=\"lazy\" decoding=\"async\" width=\"340\" height=\"340\" src=\" https:\/\/www.quartix.com\/content\/uploads\/2019\/04\/Connect_and_track_icon.png\" alt=\"\" class=\"wp-image-13306\" srcset=\"https:\/\/www.quartix.com\/content\/uploads\/2019\/04\/Connect_and_track_icon.png 340w, https:\/\/www.quartix.com\/content\/uploads\/2019\/04\/Connect_and_track_icon-150x150.png 150w, https:\/\/www.quartix.com\/content\/uploads\/2019\/04\/Connect_and_track_icon-300x300.png 300w\" sizes=\"auto, (max-width: 340px) 100vw, 340px\" \/><\/figure>\n<\/div>\n\n\n\n<div class=\"wp-block-column is-layout-flow wp-block-column-is-layout-flow\">\n<h2 class=\"wp-block-heading\">Lokalizator Connect &amp; Track<\/h2>\n\n\n\n<p><a href=\"\/pl-pl\/lokalizator-connect-track\/\">Connect &amp; Track<\/a> to proste i dyskretne rozwi\u0105zanie pozwalaj\u0105ce na samodzieln\u0105 instalacj\u0119 lokalizatora pojazd\u00f3w GPS firmy Quartix. Wystarczy pod\u0142\u0105czy\u0107 dwa przewody urz\u0105dzenia do akumulatora, aby w ci\u0105gu kilku minut uzyska\u0107 dost\u0119p do informacji dotycz\u0105cych wszystkich przejazd\u00f3w samochodu.<\/p>\n\n\n\n<p>Samodzielne przek\u0142adanie lokalizatora Connect &amp; Track pomi\u0119dzy pojazdami jest proste, co sprawia, \u017ce to idealny wyb\u00f3r w przypadku tymczasowych podwykonawc\u00f3w oraz firm wykorzystuj\u0105cych pojazdy w leasingu.<\/p>\n\n\n    <div class=\"button-container \">\r\n<a href=\"\/pl-pl\/lokalizator-connect-track\/\" class=\"btn pagebuilder-btn btn-green btn-\" title=\"Wi\u0119cej\" >Wi\u0119cej<\/a>\r\n<\/div>\r\n<\/div>\n<\/div>\n\n\n\n<p><a role=\"button\" href=\"\/pl-pl\/lokalizator-connect-track\/\"><br><\/a><\/p>\n","protected":false},"excerpt":{"rendered":"<p>Urz\u0105dzenie Quartix \u2018Plug &amp; Track\u2019 do samodzielnej instalacji Urz\u0105dzenie Quartix \u2018Plug &amp; Track\u2019 jest bardzo \u0142atwe w monta\u017cu. Wystarczy je w\u0142o\u017cy\u0107 do gniazda OBD pojazdu (standardowy port diagnostyczny 12V) i kiedy b\u0119dzie ju\u017c zarejestrowane w systemie Quartix, pojazd jest od razu gotowy do lokalizowania. Ca\u0142y proces zajmuje zaledwie kilka minut. Lokalizator Connect &amp; Track Connect [&hellip;]<\/p>\n","protected":false},"author":12,"featured_media":0,"parent":4702,"menu_order":70,"comment_status":"closed","ping_status":"closed","template":"","meta":{"_acf_changed":false,"inline_featured_image":false,"footnotes":""},"topic":[],"qtx_campaign":[],"class_list":["post-4778","page","type-page","status-publish","hentry"],"acf":[],"yoast_head":"<!-- This site is optimized with the Yoast SEO Premium plugin v27.3 (Yoast SEO v27.3) - https:\/\/yoast.com\/product\/yoast-seo-premium-wordpress\/ -->\n<title>Urz\u0105dzenie telematyczne - PL<\/title>\n<meta name=\"description\" content=\"Wybierz jeden z dw\u00f3ch rodzaj\u00f3w urz\u0105dze\u0144 do \u015bledzenia pojazd\u00f3w firmy Quartix przeznaczonych do samodzielnej instalacji \u2013 przeczytaj aby dowiedzie\u0107 si\u0119 wi\u0119cej\" \/>\n<meta name=\"robots\" content=\"index, follow, max-snippet:-1, max-image-preview:large, max-video-preview:-1\" \/>\n<link rel=\"canonical\" href=\"https:\/\/www.quartix.com\/pl-pl\/lokalizacja-pojazdow\/urzadzenie\/\" \/>\n<meta property=\"og:locale\" content=\"pl_PL\" \/>\n<meta property=\"og:type\" content=\"article\" \/>\n<meta property=\"og:title\" content=\"Urz\u0105dzenie GPS\" \/>\n<meta property=\"og:description\" content=\"Wybierz jeden z dw\u00f3ch rodzaj\u00f3w urz\u0105dze\u0144 do \u015bledzenia pojazd\u00f3w firmy Quartix przeznaczonych do samodzielnej instalacji \u2013 przeczytaj aby dowiedzie\u0107 si\u0119 wi\u0119cej\" \/>\n<meta property=\"og:url\" content=\"https:\/\/www.quartix.com\/pl-pl\/lokalizacja-pojazdow\/urzadzenie\/\" \/>\n<meta property=\"og:site_name\" content=\"Quartix\" \/>\n<meta property=\"article:publisher\" content=\"https:\/\/www.facebook.com\/Quartix-USA-374426386097401\/\" \/>\n<meta property=\"article:modified_time\" content=\"2023-07-13T13:02:01+00:00\" \/>\n<meta name=\"twitter:card\" content=\"summary_large_image\" \/>\n<meta name=\"twitter:site\" content=\"@QuartixUSA\" \/>\n<meta name=\"twitter:label1\" content=\"Est. reading time\" \/>\n\t<meta name=\"twitter:data1\" content=\"1 minute\" \/>\n<!-- \/ Yoast SEO Premium plugin. -->","yoast_head_json":{"title":"Urz\u0105dzenie telematyczne - PL","description":"Wybierz jeden z dw\u00f3ch rodzaj\u00f3w urz\u0105dze\u0144 do \u015bledzenia pojazd\u00f3w firmy Quartix przeznaczonych do samodzielnej instalacji \u2013 przeczytaj aby dowiedzie\u0107 si\u0119 wi\u0119cej","robots":{"index":"index","follow":"follow","max-snippet":"max-snippet:-1","max-image-preview":"max-image-preview:large","max-video-preview":"max-video-preview:-1"},"canonical":"https:\/\/www.quartix.com\/pl-pl\/lokalizacja-pojazdow\/urzadzenie\/","og_locale":"pl_PL","og_type":"article","og_title":"Urz\u0105dzenie GPS","og_description":"Wybierz jeden z dw\u00f3ch rodzaj\u00f3w urz\u0105dze\u0144 do \u015bledzenia pojazd\u00f3w firmy Quartix przeznaczonych do samodzielnej instalacji \u2013 przeczytaj aby dowiedzie\u0107 si\u0119 wi\u0119cej","og_url":"https:\/\/www.quartix.com\/pl-pl\/lokalizacja-pojazdow\/urzadzenie\/","og_site_name":"Quartix","article_publisher":"https:\/\/www.facebook.com\/Quartix-USA-374426386097401\/","article_modified_time":"2023-07-13T13:02:01+00:00","twitter_card":"summary_large_image","twitter_site":"@QuartixUSA","twitter_misc":{"Est. reading time":"1 minute"},"schema":{"@context":"https:\/\/schema.org","@graph":[{"@type":"WebPage","@id":"https:\/\/www.quartix.com\/pl-pl\/lokalizacja-pojazdow\/urzadzenie\/","url":"https:\/\/www.quartix.com\/pl-pl\/lokalizacja-pojazdow\/urzadzenie\/","name":"Urz\u0105dzenie telematyczne","isPartOf":{"@id":"https:\/\/www.quartix.com\/pl-pl\/#website"},"datePublished":"2019-01-20T18:20:42+00:00","dateModified":"2023-07-13T13:02:01+00:00","description":"Wybierz jeden z dw\u00f3ch rodzaj\u00f3w urz\u0105dze\u0144 do \u015bledzenia pojazd\u00f3w firmy Quartix przeznaczonych do samodzielnej instalacji \u2013 przeczytaj aby dowiedzie\u0107 si\u0119 wi\u0119cej","breadcrumb":{"@id":"https:\/\/www.quartix.com\/pl-pl\/lokalizacja-pojazdow\/urzadzenie\/#breadcrumb"},"inLanguage":"pl-PL","potentialAction":[{"@type":"ReadAction","target":["https:\/\/www.quartix.com\/pl-pl\/lokalizacja-pojazdow\/urzadzenie\/"]}]},{"@type":"BreadcrumbList","@id":"https:\/\/www.quartix.com\/pl-pl\/lokalizacja-pojazdow\/urzadzenie\/#breadcrumb","itemListElement":[{"@type":"ListItem","position":1,"name":"Strona G\u0142\u00f3wna","item":"https:\/\/www.quartix.com\/pl-pl\/quartix-real-time-vehicle-tracking-2\/"},{"@type":"ListItem","position":2,"name":"Lokalizacja Pojazd\u00f3w","item":"https:\/\/www.quartix.com\/pl-pl\/lokalizacja-pojazdow\/"},{"@type":"ListItem","position":3,"name":"Urz\u0105dzenie GPS"}]},{"@type":"WebSite","@id":"https:\/\/www.quartix.com\/pl-pl\/#website","url":"https:\/\/www.quartix.com\/pl-pl\/","name":"Quartix","description":"Real-time vehicle tracking","publisher":{"@id":"https:\/\/www.quartix.com\/pl-pl\/#organization"},"potentialAction":[{"@type":"SearchAction","target":{"@type":"EntryPoint","urlTemplate":"https:\/\/www.quartix.com\/pl-pl\/?s={search_term_string}"},"query-input":{"@type":"PropertyValueSpecification","valueRequired":true,"valueName":"search_term_string"}}],"inLanguage":"pl-PL"},{"@type":"Organization","@id":"https:\/\/www.quartix.com\/pl-pl\/#organization","name":"Quartix","url":"https:\/\/www.quartix.com\/pl-pl\/","logo":{"@type":"ImageObject","inLanguage":"pl-PL","@id":"https:\/\/www.quartix.com\/pl-pl\/#\/schema\/logo\/image\/","url":"https:\/\/www.quartix.com\/content\/uploads\/2019\/02\/quartix-logo-eur.svg","contentUrl":"https:\/\/www.quartix.com\/content\/uploads\/2019\/02\/quartix-logo-eur.svg","width":1,"height":1,"caption":"Quartix"},"image":{"@id":"https:\/\/www.quartix.com\/pl-pl\/#\/schema\/logo\/image\/"},"sameAs":["https:\/\/www.facebook.com\/Quartix-USA-374426386097401\/","https:\/\/x.com\/QuartixUSA","https:\/\/www.linkedin.com\/company\/5346733\/","https:\/\/www.youtube.com\/channel\/UCzS-_GMfHF4kWiCheyIRrAQ"]}]}},"_links":{"self":[{"href":"https:\/\/www.quartix.com\/pl-pl\/wp-json\/wp\/v2\/pages\/4778","targetHints":{"allow":["GET"]}}],"collection":[{"href":"https:\/\/www.quartix.com\/pl-pl\/wp-json\/wp\/v2\/pages"}],"about":[{"href":"https:\/\/www.quartix.com\/pl-pl\/wp-json\/wp\/v2\/types\/page"}],"author":[{"embeddable":true,"href":"https:\/\/www.quartix.com\/pl-pl\/wp-json\/wp\/v2\/users\/12"}],"replies":[{"embeddable":true,"href":"https:\/\/www.quartix.com\/pl-pl\/wp-json\/wp\/v2\/comments?post=4778"}],"version-history":[{"count":0,"href":"https:\/\/www.quartix.com\/pl-pl\/wp-json\/wp\/v2\/pages\/4778\/revisions"}],"up":[{"embeddable":true,"href":"https:\/\/www.quartix.com\/pl-pl\/wp-json\/wp\/v2\/pages\/4702"}],"wp:attachment":[{"href":"https:\/\/www.quartix.com\/pl-pl\/wp-json\/wp\/v2\/media?parent=4778"}],"wp:term":[{"taxonomy":"topic","embeddable":true,"href":"https:\/\/www.quartix.com\/pl-pl\/wp-json\/wp\/v2\/topic?post=4778"},{"taxonomy":"qtx_campaign","embeddable":true,"href":"https:\/\/www.quartix.com\/pl-pl\/wp-json\/wp\/v2\/qtx_campaign?post=4778"}],"curies":[{"name":"wp","href":"https:\/\/api.w.org\/{rel}","templated":true}]}}