{"id":4815,"date":"2019-01-20T19:33:24","date_gmt":"2019-01-20T19:33:24","guid":{"rendered":" https:\/\/www.quartix.com\/?page_id=4815"},"modified":"2024-03-14T12:22:31","modified_gmt":"2024-03-14T11:22:31","slug":"nowosci","status":"publish","type":"page","link":"https:\/\/www.quartix.com\/pl-pl\/wiecej\/nowosci\/","title":{"rendered":"Nowo\u015bci"},"content":{"rendered":"\r\n<section  class=\"qtx-pagebuilder-section qtx-pagebuilder-section-guidelistingtitle\">\r\n<div class=\"wrapper\">\r\n    <div class=\"innercontent\">\r\n    <i class=\"fa fa-rss\" aria-hidden=\"true\"><\/i>    <h2>Witaj!<\/h2>\n<p>Wiemy, \u017ce czas to pieni\u0105dz, wi\u0119c tutaj znajdziesz podsumowanie najnowszych informacji, wydarze\u0144 i warsztat\u00f3w, nie tylko w Quartix, ale r\u00f3wnie\u017c w bran\u017cy.<\/p>\n    <\/div>\r\n    <div class=\"photo\">\r\n        <img decoding=\"async\" src=\"https:\/\/www.quartix.com\/content\/uploads\/2018\/06\/moc\u0327a-768x888.png\" title=\"\"\/>    <\/div>\r\n<\/div>\r\n<\/section>\n\n\r\n\r\n<section  class=\"qtx-pagebuilder-section qtx-pagebuilder-section-guidelisting  nobottommargin\">\r\n        <div class=\"listingouter\">\r\n            <div class=\"listingwrapper\">\r\n                <div class=\"listing\">\r\n                        <div class=\"listingtitle\"><h4>Warsztaty Internetowe<\/h4><h3>Analiza Stylu Jazdy<\/h3><\/div>                        <div class=\"listingcontent\"><p><!-- wp:paragraph --><\/p>\n<p>Podczas tych warsztatow internetowych Ashley Bates, nasza specjalistka od lokalizacji pojazd\u00f3w, poka\u017ce przydatne w \u017cyciu codziennym zastosowania, wskaz\u00f3wki i skr\u00f3ty dotycz\u0105ce korzystania z funkcji raport\u00f3w dot. stylu jazdy. Trening obejmuje nast\u0119puj\u0105ce zagadnienia:<\/p>\n<p><!-- \/wp:paragraph --> <!-- wp:list --><\/p>\n<ul>\n<li>Ranking kierowc\u00f3w wg. stylu jazdy<\/li>\n<li>Codzienna odprawa kierowc\u00f3w<\/li>\n<li>Miesi\u0119czny raport pr\u0119dko\u015bci<\/li>\n<li>Raport dot. trendu w\u00a0stylu jazdy<\/li>\n<\/ul>\n<p><!-- \/wp:list --><\/p>\n<\/div>                        <a class='btn btn-green' href='\/pl-pl\/wiecej\/warsztaty-internetowe\/' title=' Obejrzyj' target='_blank'> Obejrzyj <i aria-hidden='true' class='fas fa-arrow-circle-right'><\/i><\/a>                <\/div>\r\n                <div class=\"image\">\r\n                                                <img loading=\"lazy\" decoding=\"async\" width=\"640\" height=\"389\" src=\"https:\/\/www.quartix.com\/content\/uploads\/2022\/04\/PL_driving-style-reports-1000x608.png\" class=\"\" alt=\"\" srcset=\"https:\/\/www.quartix.com\/content\/uploads\/2022\/04\/PL_driving-style-reports-1000x608.png 1000w, https:\/\/www.quartix.com\/content\/uploads\/2022\/04\/PL_driving-style-reports-300x182.png 300w, https:\/\/www.quartix.com\/content\/uploads\/2022\/04\/PL_driving-style-reports-768x467.png 768w, https:\/\/www.quartix.com\/content\/uploads\/2022\/04\/PL_driving-style-reports.png 1253w\" sizes=\"auto, (max-width: 640px) 100vw, 640px\" \/>  \r\n                                    <\/div>\r\n            <\/div>\r\n        <\/div>\r\n            <div class=\"listingouter\">\r\n            <div class=\"listingwrapper\">\r\n                <div class=\"listing\">\r\n                        <div class=\"listingtitle\"><h4>Rekomendacje<\/h4><h3>Ringtons analiza realizacji<\/h3><\/div>                        <div class=\"listingcontent\"><p><em>\u201cKwota, kt\u00f3r\u0105\u00a0zaoszcz\u0119dzili\u015bmy na samym paliwie w ubieg\u0142ym roku, przewy\u017cszy\u0142a koszty wdro\u017cenia i utrzymania systemu lokalizacji pojazd\u00f3w\u201d<\/em><\/p>\n<p><strong>&#8211; Stephen Killinger, Dyrektor.<\/strong><\/p>\n<p>Ringtons<\/p>\n<\/div>                                        <\/div>\r\n                <div class=\"image\">\r\n                                                <img loading=\"lazy\" decoding=\"async\" width=\"640\" height=\"483\" src=\"https:\/\/www.quartix.com\/content\/uploads\/2019\/02\/Ringtons-doorstep-delivery-service-1000x754.jpg\" class=\"\" alt=\"\" srcset=\"https:\/\/www.quartix.com\/content\/uploads\/2019\/02\/Ringtons-doorstep-delivery-service-1000x754.jpg 1000w, https:\/\/www.quartix.com\/content\/uploads\/2019\/02\/Ringtons-doorstep-delivery-service-300x226.jpg 300w, https:\/\/www.quartix.com\/content\/uploads\/2019\/02\/Ringtons-doorstep-delivery-service-768x579.jpg 768w\" sizes=\"auto, (max-width: 640px) 100vw, 640px\" \/>  \r\n                                    <\/div>\r\n            <\/div>\r\n        <\/div>\r\n    <\/section>\r\n    ","protected":false},"excerpt":{"rendered":"","protected":false},"author":12,"featured_media":0,"parent":4699,"menu_order":10,"comment_status":"closed","ping_status":"closed","template":"","meta":{"_acf_changed":false,"inline_featured_image":false,"footnotes":""},"topic":[],"qtx_campaign":[],"class_list":["post-4815","page","type-page","status-publish","hentry"],"acf":[],"yoast_head":"<!-- This site is optimized with the Yoast SEO Premium plugin v27.2 (Yoast SEO v27.2) - https:\/\/yoast.com\/product\/yoast-seo-premium-wordpress\/ -->\n<title>Nowo\u015bci - aktualizacje systemu, warsztaty, rekomendacje - PL<\/title>\n<meta name=\"description\" content=\"Nowo\u015bci nie tylko z Quartix, ale r\u00f3wnie\u017c z ca\u0142ej bran\u017cy rozwi\u0105za\u0144 telematycznych. Sprawd\u017a, co nowego s\u0142ycha\u0107 w swiecie lokalizacji pojazd\u00f3w i zarz\u0105dzania flot\u0105 oraz we\u017a udzia\u0142 w przydatnych warsztatach internetowych przybli\u017caj\u0105cych funkcje systemu...\" \/>\n<meta name=\"robots\" content=\"index, follow, max-snippet:-1, max-image-preview:large, max-video-preview:-1\" \/>\n<link rel=\"canonical\" href=\"https:\/\/www.quartix.com\/pl-pl\/wiecej\/nowosci\/\" \/>\n<meta property=\"og:locale\" content=\"pl_PL\" \/>\n<meta property=\"og:type\" content=\"article\" \/>\n<meta property=\"og:title\" content=\"Nowo\u015bci\" \/>\n<meta property=\"og:description\" content=\"Nowo\u015bci nie tylko z Quartix, ale r\u00f3wnie\u017c z ca\u0142ej bran\u017cy rozwi\u0105za\u0144 telematycznych. Sprawd\u017a, co nowego s\u0142ycha\u0107 w swiecie lokalizacji pojazd\u00f3w i zarz\u0105dzania flot\u0105 oraz we\u017a udzia\u0142 w przydatnych warsztatach internetowych przybli\u017caj\u0105cych funkcje systemu...\" \/>\n<meta property=\"og:url\" content=\"https:\/\/www.quartix.com\/pl-pl\/wiecej\/nowosci\/\" \/>\n<meta property=\"og:site_name\" content=\"Quartix\" \/>\n<meta property=\"article:publisher\" content=\"https:\/\/www.facebook.com\/Quartix-USA-374426386097401\/\" \/>\n<meta property=\"article:modified_time\" content=\"2024-03-14T11:22:31+00:00\" \/>\n<meta name=\"twitter:card\" content=\"summary_large_image\" \/>\n<meta name=\"twitter:site\" content=\"@QuartixUSA\" \/>\n<meta name=\"twitter:label1\" content=\"Est. reading time\" \/>\n\t<meta name=\"twitter:data1\" content=\"2 minutes\" \/>\n<!-- \/ Yoast SEO Premium plugin. -->","yoast_head_json":{"title":"Nowo\u015bci - aktualizacje systemu, warsztaty, rekomendacje - PL","description":"Nowo\u015bci nie tylko z Quartix, ale r\u00f3wnie\u017c z ca\u0142ej bran\u017cy rozwi\u0105za\u0144 telematycznych. Sprawd\u017a, co nowego s\u0142ycha\u0107 w swiecie lokalizacji pojazd\u00f3w i zarz\u0105dzania flot\u0105 oraz we\u017a udzia\u0142 w przydatnych warsztatach internetowych przybli\u017caj\u0105cych funkcje systemu...","robots":{"index":"index","follow":"follow","max-snippet":"max-snippet:-1","max-image-preview":"max-image-preview:large","max-video-preview":"max-video-preview:-1"},"canonical":"https:\/\/www.quartix.com\/pl-pl\/wiecej\/nowosci\/","og_locale":"pl_PL","og_type":"article","og_title":"Nowo\u015bci","og_description":"Nowo\u015bci nie tylko z Quartix, ale r\u00f3wnie\u017c z ca\u0142ej bran\u017cy rozwi\u0105za\u0144 telematycznych. Sprawd\u017a, co nowego s\u0142ycha\u0107 w swiecie lokalizacji pojazd\u00f3w i zarz\u0105dzania flot\u0105 oraz we\u017a udzia\u0142 w przydatnych warsztatach internetowych przybli\u017caj\u0105cych funkcje systemu...","og_url":"https:\/\/www.quartix.com\/pl-pl\/wiecej\/nowosci\/","og_site_name":"Quartix","article_publisher":"https:\/\/www.facebook.com\/Quartix-USA-374426386097401\/","article_modified_time":"2024-03-14T11:22:31+00:00","twitter_card":"summary_large_image","twitter_site":"@QuartixUSA","twitter_misc":{"Est. reading time":"2 minutes"},"schema":{"@context":"https:\/\/schema.org","@graph":[{"@type":"WebPage","@id":"https:\/\/www.quartix.com\/pl-pl\/wiecej\/nowosci\/","url":"https:\/\/www.quartix.com\/pl-pl\/wiecej\/nowosci\/","name":"Nowo\u015bci - aktualizacje systemu, warsztaty, rekomendacje","isPartOf":{"@id":"https:\/\/www.quartix.com\/pl-pl\/#website"},"datePublished":"2019-01-20T19:33:24+00:00","dateModified":"2024-03-14T11:22:31+00:00","description":"Nowo\u015bci nie tylko z Quartix, ale r\u00f3wnie\u017c z ca\u0142ej bran\u017cy rozwi\u0105za\u0144 telematycznych. Sprawd\u017a, co nowego s\u0142ycha\u0107 w swiecie lokalizacji pojazd\u00f3w i zarz\u0105dzania flot\u0105 oraz we\u017a udzia\u0142 w przydatnych warsztatach internetowych przybli\u017caj\u0105cych funkcje systemu...","breadcrumb":{"@id":"https:\/\/www.quartix.com\/pl-pl\/wiecej\/nowosci\/#breadcrumb"},"inLanguage":"pl-PL","potentialAction":[{"@type":"ReadAction","target":["https:\/\/www.quartix.com\/pl-pl\/wiecej\/nowosci\/"]}]},{"@type":"BreadcrumbList","@id":"https:\/\/www.quartix.com\/pl-pl\/wiecej\/nowosci\/#breadcrumb","itemListElement":[{"@type":"ListItem","position":1,"name":"Strona G\u0142\u00f3wna","item":"https:\/\/www.quartix.com\/pl-pl\/quartix-real-time-vehicle-tracking-2\/"},{"@type":"ListItem","position":2,"name":"Wi\u0119cej","item":"https:\/\/www.quartix.com\/pl-pl\/wiecej\/"},{"@type":"ListItem","position":3,"name":"Nowo\u015bci"}]},{"@type":"WebSite","@id":"https:\/\/www.quartix.com\/pl-pl\/#website","url":"https:\/\/www.quartix.com\/pl-pl\/","name":"Quartix","description":"Real-time vehicle tracking","publisher":{"@id":"https:\/\/www.quartix.com\/pl-pl\/#organization"},"potentialAction":[{"@type":"SearchAction","target":{"@type":"EntryPoint","urlTemplate":"https:\/\/www.quartix.com\/pl-pl\/?s={search_term_string}"},"query-input":{"@type":"PropertyValueSpecification","valueRequired":true,"valueName":"search_term_string"}}],"inLanguage":"pl-PL"},{"@type":"Organization","@id":"https:\/\/www.quartix.com\/pl-pl\/#organization","name":"Quartix","url":"https:\/\/www.quartix.com\/pl-pl\/","logo":{"@type":"ImageObject","inLanguage":"pl-PL","@id":"https:\/\/www.quartix.com\/pl-pl\/#\/schema\/logo\/image\/","url":"https:\/\/www.quartix.com\/content\/uploads\/2019\/02\/quartix-logo-eur.svg","contentUrl":"https:\/\/www.quartix.com\/content\/uploads\/2019\/02\/quartix-logo-eur.svg","width":1,"height":1,"caption":"Quartix"},"image":{"@id":"https:\/\/www.quartix.com\/pl-pl\/#\/schema\/logo\/image\/"},"sameAs":["https:\/\/www.facebook.com\/Quartix-USA-374426386097401\/","https:\/\/x.com\/QuartixUSA","https:\/\/www.linkedin.com\/company\/5346733\/","https:\/\/www.youtube.com\/channel\/UCzS-_GMfHF4kWiCheyIRrAQ"]}]}},"_links":{"self":[{"href":"https:\/\/www.quartix.com\/pl-pl\/wp-json\/wp\/v2\/pages\/4815","targetHints":{"allow":["GET"]}}],"collection":[{"href":"https:\/\/www.quartix.com\/pl-pl\/wp-json\/wp\/v2\/pages"}],"about":[{"href":"https:\/\/www.quartix.com\/pl-pl\/wp-json\/wp\/v2\/types\/page"}],"author":[{"embeddable":true,"href":"https:\/\/www.quartix.com\/pl-pl\/wp-json\/wp\/v2\/users\/12"}],"replies":[{"embeddable":true,"href":"https:\/\/www.quartix.com\/pl-pl\/wp-json\/wp\/v2\/comments?post=4815"}],"version-history":[{"count":0,"href":"https:\/\/www.quartix.com\/pl-pl\/wp-json\/wp\/v2\/pages\/4815\/revisions"}],"up":[{"embeddable":true,"href":"https:\/\/www.quartix.com\/pl-pl\/wp-json\/wp\/v2\/pages\/4699"}],"wp:attachment":[{"href":"https:\/\/www.quartix.com\/pl-pl\/wp-json\/wp\/v2\/media?parent=4815"}],"wp:term":[{"taxonomy":"topic","embeddable":true,"href":"https:\/\/www.quartix.com\/pl-pl\/wp-json\/wp\/v2\/topic?post=4815"},{"taxonomy":"qtx_campaign","embeddable":true,"href":"https:\/\/www.quartix.com\/pl-pl\/wp-json\/wp\/v2\/qtx_campaign?post=4815"}],"curies":[{"name":"wp","href":"https:\/\/api.w.org\/{rel}","templated":true}]}}