{"id":4817,"date":"2019-01-20T19:34:18","date_gmt":"2019-01-20T19:34:18","guid":{"rendered":" https:\/\/www.quartix.com\/?page_id=4817"},"modified":"2022-04-27T10:10:31","modified_gmt":"2022-04-27T09:10:31","slug":"warsztaty-internetowe","status":"publish","type":"page","link":"https:\/\/www.quartix.com\/pl-pl\/wiecej\/warsztaty-internetowe\/","title":{"rendered":"Warsztaty internetowe"},"content":{"rendered":"\n<div class=\"wp-block-columns is-layout-flex wp-container-core-columns-is-layout-28f84493 wp-block-columns-is-layout-flex\">\n<div class=\"wp-block-column is-layout-flow wp-block-column-is-layout-flow\">\n<h2 class=\"wp-block-heading\">Warsztat internetowy na temat kart ewidencji czasu pracy<\/h2>\n\n\n\n<p>Podczas tych warsztat\u00f3w internetowych Ashley Bates, nasza specjalistka od lokalizacji pojazd\u00f3w, poka\u017ce przydatne w \u017cyciu codziennym zastosowania, wskaz\u00f3wki i skr\u00f3ty dotycz\u0105ce korzystania z funkcji raport\u00f3w kart ewidencji czasu pracy. Trening obejmuje nast\u0119puj\u0105ce zagadnienia:<\/p>\n\n\n\n<ul class=\"wp-block-list\"><li>Funkcje i przegl\u0105d kart czasu pracy<\/li><li>Codzienne logowanie pojazd\u00f3w<\/li><li>Raport Przekrojowy<\/li><li>Raport z czasu sp\u0119dzonego w punkcie<\/li><\/ul>\n<\/div>\n\n\n\n<div class=\"wp-block-column is-layout-flow wp-block-column-is-layout-flow\">\n<figure class=\"wp-block-embed aligncenter is-type-video is-provider-youtube wp-block-embed-youtube wp-embed-aspect-16-9 wp-has-aspect-ratio\"><div class=\"wp-block-embed__wrapper\">\n<iframe loading=\"lazy\" title=\"Quartix Webinar #1 - Timesheets\" width=\"640\" height=\"360\" src=\"https:\/\/www.youtube.com\/embed\/hOoDcA8sJcY?feature=oembed\" frameborder=\"0\" allow=\"accelerometer; autoplay; clipboard-write; encrypted-media; gyroscope; picture-in-picture; web-share\" referrerpolicy=\"strict-origin-when-cross-origin\" allowfullscreen><\/iframe>\n<\/div><\/figure>\n<\/div>\n<\/div>\n\n\n\n<div class=\"wp-block-columns is-layout-flex wp-container-core-columns-is-layout-28f84493 wp-block-columns-is-layout-flex\">\n<div class=\"wp-block-column is-layout-flow wp-block-column-is-layout-flow\">\n<figure class=\"wp-block-embed aligncenter is-type-video is-provider-youtube wp-block-embed-youtube wp-embed-aspect-16-9 wp-has-aspect-ratio\"><div class=\"wp-block-embed__wrapper\">\n<iframe loading=\"lazy\" title=\"Quartix Webinar #2   Driving Style Reports\" width=\"640\" height=\"360\" src=\"https:\/\/www.youtube.com\/embed\/bOFN7N4gwEo?feature=oembed\" frameborder=\"0\" allow=\"accelerometer; autoplay; clipboard-write; encrypted-media; gyroscope; picture-in-picture; web-share\" referrerpolicy=\"strict-origin-when-cross-origin\" allowfullscreen><\/iframe>\n<\/div><\/figure>\n<\/div>\n\n\n\n<div class=\"wp-block-column is-layout-flow wp-block-column-is-layout-flow\">\n<h2 class=\"wp-block-heading\">Warsztat Internetowy na temat analizy stylu jazdy<\/h2>\n\n\n\n<p>Podczas tych warsztatow internetowych Ashley Bates, nasza specjalistka od lokalizacji pojazd\u00f3w, poka\u017ce przydatne w \u017cyciu codziennym zastosowania, wskaz\u00f3wki i skr\u00f3ty dotycz\u0105ce korzystania z funkcji raport\u00f3w dot. stylu jazdy. Trening obejmuje nast\u0119puj\u0105ce zagadnienia:<\/p>\n\n\n\n<ul class=\"wp-block-list\"><li>Ranking kierowc\u00f3w wg. stylu jazdy<\/li><li>Codzienna odprawa kierowc\u00f3w<\/li><li>Miesi\u0119czny raport pr\u0119dko\u015bci<\/li><li>Raport dot. trendu w&nbsp;stylu jazdy<\/li><\/ul>\n<\/div>\n<\/div>\n","protected":false},"excerpt":{"rendered":"<p>Warsztat internetowy na temat kart ewidencji czasu pracy Podczas tych warsztat\u00f3w internetowych Ashley Bates, nasza specjalistka od lokalizacji pojazd\u00f3w, poka\u017ce przydatne w \u017cyciu codziennym zastosowania, wskaz\u00f3wki i skr\u00f3ty dotycz\u0105ce korzystania z funkcji raport\u00f3w kart ewidencji czasu pracy. Trening obejmuje nast\u0119puj\u0105ce zagadnienia: Funkcje i przegl\u0105d kart czasu pracy Codzienne logowanie pojazd\u00f3w Raport Przekrojowy Raport z czasu [&hellip;]<\/p>\n","protected":false},"author":12,"featured_media":118092,"parent":4699,"menu_order":30,"comment_status":"closed","ping_status":"closed","template":"","meta":{"_acf_changed":false,"inline_featured_image":false,"footnotes":""},"topic":[],"qtx_campaign":[],"class_list":["post-4817","page","type-page","status-publish","has-post-thumbnail","hentry"],"acf":[],"yoast_head":"<!-- This site is optimized with the Yoast SEO Premium plugin v27.3 (Yoast SEO v27.3) - https:\/\/yoast.com\/product\/yoast-seo-premium-wordpress\/ -->\n<title>Warsztaty Internetowe dla klient\u00f3w firmy - PL<\/title>\n<meta name=\"description\" content=\"Zobacz przygotowane przez Quartix warsztaty internetowe pokazuj\u0105ce, jak korzysta\u0107 z raport\u00f3w dotycz\u0105cych kart ewidencji czasu pracy, codziennego logowania pojazdu, codziennych map tras, zachowania kierowc\u00f3w na drodze, trend\u00f3w w stylu jazdy i innych.\" \/>\n<meta name=\"robots\" content=\"index, follow, max-snippet:-1, max-image-preview:large, max-video-preview:-1\" \/>\n<link rel=\"canonical\" href=\"https:\/\/www.quartix.com\/pl-pl\/wiecej\/warsztaty-internetowe\/\" \/>\n<meta property=\"og:locale\" content=\"pl_PL\" \/>\n<meta property=\"og:type\" content=\"article\" \/>\n<meta property=\"og:title\" content=\"Warsztaty internetowe\" \/>\n<meta property=\"og:description\" content=\"Zobacz przygotowane przez Quartix warsztaty internetowe pokazuj\u0105ce, jak korzysta\u0107 z raport\u00f3w dotycz\u0105cych kart ewidencji czasu pracy, codziennego logowania pojazdu, codziennych map tras, zachowania kierowc\u00f3w na drodze, trend\u00f3w w stylu jazdy i innych.\" \/>\n<meta property=\"og:url\" content=\"https:\/\/www.quartix.com\/pl-pl\/wiecej\/warsztaty-internetowe\/\" \/>\n<meta property=\"og:site_name\" content=\"Quartix\" \/>\n<meta property=\"article:publisher\" content=\"https:\/\/www.facebook.com\/Quartix-USA-374426386097401\/\" \/>\n<meta property=\"article:modified_time\" content=\"2022-04-27T09:10:31+00:00\" \/>\n<meta property=\"og:image\" content=\"https:\/\/www.quartix.com\/content\/uploads\/2025\/03\/Smart-Fleet-Tracking-Webinar-thumbnail-2.png\" \/>\n\t<meta property=\"og:image:width\" content=\"1280\" \/>\n\t<meta property=\"og:image:height\" content=\"720\" \/>\n\t<meta property=\"og:image:type\" content=\"image\/png\" \/>\n<meta name=\"twitter:card\" content=\"summary_large_image\" \/>\n<meta name=\"twitter:site\" content=\"@QuartixUSA\" \/>\n<meta name=\"twitter:label1\" content=\"Est. reading time\" \/>\n\t<meta name=\"twitter:data1\" content=\"1 minute\" \/>\n<!-- \/ Yoast SEO Premium plugin. -->","yoast_head_json":{"title":"Warsztaty Internetowe dla klient\u00f3w firmy - PL","description":"Zobacz przygotowane przez Quartix warsztaty internetowe pokazuj\u0105ce, jak korzysta\u0107 z raport\u00f3w dotycz\u0105cych kart ewidencji czasu pracy, codziennego logowania pojazdu, codziennych map tras, zachowania kierowc\u00f3w na drodze, trend\u00f3w w stylu jazdy i innych.","robots":{"index":"index","follow":"follow","max-snippet":"max-snippet:-1","max-image-preview":"max-image-preview:large","max-video-preview":"max-video-preview:-1"},"canonical":"https:\/\/www.quartix.com\/pl-pl\/wiecej\/warsztaty-internetowe\/","og_locale":"pl_PL","og_type":"article","og_title":"Warsztaty internetowe","og_description":"Zobacz przygotowane przez Quartix warsztaty internetowe pokazuj\u0105ce, jak korzysta\u0107 z raport\u00f3w dotycz\u0105cych kart ewidencji czasu pracy, codziennego logowania pojazdu, codziennych map tras, zachowania kierowc\u00f3w na drodze, trend\u00f3w w stylu jazdy i innych.","og_url":"https:\/\/www.quartix.com\/pl-pl\/wiecej\/warsztaty-internetowe\/","og_site_name":"Quartix","article_publisher":"https:\/\/www.facebook.com\/Quartix-USA-374426386097401\/","article_modified_time":"2022-04-27T09:10:31+00:00","og_image":[{"width":1280,"height":720,"url":"https:\/\/www.quartix.com\/content\/uploads\/2025\/03\/Smart-Fleet-Tracking-Webinar-thumbnail-2.png","type":"image\/png"}],"twitter_card":"summary_large_image","twitter_site":"@QuartixUSA","twitter_misc":{"Est. reading time":"1 minute"},"schema":{"@context":"https:\/\/schema.org","@graph":[{"@type":"WebPage","@id":"https:\/\/www.quartix.com\/pl-pl\/wiecej\/warsztaty-internetowe\/","url":"https:\/\/www.quartix.com\/pl-pl\/wiecej\/warsztaty-internetowe\/","name":"Warsztaty Internetowe dla klient\u00f3w firmy","isPartOf":{"@id":"https:\/\/www.quartix.com\/pl-pl\/#website"},"primaryImageOfPage":{"@id":"https:\/\/www.quartix.com\/pl-pl\/wiecej\/warsztaty-internetowe\/#primaryimage"},"image":{"@id":"https:\/\/www.quartix.com\/pl-pl\/wiecej\/warsztaty-internetowe\/#primaryimage"},"thumbnailUrl":"https:\/\/www.quartix.com\/content\/uploads\/2025\/03\/Smart-Fleet-Tracking-Webinar-thumbnail-2.png","datePublished":"2019-01-20T19:34:18+00:00","dateModified":"2022-04-27T09:10:31+00:00","description":"Zobacz przygotowane przez Quartix warsztaty internetowe pokazuj\u0105ce, jak korzysta\u0107 z raport\u00f3w dotycz\u0105cych kart ewidencji czasu pracy, codziennego logowania pojazdu, codziennych map tras, zachowania kierowc\u00f3w na drodze, trend\u00f3w w stylu jazdy i innych.","breadcrumb":{"@id":"https:\/\/www.quartix.com\/pl-pl\/wiecej\/warsztaty-internetowe\/#breadcrumb"},"inLanguage":"pl-PL","potentialAction":[{"@type":"ReadAction","target":["https:\/\/www.quartix.com\/pl-pl\/wiecej\/warsztaty-internetowe\/"]}]},{"@type":"ImageObject","inLanguage":"pl-PL","@id":"https:\/\/www.quartix.com\/pl-pl\/wiecej\/warsztaty-internetowe\/#primaryimage","url":"https:\/\/www.quartix.com\/content\/uploads\/2025\/03\/Smart-Fleet-Tracking-Webinar-thumbnail-2.png","contentUrl":"https:\/\/www.quartix.com\/content\/uploads\/2025\/03\/Smart-Fleet-Tracking-Webinar-thumbnail-2.png","width":1280,"height":720,"caption":"A man in a suit stands in front of a background featuring a map and graphs. Text reads: \"LIVE WEBINAR Smart Fleet Tracking Today, Sean Maher."},{"@type":"BreadcrumbList","@id":"https:\/\/www.quartix.com\/pl-pl\/wiecej\/warsztaty-internetowe\/#breadcrumb","itemListElement":[{"@type":"ListItem","position":1,"name":"Strona G\u0142\u00f3wna","item":"https:\/\/www.quartix.com\/pl-pl\/quartix-real-time-vehicle-tracking-2\/"},{"@type":"ListItem","position":2,"name":"Wi\u0119cej","item":"https:\/\/www.quartix.com\/pl-pl\/wiecej\/"},{"@type":"ListItem","position":3,"name":"Warsztaty internetowe"}]},{"@type":"WebSite","@id":"https:\/\/www.quartix.com\/pl-pl\/#website","url":"https:\/\/www.quartix.com\/pl-pl\/","name":"Quartix","description":"Real-time vehicle tracking","publisher":{"@id":"https:\/\/www.quartix.com\/pl-pl\/#organization"},"potentialAction":[{"@type":"SearchAction","target":{"@type":"EntryPoint","urlTemplate":"https:\/\/www.quartix.com\/pl-pl\/?s={search_term_string}"},"query-input":{"@type":"PropertyValueSpecification","valueRequired":true,"valueName":"search_term_string"}}],"inLanguage":"pl-PL"},{"@type":"Organization","@id":"https:\/\/www.quartix.com\/pl-pl\/#organization","name":"Quartix","url":"https:\/\/www.quartix.com\/pl-pl\/","logo":{"@type":"ImageObject","inLanguage":"pl-PL","@id":"https:\/\/www.quartix.com\/pl-pl\/#\/schema\/logo\/image\/","url":"https:\/\/www.quartix.com\/content\/uploads\/2019\/02\/quartix-logo-eur.svg","contentUrl":"https:\/\/www.quartix.com\/content\/uploads\/2019\/02\/quartix-logo-eur.svg","width":1,"height":1,"caption":"Quartix"},"image":{"@id":"https:\/\/www.quartix.com\/pl-pl\/#\/schema\/logo\/image\/"},"sameAs":["https:\/\/www.facebook.com\/Quartix-USA-374426386097401\/","https:\/\/x.com\/QuartixUSA","https:\/\/www.linkedin.com\/company\/5346733\/","https:\/\/www.youtube.com\/channel\/UCzS-_GMfHF4kWiCheyIRrAQ"]}]}},"_links":{"self":[{"href":"https:\/\/www.quartix.com\/pl-pl\/wp-json\/wp\/v2\/pages\/4817","targetHints":{"allow":["GET"]}}],"collection":[{"href":"https:\/\/www.quartix.com\/pl-pl\/wp-json\/wp\/v2\/pages"}],"about":[{"href":"https:\/\/www.quartix.com\/pl-pl\/wp-json\/wp\/v2\/types\/page"}],"author":[{"embeddable":true,"href":"https:\/\/www.quartix.com\/pl-pl\/wp-json\/wp\/v2\/users\/12"}],"replies":[{"embeddable":true,"href":"https:\/\/www.quartix.com\/pl-pl\/wp-json\/wp\/v2\/comments?post=4817"}],"version-history":[{"count":0,"href":"https:\/\/www.quartix.com\/pl-pl\/wp-json\/wp\/v2\/pages\/4817\/revisions"}],"up":[{"embeddable":true,"href":"https:\/\/www.quartix.com\/pl-pl\/wp-json\/wp\/v2\/pages\/4699"}],"wp:featuredmedia":[{"embeddable":true,"href":"https:\/\/www.quartix.com\/pl-pl\/wp-json\/wp\/v2\/media\/118092"}],"wp:attachment":[{"href":"https:\/\/www.quartix.com\/pl-pl\/wp-json\/wp\/v2\/media?parent=4817"}],"wp:term":[{"taxonomy":"topic","embeddable":true,"href":"https:\/\/www.quartix.com\/pl-pl\/wp-json\/wp\/v2\/topic?post=4817"},{"taxonomy":"qtx_campaign","embeddable":true,"href":"https:\/\/www.quartix.com\/pl-pl\/wp-json\/wp\/v2\/qtx_campaign?post=4817"}],"curies":[{"name":"wp","href":"https:\/\/api.w.org\/{rel}","templated":true}]}}