{"id":4848,"date":"2019-01-21T06:49:39","date_gmt":"2019-01-21T06:49:39","guid":{"rendered":" https:\/\/www.quartix.com\/?page_id=4848"},"modified":"2022-10-14T11:46:49","modified_gmt":"2022-10-14T10:46:49","slug":"o-nas","status":"publish","type":"page","link":"https:\/\/www.quartix.com\/pl-pl\/firma\/o-nas\/","title":{"rendered":"O nas"},"content":{"rendered":"\n<div class=\"wp-block-columns is-layout-flex wp-container-core-columns-is-layout-28f84493 wp-block-columns-is-layout-flex\">\n<div class=\"wp-block-column is-layout-flow wp-block-column-is-layout-flow\">\n<h2 class=\"wp-block-heading\">Specjali\u015bci w lokalizacji pojazd\u00f3w<\/h2>\n\n\n\n<p>System Quartix zainstalowano w ponad 600 000 pojazd\u00f3w.<\/p>\n\n\n\n<p>Firma Quartix zosta\u0142a za\u0142o\u017cona w&nbsp;2001&nbsp;r. przez czterech specjalist\u00f3w w&nbsp;bran\u017cy, kt\u00f3rzy wsp\u00f3lnie mog\u0105 pochwali\u0107 si\u0119 ponad 120 latami do\u015bwiadczenia w&nbsp;tworzeniu system\u00f3w, telemetrii, wbudowanych system\u00f3w komputerowych, tworzeniu i wdra\u017caniu baz danych i \u0142\u0105czno\u015bci.<\/p>\n\n\n\n<p>Od samego pocz\u0105tku klienci bardzo dobrze przyjmuj\u0105 system Quartix: na chwil\u0119 obecn\u0105 firma ma 17 500 klient\u00f3w flotowych na terenie Stan\u00f3w Zjednoczonych i w Europie. W dniu roboczym urz\u0105dzenie lokalizacyjne firmy Quartix jest instalowane co 80 sekund.<\/p>\n\n\n\n<p>Od&nbsp;2013&nbsp;r. Quartix znajduje si\u0119 na <a href=\"\/en-gb\/company\/investors\/\">li\u015bcie sp\u00f3\u0142ek<\/a> notowanych na londy\u0144skiej gie\u0142dzie.<\/p>\n<\/div>\n\n\n\n<div class=\"wp-block-column is-layout-flow wp-block-column-is-layout-flow\">\n<figure class=\"wp-block-image aligncenter size-full\"><img decoding=\"async\" src=\" https:\/\/www.quartix.com\/content\/uploads\/2021\/06\/experts-at-tracking.svg\" alt=\"\" class=\"wp-image-59289\"\/><\/figure>\n<\/div>\n<\/div>\n\n\n<section class=\"qtx-pagebuilder-section countups qtx-pagebuilder-section-counters   nobottommargin\">\r\n        <div class=\"countup first\">\r\n            <p class=\"pretext\">Od 2001 r. ponad<\/p>\r\n            <p class=\"value\" id=\"cid11117217841\">600000<\/p>\r\n            <p class=\"posttext\">zainstalowanych urz\u0105dze\u0144<\/p>\r\n        <\/div>\r\n        <div class=\"countup\">\r\n            <p class=\"pretext\">Co<\/p>\r\n            <p class=\"value\" id=\"cid11117217842\">80<\/p>\r\n            <p class=\"posttext\">sekund jest instalowany nowy system<\/p>\r\n        <\/div>\r\n        <div class=\"countup\">\r\n            <p class=\"pretext\">Co miesi\u0105c ponad<\/p>\r\n            <p class=\"value\" id=\"cid11117217843\">400<\/p>\r\n            <p class=\"posttext\">nowych klient\u00f3w flotowych<\/p>\r\n    <\/div>\r\n<\/section>\r\n\r\n<script nonce=\"\" nonce=\"\">\r\n\r\n    jQuery(function($) {\r\n        $( document ).ready(function(){\r\n            var countercontroller1111721784 = new ScrollMagic.Controller();\r\n\r\n                                var options = {\r\n                        useEasing: true,\r\n                        useGrouping: true,\r\n                        separator: '.',\r\n                        decimal: ',',\r\n                        suffix: ''\r\n                    };\r\n                \r\n            let c1countup= new CountUp('cid11117217841', 0, 600000,0,2,options);\r\n\t\t\tvar c1scene = new ScrollMagic.Scene({\r\n                triggerElement: \"#cid11117217841\",\r\n                triggerHook: 'onEnter',\r\n\t\t\t})\r\n\t\t\t.addTo(countercontroller1111721784);\r\n            c1scene.on(\"enter\", function (event) {\r\n                if (!c1countup.error) {\r\n                \u2003\u2003c1countup.start();\r\n                } else {\r\n                \u2003\u2003console.error(c1countup.error);\r\n                }\r\n            });\r\n\r\n            let c2countup= new CountUp('cid11117217842', 0, 80,0,2,options);\r\n\t\t\tvar c2scene = new ScrollMagic.Scene({\r\n                triggerElement: \"#cid11117217842\",\r\n                triggerHook: 'onEnter',\r\n\t\t\t})\r\n\t\t\t.addTo(countercontroller1111721784);\r\n            c2scene.on(\"enter\", function (event) {\r\n                if (!c2countup.error) {\r\n                \u2003\u2003c2countup.start();\r\n                } else {\r\n                \u2003\u2003console.error(c2countup.error);\r\n                }\r\n            });\r\n\r\n            let c3countup= new CountUp('cid11117217843', 0, 400,0,2,options);\r\n\t\t\tvar c3scene = new ScrollMagic.Scene({\r\n                triggerElement: \"#cid11117217843\",\r\n                triggerHook: 'onEnter',\r\n\t\t\t})\r\n\t\t\t.addTo(countercontroller1111721784);\r\n            c3scene.on(\"enter\", function (event) {\r\n                if (!c3countup.error) {\r\n                \u2003\u2003c3countup.start();\r\n                } else {\r\n                \u2003\u2003console.error(c3countup.error);\r\n                }\r\n            });\r\n        })  \r\n    })\r\n            <\/script>\n\n<section  class=\"qtx-pagebuilder-section qtx-pagebuilder-section-blockquote qtx-pagebuilder-section-blockquote-green_testimonial_with_logo \">\r\n        <div class=\"green_testimonial_with_logo\">\r\n            <div class=\"speechmarks\">\r\n            <\/div>\r\n            <blockquote>\r\n                <p>Dzia\u0142 sprzeda\u017cy i obs\u0142ugi klienta firmy Quartix jest rewelacyjny. Bardzo szybko \u0142\u0105cz\u0119 si\u0119 z\u00a0doradc\u0105, kt\u00f3ry zawsze jest bardzo pomocny i\u00a0uprzejmy.<\/p>\n                                    <footer>\r\n                                                                            <div class=\"cites\">\r\n                                <cite class=\"author\">Derek Barnes<\/cite>\r\n                                <cite class=\"author_line_2\">Advanced Timber Harvesters<\/cite>\r\n                            <\/div>\r\n                                            <\/footer>\r\n                            <\/blockquote>\r\n        <\/div>\r\n        <\/section>\r\n\r\n\n\n\n<div class=\"wp-block-columns is-layout-flex wp-container-core-columns-is-layout-28f84493 wp-block-columns-is-layout-flex\">\n<div class=\"wp-block-column is-layout-flow wp-block-column-is-layout-flow\">\n<figure class=\"wp-block-image aligncenter\"><img decoding=\"async\" src=\" https:\/\/www.quartix.com\/content\/uploads\/2017\/09\/customers-big-and-small.svg\" alt=\"\"\/><\/figure>\n<\/div>\n\n\n\n<div class=\"wp-block-column is-layout-flow wp-block-column-is-layout-flow\">\n<h2 class=\"wp-block-heading\">Nasza oferta<\/h2>\n\n\n\n<p><strong>Dost\u0119p przez internet:&nbsp;<\/strong>&nbsp;Niewa\u017cne, czy jeste\u015b w&nbsp;domu, w&nbsp;pracy czy w&nbsp;trasie.<\/p>\n\n\n\n<p><strong>Szybko\u015b\u0107 i&nbsp;\u0142atwo\u015b\u0107 obs\u0142ugi:&nbsp;<\/strong>&nbsp;Szybki dost\u0119p do&nbsp;strony i&nbsp;intuicyjna nawigacja sprawiaj\u0105, \u017ce system jest bajecznie prosty w&nbsp;obs\u0142udze.<\/p>\n\n\n\n<p><strong>Brak ukrytych koszt\u00f3w:&nbsp;<\/strong>&nbsp;Ceny s\u0105 widoczne na&nbsp;naszej stronie i&nbsp;nie pobieramy \u017cadnych ukrytych op\u0142at zwi\u0105zanych z&nbsp;gwarancj\u0105, oprogramowaniem czy obs\u0142ug\u0105.<\/p>\n\n\n\n<p><strong>Kr\u00f3tkie umowy na subskrypcj\u0119:&nbsp;<\/strong>&nbsp;Nie b\u0119dziemy Ci\u0119 zmusza\u0107 do&nbsp;podpisywania trzyletniej umowy; jeste\u015bmy pewni, \u017ce po&nbsp;up\u0142ywie okresu pr\u00f3bnego zostaniesz z&nbsp;nami.<\/p>\n\n\n\n<p><strong>Obs\u0142uga:&nbsp;&nbsp;<\/strong>Szczycimy si\u0119 wysokim poziomem obs\u0142ugi klienta i&nbsp;d\u0142ugoletni\u0105 wsp\u00f3\u0142prac\u0105 z&nbsp;naszymi klientami.<\/p>\n\n\n\n<p><strong>Cena:&nbsp;&nbsp;<\/strong>Dajemy Ci dok\u0142adnie to, czego potrzebujesz bez zb\u0119dnych funkcji dodatkowych.<\/p>\n<\/div>\n<\/div>\n\n\n\n<div class=\"wp-block-columns is-layout-flex wp-container-core-columns-is-layout-28f84493 wp-block-columns-is-layout-flex\">\n<div class=\"wp-block-column is-layout-flow wp-block-column-is-layout-flow\">\n<h2 class=\"wp-block-heading\">Nasi klienci<\/h2>\n\n\n\n<p>Nasi klienci dzia\u0142aj\u0105 mi\u0119dzy innymi w&nbsp;nast\u0119puj\u0105cych bran\u017cach:<\/p>\n\n\n\n<p><strong>Budownictwo:&nbsp;&nbsp;<\/strong>wykopy, wyko\u0144czenia wn\u0119trz, hydraulika, us\u0142ugi elektryczne, murowanie, uk\u0142adanie pod\u0142\u00f3g, uk\u0142adanie p\u0142yt kartonowo-gipsowych, dekarstwo, k\u0142adzenie sidingu, monta\u017c klimatyzacji&#8230;<\/p>\n\n\n\n<p><strong>Specjalistyczne us\u0142ugi monta\u017cowe i projektowe:&nbsp;<\/strong>&nbsp;Monta\u017c\/konserwacja szyld\u00f3w, wyposa\u017cenie sklep\u00f3w, dezynsekcja, merchandizing, obrabiarki, wymiana okien, sprz\u0105tanie, us\u0142ugi w zakresie ochrony \u015brodowiska&#8230;<\/p>\n\n\n\n<p><strong>Transport:<\/strong>&nbsp; Pe\u0142en zakres us\u0142ug transportowych, m.&nbsp;in. transport samochodowy, us\u0142ugi kurierskie, z&nbsp;dojazdem do klienta, taks\u00f3wkarskie i&nbsp;wyspecjalizowane, np. transport dzie\u0142 sztuki i&nbsp;przedmiot\u00f3w warto\u015bciowych&#8230;<\/p>\n\n\n\n<p><strong>Bezpiecze\u0144stwo:&nbsp;&nbsp;<\/strong>Mi\u0119dzy innymi monta\u017c telewizji przemys\u0142owej, monitorowanie samochodami patrolowymi, transport pracowniczy, monitorowanie drogich instalacji i maszyn, \u015blusarze&#8230;<\/p>\n\n\n\n<p><strong>Dystrybucja produkt\u00f3w:&nbsp;&nbsp;<\/strong>Mi\u0119dzy innymi surowc\u00f3w, \u017cywno\u015bci, drobiu, opakowa\u0144, sprz\u0119tu, artyku\u0142\u00f3w elektrycznych, bi\u017cuterii, dystrybucja podzespo\u0142\u00f3w&#8230;<\/p>\n<\/div>\n\n\n\n<div class=\"wp-block-column is-layout-flow wp-block-column-is-layout-flow\">\n<figure class=\"wp-block-image aligncenter\"><img decoding=\"async\" src=\" https:\/\/www.quartix.com\/content\/uploads\/2017\/09\/award-winning.svg\" alt=\"\"\/><\/figure>\n<\/div>\n<\/div>\n","protected":false},"excerpt":{"rendered":"<p>Specjali\u015bci w lokalizacji pojazd\u00f3w System Quartix zainstalowano w ponad 600 000 pojazd\u00f3w. Firma Quartix zosta\u0142a za\u0142o\u017cona w&nbsp;2001&nbsp;r. przez czterech specjalist\u00f3w w&nbsp;bran\u017cy, kt\u00f3rzy wsp\u00f3lnie mog\u0105 pochwali\u0107 si\u0119 ponad 120 latami do\u015bwiadczenia w&nbsp;tworzeniu system\u00f3w, telemetrii, wbudowanych system\u00f3w komputerowych, tworzeniu i wdra\u017caniu baz danych i \u0142\u0105czno\u015bci. Od samego pocz\u0105tku klienci bardzo dobrze przyjmuj\u0105 system Quartix: na chwil\u0119 obecn\u0105 [&hellip;]<\/p>\n","protected":false},"author":12,"featured_media":0,"parent":4697,"menu_order":10,"comment_status":"closed","ping_status":"closed","template":"","meta":{"_acf_changed":false,"inline_featured_image":false,"footnotes":""},"topic":[],"qtx_campaign":[],"class_list":["post-4848","page","type-page","status-publish","hentry"],"acf":[],"yoast_head":"<!-- This site is optimized with the Yoast SEO Premium plugin v27.3 (Yoast SEO v27.3) - https:\/\/yoast.com\/product\/yoast-seo-premium-wordpress\/ -->\n<title>O nas - PL<\/title>\n<meta name=\"description\" content=\"Dowiedz si\u0119 o nas wi\u0119cej. Dzia\u0142aj\u0105c na rynku od ponad 17 lat, firma Quartix dostarczy\u0142a systemy lokalizacji pojazd\u00f3w GPS do ponad 12\u00a0000 klient\u00f3w monitoruj\u0105cych floty i dzia\u0142aj\u0105cych w wielu ga\u0142\u0119ziach biznesu oraz na wielu kontynentach...\" \/>\n<meta name=\"robots\" content=\"index, follow, max-snippet:-1, max-image-preview:large, max-video-preview:-1\" \/>\n<link rel=\"canonical\" href=\"https:\/\/www.quartix.com\/pl-pl\/firma\/o-nas\/\" \/>\n<meta property=\"og:locale\" content=\"pl_PL\" \/>\n<meta property=\"og:type\" content=\"article\" \/>\n<meta property=\"og:title\" content=\"O nas\" \/>\n<meta property=\"og:description\" content=\"Dowiedz si\u0119 o nas wi\u0119cej. Dzia\u0142aj\u0105c na rynku od ponad 17 lat, firma Quartix dostarczy\u0142a systemy lokalizacji pojazd\u00f3w GPS do ponad 12\u00a0000 klient\u00f3w monitoruj\u0105cych floty i dzia\u0142aj\u0105cych w wielu ga\u0142\u0119ziach biznesu oraz na wielu kontynentach...\" \/>\n<meta property=\"og:url\" content=\"https:\/\/www.quartix.com\/pl-pl\/firma\/o-nas\/\" \/>\n<meta property=\"og:site_name\" content=\"Quartix\" \/>\n<meta property=\"article:publisher\" content=\"https:\/\/www.facebook.com\/Quartix-USA-374426386097401\/\" \/>\n<meta property=\"article:modified_time\" content=\"2022-10-14T10:46:49+00:00\" \/>\n<meta name=\"twitter:card\" content=\"summary_large_image\" \/>\n<meta name=\"twitter:site\" content=\"@QuartixUSA\" \/>\n<meta name=\"twitter:label1\" content=\"Est. reading time\" \/>\n\t<meta name=\"twitter:data1\" content=\"2 minutes\" \/>\n<!-- \/ Yoast SEO Premium plugin. -->","yoast_head_json":{"title":"O nas - PL","description":"Dowiedz si\u0119 o nas wi\u0119cej. Dzia\u0142aj\u0105c na rynku od ponad 17 lat, firma Quartix dostarczy\u0142a systemy lokalizacji pojazd\u00f3w GPS do ponad 12\u00a0000 klient\u00f3w monitoruj\u0105cych floty i dzia\u0142aj\u0105cych w wielu ga\u0142\u0119ziach biznesu oraz na wielu kontynentach...","robots":{"index":"index","follow":"follow","max-snippet":"max-snippet:-1","max-image-preview":"max-image-preview:large","max-video-preview":"max-video-preview:-1"},"canonical":"https:\/\/www.quartix.com\/pl-pl\/firma\/o-nas\/","og_locale":"pl_PL","og_type":"article","og_title":"O nas","og_description":"Dowiedz si\u0119 o nas wi\u0119cej. Dzia\u0142aj\u0105c na rynku od ponad 17 lat, firma Quartix dostarczy\u0142a systemy lokalizacji pojazd\u00f3w GPS do ponad 12\u00a0000 klient\u00f3w monitoruj\u0105cych floty i dzia\u0142aj\u0105cych w wielu ga\u0142\u0119ziach biznesu oraz na wielu kontynentach...","og_url":"https:\/\/www.quartix.com\/pl-pl\/firma\/o-nas\/","og_site_name":"Quartix","article_publisher":"https:\/\/www.facebook.com\/Quartix-USA-374426386097401\/","article_modified_time":"2022-10-14T10:46:49+00:00","twitter_card":"summary_large_image","twitter_site":"@QuartixUSA","twitter_misc":{"Est. reading time":"2 minutes"},"schema":{"@context":"https:\/\/schema.org","@graph":[{"@type":"WebPage","@id":"https:\/\/www.quartix.com\/pl-pl\/firma\/o-nas\/","url":"https:\/\/www.quartix.com\/pl-pl\/firma\/o-nas\/","name":"O nas","isPartOf":{"@id":"https:\/\/www.quartix.com\/pl-pl\/#website"},"datePublished":"2019-01-21T06:49:39+00:00","dateModified":"2022-10-14T10:46:49+00:00","description":"Dowiedz si\u0119 o nas wi\u0119cej. Dzia\u0142aj\u0105c na rynku od ponad 17 lat, firma Quartix dostarczy\u0142a systemy lokalizacji pojazd\u00f3w GPS do ponad 12\u00a0000 klient\u00f3w monitoruj\u0105cych floty i dzia\u0142aj\u0105cych w wielu ga\u0142\u0119ziach biznesu oraz na wielu kontynentach...","breadcrumb":{"@id":"https:\/\/www.quartix.com\/pl-pl\/firma\/o-nas\/#breadcrumb"},"inLanguage":"pl-PL","potentialAction":[{"@type":"ReadAction","target":["https:\/\/www.quartix.com\/pl-pl\/firma\/o-nas\/"]}]},{"@type":"BreadcrumbList","@id":"https:\/\/www.quartix.com\/pl-pl\/firma\/o-nas\/#breadcrumb","itemListElement":[{"@type":"ListItem","position":1,"name":"Strona G\u0142\u00f3wna","item":"https:\/\/www.quartix.com\/pl-pl\/quartix-real-time-vehicle-tracking-2\/"},{"@type":"ListItem","position":2,"name":"Firma","item":"https:\/\/www.quartix.com\/pl-pl\/firma\/"},{"@type":"ListItem","position":3,"name":"O nas"}]},{"@type":"WebSite","@id":"https:\/\/www.quartix.com\/pl-pl\/#website","url":"https:\/\/www.quartix.com\/pl-pl\/","name":"Quartix","description":"Real-time vehicle tracking","publisher":{"@id":"https:\/\/www.quartix.com\/pl-pl\/#organization"},"potentialAction":[{"@type":"SearchAction","target":{"@type":"EntryPoint","urlTemplate":"https:\/\/www.quartix.com\/pl-pl\/?s={search_term_string}"},"query-input":{"@type":"PropertyValueSpecification","valueRequired":true,"valueName":"search_term_string"}}],"inLanguage":"pl-PL"},{"@type":"Organization","@id":"https:\/\/www.quartix.com\/pl-pl\/#organization","name":"Quartix","url":"https:\/\/www.quartix.com\/pl-pl\/","logo":{"@type":"ImageObject","inLanguage":"pl-PL","@id":"https:\/\/www.quartix.com\/pl-pl\/#\/schema\/logo\/image\/","url":"https:\/\/www.quartix.com\/content\/uploads\/2019\/02\/quartix-logo-eur.svg","contentUrl":"https:\/\/www.quartix.com\/content\/uploads\/2019\/02\/quartix-logo-eur.svg","width":1,"height":1,"caption":"Quartix"},"image":{"@id":"https:\/\/www.quartix.com\/pl-pl\/#\/schema\/logo\/image\/"},"sameAs":["https:\/\/www.facebook.com\/Quartix-USA-374426386097401\/","https:\/\/x.com\/QuartixUSA","https:\/\/www.linkedin.com\/company\/5346733\/","https:\/\/www.youtube.com\/channel\/UCzS-_GMfHF4kWiCheyIRrAQ"]}]}},"_links":{"self":[{"href":"https:\/\/www.quartix.com\/pl-pl\/wp-json\/wp\/v2\/pages\/4848","targetHints":{"allow":["GET"]}}],"collection":[{"href":"https:\/\/www.quartix.com\/pl-pl\/wp-json\/wp\/v2\/pages"}],"about":[{"href":"https:\/\/www.quartix.com\/pl-pl\/wp-json\/wp\/v2\/types\/page"}],"author":[{"embeddable":true,"href":"https:\/\/www.quartix.com\/pl-pl\/wp-json\/wp\/v2\/users\/12"}],"replies":[{"embeddable":true,"href":"https:\/\/www.quartix.com\/pl-pl\/wp-json\/wp\/v2\/comments?post=4848"}],"version-history":[{"count":0,"href":"https:\/\/www.quartix.com\/pl-pl\/wp-json\/wp\/v2\/pages\/4848\/revisions"}],"up":[{"embeddable":true,"href":"https:\/\/www.quartix.com\/pl-pl\/wp-json\/wp\/v2\/pages\/4697"}],"wp:attachment":[{"href":"https:\/\/www.quartix.com\/pl-pl\/wp-json\/wp\/v2\/media?parent=4848"}],"wp:term":[{"taxonomy":"topic","embeddable":true,"href":"https:\/\/www.quartix.com\/pl-pl\/wp-json\/wp\/v2\/topic?post=4848"},{"taxonomy":"qtx_campaign","embeddable":true,"href":"https:\/\/www.quartix.com\/pl-pl\/wp-json\/wp\/v2\/qtx_campaign?post=4848"}],"curies":[{"name":"wp","href":"https:\/\/api.w.org\/{rel}","templated":true}]}}