{"id":4932,"date":"2019-01-21T08:20:49","date_gmt":"2019-01-21T08:20:49","guid":{"rendered":" https:\/\/www.quartix.com\/?page_id=4932"},"modified":"2023-07-13T13:22:53","modified_gmt":"2023-07-13T12:22:53","slug":"lokalizacja-na-zywo","status":"publish","type":"page","link":"https:\/\/www.quartix.com\/pl-pl\/lokalizacja-pojazdow\/lokalizacja-na-zywo\/","title":{"rendered":"Lokalizacja na \u017cywo"},"content":{"rendered":"\n<div class=\"wp-block-columns is-layout-flex wp-container-core-columns-is-layout-28f84493 wp-block-columns-is-layout-flex\">\n<div class=\"wp-block-column is-layout-flow wp-block-column-is-layout-flow\">\n<h2 class=\"wp-block-heading\">Szybko i \u0142atwo sprawd\u017a aktualn\u0105 pozycj\u0119 Twoich samochod\u00f3w<\/h2>\n\n\n\n<p class=\"has-text-align-left\">Monitoruj swoje samochody i kierowc\u00f3w w czasie rzeczywistym. Lokalizacja pojazd\u00f3w mo\u017cliwa jest ze wszystkich urz\u0105dze\u0144 z dost\u0119pem do internetu oraz aplikacji przygotowanej na urz\u0105dzenia mobilne bez potrzeby instalacji dodatkowego oprogramowania.<\/p>\n\n\n\n<p>Nasz system, korzystaj\u0105cy z najnowszych map Google, umo\u017cliwia dost\u0119p do informacji o wszystkich twoich pojazdach i kierowcach oraz wgl\u0105d do czasu pracy kierowc\u00f3w i historii przejechanych tras z danego dnia.<\/p>\n<\/div>\n\n\n\n<div class=\"wp-block-column is-layout-flow wp-block-column-is-layout-flow\">\n<figure class=\"wp-block-image aligncenter\"><img decoding=\"async\" src=\" https:\/\/www.quartix.com\/content\/uploads\/2019\/02\/live-tracking.gif\" alt=\"\"\/><\/figure>\n<\/div>\n<\/div>\n\n\n<section  class=\"qtx-pagebuilder-section qtx-pagebuilder-section-blockquote qtx-pagebuilder-section-blockquote-left_green_border \">\r\n        <div class=\"left_green_border\">\r\n            <blockquote>\r\n                <p>Quartix wykona za\u00a0Ciebie ci\u0119\u017ck\u0105 prac\u0119 analizowania danych i\u00a0wygeneruje proste w\u00a0u\u017cyciu raporty. Wszystko jest dost\u0119pne przez internet, a system obejmuje pe\u0142n\u0105 gam\u0119 raport\u00f3w i\u00a0sposob\u00f3w wy\u015bwietlania informacji dotycz\u0105cych monitorowanych pojazd\u00f3w. Dzi\u0119ki temu \u0142atwo zidentifikujesz swoich najlepszych kierowc\u00f3w, skontrolujesz przebieg, koszty paliwa i pozb\u0119dziesz si\u0119 trosk zwi\u0105zanych z\u00a0prowadzeniem wymaganej dokumentacji.<\/p>\n                            <\/blockquote>\r\n        <\/div>\r\n        <\/section>\r\n\r\n\n\n\n<div class=\"wp-block-columns is-layout-flex wp-container-core-columns-is-layout-28f84493 wp-block-columns-is-layout-flex\">\n<div class=\"wp-block-column is-layout-flow wp-block-column-is-layout-flow\">\n<figure class=\"wp-block-image aligncenter\"><img decoding=\"async\" src=\" https:\/\/www.quartix.com\/content\/uploads\/2019\/02\/daily-vehicle-log-dziennik-pojazdu-dla-1000x566.jpg\" alt=\"daily vehicle log - dziennik pojazdu dla\"\/><\/figure>\n<\/div>\n\n\n\n<div class=\"wp-block-column is-layout-flow wp-block-column-is-layout-flow\">\n<h2 class=\"wp-block-heading\">Dziennik Pracy Pojazdu<\/h2>\n\n\n\n<p>Ustal, gdzie pojazd mia\u0142 przystanki i&nbsp;o&nbsp;kt\u00f3rej godzinie wykonano zlecenie lub dor\u0119czono towar. Dzienniki kierowc\u00f3w pokazuj\u0105 wszystkie pojedyncze przejazdy na&nbsp;dany dzie\u0144 wraz&nbsp;z godzin\u0105 rozpocz\u0119cia i zako\u0144czenia przejazdu, d\u0142ugo\u015bci\u0105 przejechanej trasy i czasem sp\u0119dzonym na biegu ja\u0142owym dla ka\u017cdego przejazdu.<\/p>\n\n\n\n<p>Szczeg\u00f3\u0142owo\u015b\u0107 raport\u00f3w \u0142atwo dopasujesz do swoich potrzeb, np. mo\u017cesz wy\u015bwietli\u0107 albo odfiltrowa\u0107 przystanki z w\u0142\u0105czonym zap\u0142onem czy kr\u00f3tkie przejazdy w bazie lub punkcie docelowym.<\/p>\n\n\n\n<p>Codzienne otrzymasz tak\u017ce wiadomo\u015b\u0107 e-mail z&nbsp;takim raportem, dzi\u0119ki kt\u00f3remu sprawdzisz, czy kierowcy wykonali prac\u0119 zgodnie z&nbsp;planem.<\/p>\n<\/div>\n<\/div>\n\n\n\n<div class=\"wp-block-columns is-layout-flex wp-container-core-columns-is-layout-28f84493 wp-block-columns-is-layout-flex\">\n<div class=\"wp-block-column is-layout-flow wp-block-column-is-layout-flow\">\n<h2 class=\"wp-block-heading\">Dzienne mapy tras<\/h2>\n\n\n\n<p>Quartix wy\u015bwietli wszystkie dzienne przejazdy i trasy wraz z oznaczonymi na mapie punktami orientacyjnymi pokazujacymi kierunek i pr\u0119dko\u015b\u0107. Spersonalizuj nazwy lokalizacji w regularnie odwiedzanych siedzibach klient\u00f3w, aby szybko skonktrolowa\u0107, czy trasy wybierane przez kierowc\u00f3w s\u0105 optymalne. Kliknij na punkty orientacyjne, aby uzyska\u0107 szczeg\u00f3\u0142owe informacje dotycz\u0105ce pr\u0119dko\u015bci lub przybli\u017c konkretn\u0105 lokalizacj\u0119, korzystaj\u0105c z&nbsp;Google Street View.<\/p>\n<\/div>\n\n\n\n<div class=\"wp-block-column is-layout-flow wp-block-column-is-layout-flow\"><\/div>\n<\/div>\n\n\n\n<div class=\"wp-block-columns is-layout-flex wp-container-core-columns-is-layout-28f84493 wp-block-columns-is-layout-flex\">\n<div class=\"wp-block-column is-layout-flow wp-block-column-is-layout-flow\">\n<figure class=\"wp-block-image aligncenter\"><img decoding=\"async\" src=\" https:\/\/www.quartix.com\/content\/uploads\/2019\/02\/PL-app-1-563x1000.gif\" alt=\"Polish mobile app\"\/><\/figure>\n<\/div>\n\n\n\n<div class=\"wp-block-column is-layout-flow wp-block-column-is-layout-flow\">\n<h2 class=\"wp-block-heading\">Aplikacja mobilna<\/h2>\n\n\n\n<p>Przegl\u0105daj rzeczywiste po\u0142o\u017cenie pojazd\u00f3w, kiedy znajdujesz si\u0119 poza biurem oraz ciesz si\u0119 dost\u0119pem do&nbsp;map tras pokonanych przez kierowc\u00f3w i&nbsp;ich zachowania kiedy jeste\u015b w&nbsp;podr\u00f3\u017cy. Dzi\u0119ki aplikacji mo\u017cesz tak\u017ce da\u0107 poszczeg\u00f3lnym kierowcom dost\u0119p do&nbsp;raport\u00f3w dotycz\u0105cych ich stylu jazdy \u2013 bez dawania im dost\u0119pu do&nbsp;informacji o&nbsp;wszystkich kierowcach. Aplikacj\u0119 mo\u017cna pobra\u0107 bezp\u0142atnie. Raporty dost\u0119pne w&nbsp;podr\u00f3\u017cy:<\/p>\n\n\n\n<ul class=\"wp-block-list\">\n<li>\u201eLista pojazd\u00f3w\u201d wy\u015bwietla wszystkie zarejestrowane pojazdy z&nbsp;ich aktualnym statusem<\/li>\n\n\n\n<li>\u201eAktualna Lokalizacja\u201d pokazuje ostatnie lokalizacje w&nbsp;czasie rzeczywistym<\/li>\n\n\n\n<li>\u201dPrzejazdy\u201d, gdzie sprawdzisz przejazdy z&nbsp;ka\u017cdego dnia z ostatnich sze\u015bciu miesi\u0119cy<\/li>\n<\/ul>\n<\/div>\n<\/div>\n","protected":false},"excerpt":{"rendered":"<p>Szybko i \u0142atwo sprawd\u017a aktualn\u0105 pozycj\u0119 Twoich samochod\u00f3w Monitoruj swoje samochody i kierowc\u00f3w w czasie rzeczywistym. Lokalizacja pojazd\u00f3w mo\u017cliwa jest ze wszystkich urz\u0105dze\u0144 z dost\u0119pem do internetu oraz aplikacji przygotowanej na urz\u0105dzenia mobilne bez potrzeby instalacji dodatkowego oprogramowania. Nasz system, korzystaj\u0105cy z najnowszych map Google, umo\u017cliwia dost\u0119p do informacji o wszystkich twoich pojazdach i kierowcach [&hellip;]<\/p>\n","protected":false},"author":12,"featured_media":0,"parent":4702,"menu_order":10,"comment_status":"closed","ping_status":"closed","template":"","meta":{"_acf_changed":false,"inline_featured_image":false,"footnotes":""},"topic":[],"qtx_campaign":[],"class_list":["post-4932","page","type-page","status-publish","hentry"],"acf":[],"yoast_head":"<!-- This site is optimized with the Yoast SEO Premium plugin v27.3 (Yoast SEO v27.3) - https:\/\/yoast.com\/product\/yoast-seo-premium-wordpress\/ -->\n<title>Lokalizacja pojazd\u00f3w w czasie rzeczywistym - PL<\/title>\n<meta name=\"description\" content=\"Lokalizacja pojazd\u00f3w w czasie rzeczywistym pozwala szybko i \u0142atwo sprawdzi\u0107 aktualn\u0105 pozycj\u0119 pojazd\u00f3w w Twojej flocie u\u017cywaj\u0105c dowolnego urz\u0105dzenia z dost\u0119pem do internetu oraz aplikacji mobilnej bez potrzeby instalacji dodatkowego oprogramowania...\" \/>\n<meta name=\"robots\" content=\"index, follow, max-snippet:-1, max-image-preview:large, max-video-preview:-1\" \/>\n<link rel=\"canonical\" href=\"https:\/\/www.quartix.com\/pl-pl\/lokalizacja-pojazdow\/lokalizacja-na-zywo\/\" \/>\n<meta property=\"og:locale\" content=\"pl_PL\" \/>\n<meta property=\"og:type\" content=\"article\" \/>\n<meta property=\"og:title\" content=\"Lokalizacja na \u017cywo\" \/>\n<meta property=\"og:description\" content=\"Lokalizacja pojazd\u00f3w w czasie rzeczywistym pozwala szybko i \u0142atwo sprawdzi\u0107 aktualn\u0105 pozycj\u0119 pojazd\u00f3w w Twojej flocie u\u017cywaj\u0105c dowolnego urz\u0105dzenia z dost\u0119pem do internetu oraz aplikacji mobilnej bez potrzeby instalacji dodatkowego oprogramowania...\" \/>\n<meta property=\"og:url\" content=\"https:\/\/www.quartix.com\/pl-pl\/lokalizacja-pojazdow\/lokalizacja-na-zywo\/\" \/>\n<meta property=\"og:site_name\" content=\"Quartix\" \/>\n<meta property=\"article:publisher\" content=\"https:\/\/www.facebook.com\/Quartix-USA-374426386097401\/\" \/>\n<meta property=\"article:modified_time\" content=\"2023-07-13T12:22:53+00:00\" \/>\n<meta name=\"twitter:card\" content=\"summary_large_image\" \/>\n<meta name=\"twitter:site\" content=\"@QuartixUSA\" \/>\n<meta name=\"twitter:label1\" content=\"Est. reading time\" \/>\n\t<meta name=\"twitter:data1\" content=\"2 minutes\" \/>\n<!-- \/ Yoast SEO Premium plugin. -->","yoast_head_json":{"title":"Lokalizacja pojazd\u00f3w w czasie rzeczywistym - PL","description":"Lokalizacja pojazd\u00f3w w czasie rzeczywistym pozwala szybko i \u0142atwo sprawdzi\u0107 aktualn\u0105 pozycj\u0119 pojazd\u00f3w w Twojej flocie u\u017cywaj\u0105c dowolnego urz\u0105dzenia z dost\u0119pem do internetu oraz aplikacji mobilnej bez potrzeby instalacji dodatkowego oprogramowania...","robots":{"index":"index","follow":"follow","max-snippet":"max-snippet:-1","max-image-preview":"max-image-preview:large","max-video-preview":"max-video-preview:-1"},"canonical":"https:\/\/www.quartix.com\/pl-pl\/lokalizacja-pojazdow\/lokalizacja-na-zywo\/","og_locale":"pl_PL","og_type":"article","og_title":"Lokalizacja na \u017cywo","og_description":"Lokalizacja pojazd\u00f3w w czasie rzeczywistym pozwala szybko i \u0142atwo sprawdzi\u0107 aktualn\u0105 pozycj\u0119 pojazd\u00f3w w Twojej flocie u\u017cywaj\u0105c dowolnego urz\u0105dzenia z dost\u0119pem do internetu oraz aplikacji mobilnej bez potrzeby instalacji dodatkowego oprogramowania...","og_url":"https:\/\/www.quartix.com\/pl-pl\/lokalizacja-pojazdow\/lokalizacja-na-zywo\/","og_site_name":"Quartix","article_publisher":"https:\/\/www.facebook.com\/Quartix-USA-374426386097401\/","article_modified_time":"2023-07-13T12:22:53+00:00","twitter_card":"summary_large_image","twitter_site":"@QuartixUSA","twitter_misc":{"Est. reading time":"2 minutes"},"schema":{"@context":"https:\/\/schema.org","@graph":[{"@type":"WebPage","@id":"https:\/\/www.quartix.com\/pl-pl\/lokalizacja-pojazdow\/lokalizacja-na-zywo\/","url":"https:\/\/www.quartix.com\/pl-pl\/lokalizacja-pojazdow\/lokalizacja-na-zywo\/","name":"Lokalizacja pojazd\u00f3w w czasie rzeczywistym","isPartOf":{"@id":"https:\/\/www.quartix.com\/pl-pl\/#website"},"datePublished":"2019-01-21T08:20:49+00:00","dateModified":"2023-07-13T12:22:53+00:00","description":"Lokalizacja pojazd\u00f3w w czasie rzeczywistym pozwala szybko i \u0142atwo sprawdzi\u0107 aktualn\u0105 pozycj\u0119 pojazd\u00f3w w Twojej flocie u\u017cywaj\u0105c dowolnego urz\u0105dzenia z dost\u0119pem do internetu oraz aplikacji mobilnej bez potrzeby instalacji dodatkowego oprogramowania...","breadcrumb":{"@id":"https:\/\/www.quartix.com\/pl-pl\/lokalizacja-pojazdow\/lokalizacja-na-zywo\/#breadcrumb"},"inLanguage":"pl-PL","potentialAction":[{"@type":"ReadAction","target":["https:\/\/www.quartix.com\/pl-pl\/lokalizacja-pojazdow\/lokalizacja-na-zywo\/"]}]},{"@type":"BreadcrumbList","@id":"https:\/\/www.quartix.com\/pl-pl\/lokalizacja-pojazdow\/lokalizacja-na-zywo\/#breadcrumb","itemListElement":[{"@type":"ListItem","position":1,"name":"Strona G\u0142\u00f3wna","item":"https:\/\/www.quartix.com\/pl-pl\/"},{"@type":"ListItem","position":2,"name":"Lokalizacja Pojazd\u00f3w","item":"https:\/\/www.quartix.com\/pl-pl\/lokalizacja-pojazdow\/"},{"@type":"ListItem","position":3,"name":"Lokalizacja na \u017cywo"}]},{"@type":"WebSite","@id":"https:\/\/www.quartix.com\/pl-pl\/#website","url":"https:\/\/www.quartix.com\/pl-pl\/","name":"Quartix","description":"Real-time vehicle tracking","publisher":{"@id":"https:\/\/www.quartix.com\/pl-pl\/#organization"},"potentialAction":[{"@type":"SearchAction","target":{"@type":"EntryPoint","urlTemplate":"https:\/\/www.quartix.com\/pl-pl\/?s={search_term_string}"},"query-input":{"@type":"PropertyValueSpecification","valueRequired":true,"valueName":"search_term_string"}}],"inLanguage":"pl-PL"},{"@type":"Organization","@id":"https:\/\/www.quartix.com\/pl-pl\/#organization","name":"Quartix","url":"https:\/\/www.quartix.com\/pl-pl\/","logo":{"@type":"ImageObject","inLanguage":"pl-PL","@id":"https:\/\/www.quartix.com\/pl-pl\/#\/schema\/logo\/image\/","url":"https:\/\/www.quartix.com\/content\/uploads\/2019\/02\/quartix-logo-eur.svg","contentUrl":"https:\/\/www.quartix.com\/content\/uploads\/2019\/02\/quartix-logo-eur.svg","width":1,"height":1,"caption":"Quartix"},"image":{"@id":"https:\/\/www.quartix.com\/pl-pl\/#\/schema\/logo\/image\/"},"sameAs":["https:\/\/www.facebook.com\/Quartix-USA-374426386097401\/","https:\/\/x.com\/QuartixUSA","https:\/\/www.linkedin.com\/company\/5346733\/","https:\/\/www.youtube.com\/channel\/UCzS-_GMfHF4kWiCheyIRrAQ"]}]}},"_links":{"self":[{"href":"https:\/\/www.quartix.com\/pl-pl\/wp-json\/wp\/v2\/pages\/4932","targetHints":{"allow":["GET"]}}],"collection":[{"href":"https:\/\/www.quartix.com\/pl-pl\/wp-json\/wp\/v2\/pages"}],"about":[{"href":"https:\/\/www.quartix.com\/pl-pl\/wp-json\/wp\/v2\/types\/page"}],"author":[{"embeddable":true,"href":"https:\/\/www.quartix.com\/pl-pl\/wp-json\/wp\/v2\/users\/12"}],"replies":[{"embeddable":true,"href":"https:\/\/www.quartix.com\/pl-pl\/wp-json\/wp\/v2\/comments?post=4932"}],"version-history":[{"count":0,"href":"https:\/\/www.quartix.com\/pl-pl\/wp-json\/wp\/v2\/pages\/4932\/revisions"}],"up":[{"embeddable":true,"href":"https:\/\/www.quartix.com\/pl-pl\/wp-json\/wp\/v2\/pages\/4702"}],"wp:attachment":[{"href":"https:\/\/www.quartix.com\/pl-pl\/wp-json\/wp\/v2\/media?parent=4932"}],"wp:term":[{"taxonomy":"topic","embeddable":true,"href":"https:\/\/www.quartix.com\/pl-pl\/wp-json\/wp\/v2\/topic?post=4932"},{"taxonomy":"qtx_campaign","embeddable":true,"href":"https:\/\/www.quartix.com\/pl-pl\/wp-json\/wp\/v2\/qtx_campaign?post=4932"}],"curies":[{"name":"wp","href":"https:\/\/api.w.org\/{rel}","templated":true}]}}