{"id":4967,"date":"2019-01-21T10:57:22","date_gmt":"2019-01-21T10:57:22","guid":{"rendered":" https:\/\/www.quartix.com\/?page_id=4967"},"modified":"2022-07-05T15:56:51","modified_gmt":"2022-07-05T14:56:51","slug":"warunki-i-postanowienia-set","status":"publish","type":"page","link":"https:\/\/www.quartix.com\/pl-pl\/warunki-i-postanowienia-set\/","title":{"rendered":"Warunki i Postanowienia Set"},"content":{"rendered":"\n<h3 class=\"wp-block-heading\"><a href=\" https:\/\/www.quartix.com\/pl-pl\/warunki-i-postanowienia\/\">Warunki i Postanowienia<\/a><\/h3>\n\n\n\n<h3 class=\"wp-block-heading\"><a href=\" https:\/\/www.quartix.com\/pl-pl\/polityka-zwrotow-i-anulowania-quartix-limited\/\">Polityka zwrot\u00f3w i anulowania Quartix Limited<\/a><\/h3>\n\n\n\n<h3 class=\"wp-block-heading\"><a href=\" https:\/\/www.quartix.com\/pl-pl\/warunki-i-postanowienia-platnosci-cyklicznych\/\">Warunki i postanowienia p\u0142atno\u015bci cyklicznych<\/a><\/h3>\n\n\n\n<h3 class=\"wp-block-heading\"><a href=\" https:\/\/www.quartix.com\/pl-pl\/warunki-przetwarzania-danych\/\">Warunki przetwarzania danych firmy Quartix<\/a><\/h3>\n\n\n\n<h3 class=\"wp-block-heading\"><a href=\" https:\/\/www.quartix.com\/pl-pl\/polityka-prywatnosci\/\">Polityka Prywatno\u015bci<\/a><\/h3>\n","protected":false},"excerpt":{"rendered":"<p>Warunki i Postanowienia Polityka zwrot\u00f3w i anulowania Quartix Limited Warunki i postanowienia p\u0142atno\u015bci cyklicznych Warunki przetwarzania danych firmy Quartix Polityka Prywatno\u015bci<\/p>\n","protected":false},"author":12,"featured_media":0,"parent":0,"menu_order":700,"comment_status":"closed","ping_status":"closed","template":"","meta":{"_acf_changed":false,"inline_featured_image":false,"footnotes":""},"topic":[],"qtx_campaign":[],"class_list":["post-4967","page","type-page","status-publish","hentry"],"acf":[],"yoast_head":"<!-- This site is optimized with the Yoast SEO Premium plugin v27.3 (Yoast SEO v27.3) - https:\/\/yoast.com\/product\/yoast-seo-premium-wordpress\/ -->\n<title>Warunki i Postanowienia Set - PL<\/title>\n<meta name=\"robots\" content=\"index, follow, max-snippet:-1, max-image-preview:large, max-video-preview:-1\" \/>\n<link rel=\"canonical\" href=\"https:\/\/www.quartix.com\/pl-pl\/warunki-i-postanowienia-set\/\" \/>\n<meta property=\"og:locale\" content=\"pl_PL\" \/>\n<meta property=\"og:type\" content=\"article\" \/>\n<meta property=\"og:title\" content=\"Warunki i Postanowienia Set\" \/>\n<meta property=\"og:description\" content=\"Warunki i Postanowienia Polityka zwrot\u00f3w i anulowania Quartix Limited Warunki i postanowienia p\u0142atno\u015bci cyklicznych Warunki przetwarzania danych firmy Quartix Polityka Prywatno\u015bci\" \/>\n<meta property=\"og:url\" content=\"https:\/\/www.quartix.com\/pl-pl\/warunki-i-postanowienia-set\/\" \/>\n<meta property=\"og:site_name\" content=\"Quartix\" \/>\n<meta property=\"article:publisher\" content=\"https:\/\/www.facebook.com\/Quartix-USA-374426386097401\/\" \/>\n<meta property=\"article:modified_time\" content=\"2022-07-05T14:56:51+00:00\" \/>\n<meta name=\"twitter:card\" content=\"summary_large_image\" \/>\n<meta name=\"twitter:site\" content=\"@QuartixUSA\" \/>\n<meta name=\"twitter:label1\" content=\"Est. reading time\" \/>\n\t<meta name=\"twitter:data1\" content=\"1 minute\" \/>\n<!-- \/ Yoast SEO Premium plugin. -->","yoast_head_json":{"title":"Warunki i Postanowienia Set - PL","robots":{"index":"index","follow":"follow","max-snippet":"max-snippet:-1","max-image-preview":"max-image-preview:large","max-video-preview":"max-video-preview:-1"},"canonical":"https:\/\/www.quartix.com\/pl-pl\/warunki-i-postanowienia-set\/","og_locale":"pl_PL","og_type":"article","og_title":"Warunki i Postanowienia Set","og_description":"Warunki i Postanowienia Polityka zwrot\u00f3w i anulowania Quartix Limited Warunki i postanowienia p\u0142atno\u015bci cyklicznych Warunki przetwarzania danych firmy Quartix Polityka Prywatno\u015bci","og_url":"https:\/\/www.quartix.com\/pl-pl\/warunki-i-postanowienia-set\/","og_site_name":"Quartix","article_publisher":"https:\/\/www.facebook.com\/Quartix-USA-374426386097401\/","article_modified_time":"2022-07-05T14:56:51+00:00","twitter_card":"summary_large_image","twitter_site":"@QuartixUSA","twitter_misc":{"Est. reading time":"1 minute"},"schema":{"@context":"https:\/\/schema.org","@graph":[{"@type":"WebPage","@id":"https:\/\/www.quartix.com\/pl-pl\/warunki-i-postanowienia-set\/","url":"https:\/\/www.quartix.com\/pl-pl\/warunki-i-postanowienia-set\/","name":"Warunki i Postanowienia Set","isPartOf":{"@id":"https:\/\/www.quartix.com\/pl-pl\/#website"},"datePublished":"2019-01-21T10:57:22+00:00","dateModified":"2022-07-05T14:56:51+00:00","breadcrumb":{"@id":"https:\/\/www.quartix.com\/pl-pl\/warunki-i-postanowienia-set\/#breadcrumb"},"inLanguage":"pl-PL","potentialAction":[{"@type":"ReadAction","target":["https:\/\/www.quartix.com\/pl-pl\/warunki-i-postanowienia-set\/"]}]},{"@type":"BreadcrumbList","@id":"https:\/\/www.quartix.com\/pl-pl\/warunki-i-postanowienia-set\/#breadcrumb","itemListElement":[{"@type":"ListItem","position":1,"name":"Strona G\u0142\u00f3wna","item":"https:\/\/www.quartix.com\/pl-pl\/quartix-real-time-vehicle-tracking-2\/"},{"@type":"ListItem","position":2,"name":"Warunki i Postanowienia Set"}]},{"@type":"WebSite","@id":"https:\/\/www.quartix.com\/pl-pl\/#website","url":"https:\/\/www.quartix.com\/pl-pl\/","name":"Quartix","description":"Real-time vehicle tracking","publisher":{"@id":"https:\/\/www.quartix.com\/pl-pl\/#organization"},"potentialAction":[{"@type":"SearchAction","target":{"@type":"EntryPoint","urlTemplate":"https:\/\/www.quartix.com\/pl-pl\/?s={search_term_string}"},"query-input":{"@type":"PropertyValueSpecification","valueRequired":true,"valueName":"search_term_string"}}],"inLanguage":"pl-PL"},{"@type":"Organization","@id":"https:\/\/www.quartix.com\/pl-pl\/#organization","name":"Quartix","url":"https:\/\/www.quartix.com\/pl-pl\/","logo":{"@type":"ImageObject","inLanguage":"pl-PL","@id":"https:\/\/www.quartix.com\/pl-pl\/#\/schema\/logo\/image\/","url":"https:\/\/www.quartix.com\/content\/uploads\/2019\/02\/quartix-logo-eur.svg","contentUrl":"https:\/\/www.quartix.com\/content\/uploads\/2019\/02\/quartix-logo-eur.svg","width":1,"height":1,"caption":"Quartix"},"image":{"@id":"https:\/\/www.quartix.com\/pl-pl\/#\/schema\/logo\/image\/"},"sameAs":["https:\/\/www.facebook.com\/Quartix-USA-374426386097401\/","https:\/\/x.com\/QuartixUSA","https:\/\/www.linkedin.com\/company\/5346733\/","https:\/\/www.youtube.com\/channel\/UCzS-_GMfHF4kWiCheyIRrAQ"]}]}},"_links":{"self":[{"href":"https:\/\/www.quartix.com\/pl-pl\/wp-json\/wp\/v2\/pages\/4967","targetHints":{"allow":["GET"]}}],"collection":[{"href":"https:\/\/www.quartix.com\/pl-pl\/wp-json\/wp\/v2\/pages"}],"about":[{"href":"https:\/\/www.quartix.com\/pl-pl\/wp-json\/wp\/v2\/types\/page"}],"author":[{"embeddable":true,"href":"https:\/\/www.quartix.com\/pl-pl\/wp-json\/wp\/v2\/users\/12"}],"replies":[{"embeddable":true,"href":"https:\/\/www.quartix.com\/pl-pl\/wp-json\/wp\/v2\/comments?post=4967"}],"version-history":[{"count":0,"href":"https:\/\/www.quartix.com\/pl-pl\/wp-json\/wp\/v2\/pages\/4967\/revisions"}],"wp:attachment":[{"href":"https:\/\/www.quartix.com\/pl-pl\/wp-json\/wp\/v2\/media?parent=4967"}],"wp:term":[{"taxonomy":"topic","embeddable":true,"href":"https:\/\/www.quartix.com\/pl-pl\/wp-json\/wp\/v2\/topic?post=4967"},{"taxonomy":"qtx_campaign","embeddable":true,"href":"https:\/\/www.quartix.com\/pl-pl\/wp-json\/wp\/v2\/qtx_campaign?post=4967"}],"curies":[{"name":"wp","href":"https:\/\/api.w.org\/{rel}","templated":true}]}}