{"id":4983,"date":"2019-01-21T11:20:22","date_gmt":"2019-01-21T11:20:22","guid":{"rendered":" https:\/\/www.quartix.com\/?page_id=4983"},"modified":"2023-07-21T11:14:17","modified_gmt":"2023-07-21T10:14:17","slug":"polityka-zwrotow-i-anulowania-quartix-limited","status":"publish","type":"page","link":"https:\/\/www.quartix.com\/pl-pl\/polityka-zwrotow-i-anulowania-quartix-limited\/","title":{"rendered":"Polityka zwrot\u00f3w i anulowania Quartix Limited"},"content":{"rendered":"<h3>Zwroty<\/h3>\n<p>Po dokonaniu p\u0142atno\u015bci, op\u0142aty za Produkty i Us\u0142ugi nie podlegaj\u0105 zwrotowi, chyba \u017ce firma Quartix Ltd (\u201eQuartix\u201d), dzia\u0142aj\u0105c wed\u0142ug w\u0142asnego uznania, zdecyduje si\u0119 na zwrot p\u0142atno\u015bci lub jest do tego prawnie zobowi\u0105zana.&nbsp; W przypadku ustalenia zwrotu pieni\u0119dzy lub ich cz\u0119\u015bci, prosimy o pozostawienie firmie Quartix czternastu (14) dni na zrealizowanie zwrotu.<\/p>\n<h3>Dostawa i monta\u017c<\/h3>\n<p>Wszystkie dni i godziny dostarczenia Produktu s\u0105 przybli\u017cone, jednak firma Quartix do\u0142o\u017cy wszelkich stara\u0144, aby ich przestrzega\u0107. Czas nie jest priorytetem i firma Quartix nie ponosi odpowiedzialno\u015bci za straty lub szkody wynikaj\u0105ce z op\u00f3\u017anionej dostawy lub z powodu nieprzestrzegania przez ni\u0105 terminu monta\u017cu.&nbsp; W przypadku, gdy wymagane jest um\u00f3wienie si\u0119 na monta\u017c, je\u015bli Klient chce go anulowa\u0107 lub op\u00f3\u017ani\u0107 z jakiegokolwiek powodu, Quartix wymaga pisemnego powiadomienia z co najmniej 24-godzinnym wyprzedzeniem, w przeciwnym razie zastosowanie b\u0119dzie mia\u0142a op\u0142ata za anulowanie w wysoko\u015bci 386z\u0142 netto za jednostk\u0119.<\/p>\n<p>W&nbsp;przypadku, gdy Klient op\u00f3\u017ani monta\u017c (je\u015bli jest to wymagane) Produkt\u00f3w powy\u017cej 30 dni od daty monta\u017cu pierwszego Produktu w&nbsp;ramach danego zam\u00f3wienia, firma Quartix b\u0119dzie mia\u0142a prawo do dostarczenia pozosta\u0142ych Produkt\u00f3w na&nbsp;adres dostawy Klienta, a&nbsp;zam\u00f3wienie uwa\u017ca si\u0119 za zrealizowane.&nbsp; Dotyczy to zar\u00f3wno instalacji nowych jednostek, jak i przenoszenia jednostek, wymontowywania, demonta\u017cu lub ponownego monta\u017cu, wezwa\u0144 serwisowych i szkole\u0144 technicznych.<\/p>\n<p>W&nbsp;sytuacji, gdy monta\u017c b\u0119dzie realizowany przez Klienta lub osob\u0119 przez niego wyznaczon\u0105, firma Quartix nie ponosi odpowiedzialno\u015bci za jakiekolwiek straty lub szkody wynikaj\u0105ce bezpo\u015brednio lub po\u015brednio z&nbsp;zaniedbania lub nieprzestrzegania pisemnych instrukcji firmy Quartix dotycz\u0105cych monta\u017cu Produkt\u00f3w.<\/p>\n<h3>Tytu\u0142 i ryzyko<\/h3>\n<p>Tytu\u0142 do Produkt\u00f3w zakupionych przez Klienta przechodzi na niego po uiszczeniu pe\u0142nej p\u0142atno\u015bci i do tego czasu Klient musi je zabezpieczy\u0107 i przechowywa\u0107 Produkty oddzielnie oraz utrzymywa\u0107 je w dobrym stanie. Tytu\u0142 do Produkt\u00f3w wynaj\u0119tych przez Klienta pozostaje po stronie firmy Quartix, a&nbsp;po zako\u0144czeniu okresu wynajmu musz\u0105 zosta\u0107 zwr\u00f3cone firmie Quartix przez Klienta w dobrym stanie i&nbsp;na jego koszt. Tytu\u0142 do Karty SIM pozostaje po stronie firmy Quartix lub jej dostawcy Kart SIM i&nbsp;we&nbsp;wszystkich przypadkach Ryzyko dotycz\u0105ce Produkt\u00f3w przechodzi na Klienta w&nbsp;chwili dostarczenia ich na wskazany przez Klienta adres dostawy niezale\u017cnie od tego, czy monta\u017c zosta\u0142 uko\u0144czony czy nie.<\/p>\n<h3>Dalsza sprzeda\u017c<\/h3>\n<p>Dalsza sprzeda\u017c lub wynajem Produkt\u00f3w lub Us\u0142ug jest niedozwolona bez wyra\u017anej pisemnej zgody Quartix.&nbsp; W ka\u017cdym przypadku taka dalsza sprzeda\u017c musi odbywa\u0107 si\u0119 na standardowych warunkach firmy Quartix i na tych samych warunkach umownych, na jakich odbywa si\u0119 pierwotny zakup lub wynajem.<\/p>\n<h3>Anulowanie \/ Rozwi\u0105zanie umowy<\/h3>\n<p>Klient nie mo\u017ce anulowa\u0107 lub rozwi\u0105za\u0107 niniejszej umowy do czasu up\u0142ywu Minimalnego okresu dzier\u017cawy okre\u015blonego w Umowie dzier\u017cawy, chyba \u017ce przepisy prawa zezwalaj\u0105 na &#8220;okres mo\u017cliwo\u015bci odst\u0105pienia od umowy&#8221;, a odst\u0105pienie od umowy nast\u0119puje w takim okresie wypowiedzenia.<\/p>\n<p>Po up\u0142ywie Minimalnego okresu dzier\u017cawy Klient mo\u017ce wypowiedzie\u0107 umow\u0119 z zachowaniem miesi\u0119cznego okresu wypowiedzenia. Po rozwi\u0105zaniu umowy najmu nadal obowi\u0105zuj\u0105 op\u0142aty za dzier\u017cawione jednostki, dop\u00f3ki Produkty nie zostan\u0105 zwr\u00f3cone firmie Quartix. W przypadku zwrotu, zagubienia lub uszkodzenia dzier\u017cawionych Produkt\u00f3w przed ko\u0144cem minimalnego okresu dzier\u017cawy, op\u0142aty za dzier\u017caw\u0119 b\u0119d\u0105 obowi\u0105zywa\u0142y do up\u0142ywu minimalnego okresu dzier\u017cawy.<\/p>\n<p>Wszystkie dzier\u017cawione produkty pozostaj\u0105 w\u0142asno\u015bci\u0105 Quartix Ltd. Musz\u0105 one zosta\u0107 zwr\u00f3cone w dobrym stanie firmie Quartix w momencie rozwi\u0105zania niniejszej umowy. Za utracone, uszkodzone lub niezwr\u00f3cone Produkty naliczana jest op\u0142ata w wysoko\u015bci 325z\u0142 netto za sztuk\u0119.<\/p>\n<p>W przypadku, gdy Klient chce przenie\u015b\u0107 urz\u0105dzenie \u015bledz\u0105ce Quartix z jednego pojazdu do drugiego i gdy wymaga to profesjonalnego demonta\u017cu i monta\u017cu, zostanie naliczona op\u0142ata w wysoko\u015bci 97 funt\u00f3w + VAT za jednostk\u0119, pod warunkiem, \u017ce demonta\u017c urz\u0105dzenia z jednego pojazdu i ponowny monta\u017c w nowym poje\u017adzie, zostanie przeprowadzony podczas tej samej wizyty, w tym samym miejscu i w tym samym czasie.&nbsp; Je\u015bli wi\u0119cej ni\u017c jedna jednostka jest przenoszona w tym samym czasie, istnieje mo\u017cliwo\u015b\u0107 rabatu.<\/p>\n<p>Je\u015bli do usuni\u0119cia jednostek Quartix potrzebny jest specjalista, koszty przeprowadzki s\u0105 naliczane w wysoko\u015bci 386z\u0142 netto za ka\u017cd\u0105 usuni\u0119t\u0105 jednostk\u0119, przy czym istnieje mo\u017cliwo\u015b\u0107 rabatu, je\u015bli w tym samym czasie usuni\u0119tych zostanie wi\u0119cej ni\u017c jedna jednostka.&nbsp; Po wyj\u0119ciu urz\u0105dzenia, zostanie ono albo pozostawione na miejscu, albo odes\u0142ane z powrotem do ponownego monta\u017cu w p\u00f3\u017aniejszym terminie, za cen\u0119 65z\u0142 netto.&nbsp; Jednostki nadal b\u0119d\u0105 generowa\u0107 op\u0142aty za Us\u0142ugi do czasu, gdy zostan\u0105 na sta\u0142e zwr\u00f3cone firmie Quartix.<\/p>\n<p>Je\u015bli urz\u0105dzenie z identyfikatorem kierowcy zostanie przeniesione z jednego pojazdu do drugiego i Klient za\u017c\u0105da, aby czytnik pozosta\u0142 w starym poje\u017adzie, a dla nowego pojazdu wymagany jest nowy czytnik i pakiet ID kierowcy, zostanie naliczona op\u0142ata w wysoko\u015bci 108z\u0142 netto za pakiet.<\/p>\n<p>Je\u015bli urz\u0105dzenie pozostanie w pe\u0142ni zainstalowane w poje\u017adzie, mo\u017cliwe jest ponowne pod\u0142\u0105czenie urz\u0105dzenia, kt\u00f3re zosta\u0142o od\u0142\u0105czone.&nbsp; Ponowne po\u0142\u0105czenie b\u0119dzie wi\u0105za\u0142o si\u0119 z op\u0142at\u0105 w wysoko\u015bci 130z\u0142 netto za ponownie pod\u0142\u0105czon\u0105 jednostk\u0119.<\/p>\n<h3>P\u0142atno\u015bci<\/h3>\n<p>Ceny podane w Internecie nie obowi\u0105zuj\u0105 w po\u0142\u0105czeniu z inn\u0105 ofert\u0105 i w zale\u017cno\u015bci od przypadku, podlegaj\u0105 opodatkowaniu.<\/p>\n<p>W ka\u017cdym przypadku braku zap\u0142aty, odwo\u0142anego polecenia zap\u0142aty lub nieudanej lub anulowanej p\u0142atno\u015bci b\u0119dzie doliczona op\u0142ata administracyjna w wysoko\u015bci 85z\u0142 netto.<\/p>\n<h3>J\u0119zyk i definicje<\/h3>\n<p>Je\u017celi jakakolwiek cz\u0119\u015b\u0107 niniejszej polityki zwrot\u00f3w i anulowania zostanie przet\u0142umaczona na j\u0119zyk inny ni\u017c angielski, zostanie to dokonane w dobrej wierze i wy\u0142\u0105cznie w celu wyja\u015bnienia. W zakresie, w jakim znaczenie w przet\u0142umaczonej wersji r\u00f3\u017cni si\u0119 od znaczenia w wersji angielskiej, wersja angielska jest wersj\u0105 obowi\u0105zuj\u0105c\u0105 i ma pierwsze\u0144stwo we wszystkich przypadkach.&nbsp; Klient potwierdza, \u017ce mia\u0142 mo\u017cliwo\u015b\u0107 zapoznania si\u0119 z angielsk\u0105 wersj\u0105 umowy dzier\u017cawy systemu.<\/p>\n<p>Definicje termin\u00f3w pisanych wielk\u0105 liter\u0105 w niniejszej polityce pozostaj\u0105 takie same jak w standardowych warunkach i postanowieniach, Umowie dzier\u017cawy lub Umowie zakupu firmy Quartix.<\/p>\n","protected":false},"excerpt":{"rendered":"<p>Zwroty Po dokonaniu p\u0142atno\u015bci, op\u0142aty za Produkty i Us\u0142ugi nie podlegaj\u0105 zwrotowi, chyba \u017ce firma Quartix Ltd (\u201eQuartix\u201d), dzia\u0142aj\u0105c wed\u0142ug w\u0142asnego uznania, zdecyduje si\u0119 na zwrot p\u0142atno\u015bci lub jest do tego prawnie zobowi\u0105zana.&nbsp; W przypadku ustalenia zwrotu pieni\u0119dzy lub ich cz\u0119\u015bci, prosimy o pozostawienie firmie Quartix czternastu (14) dni na zrealizowanie zwrotu. Dostawa i monta\u017c [&hellip;]<\/p>\n","protected":false},"author":12,"featured_media":0,"parent":0,"menu_order":710,"comment_status":"closed","ping_status":"closed","template":"templates\/terms-and-conditions.php","meta":{"_acf_changed":false,"inline_featured_image":false,"footnotes":""},"topic":[],"qtx_campaign":[],"class_list":["post-4983","page","type-page","status-publish","hentry"],"acf":[],"yoast_head":"<!-- This site is optimized with the Yoast SEO Premium plugin v27.2 (Yoast SEO v27.2) - https:\/\/yoast.com\/product\/yoast-seo-premium-wordpress\/ -->\n<title>Polityka zwrot\u00f3w i anulowania Quartix Limited - PL<\/title>\n<meta name=\"robots\" content=\"index, follow, max-snippet:-1, max-image-preview:large, max-video-preview:-1\" \/>\n<link rel=\"canonical\" href=\"https:\/\/www.quartix.com\/pl-pl\/polityka-zwrotow-i-anulowania-quartix-limited\/\" \/>\n<meta property=\"og:locale\" content=\"pl_PL\" \/>\n<meta property=\"og:type\" content=\"article\" \/>\n<meta property=\"og:title\" content=\"Polityka zwrot\u00f3w i anulowania Quartix Limited\" \/>\n<meta property=\"og:description\" content=\"Zwroty Po dokonaniu p\u0142atno\u015bci, op\u0142aty za Produkty i Us\u0142ugi nie podlegaj\u0105 zwrotowi, chyba \u017ce firma Quartix Ltd (\u201eQuartix\u201d), dzia\u0142aj\u0105c wed\u0142ug w\u0142asnego uznania, zdecyduje si\u0119 na zwrot p\u0142atno\u015bci lub jest do tego prawnie zobowi\u0105zana.&nbsp; W przypadku ustalenia zwrotu pieni\u0119dzy lub ich cz\u0119\u015bci, prosimy o pozostawienie firmie Quartix czternastu (14) dni na zrealizowanie zwrotu. Dostawa i monta\u017c [&hellip;]\" \/>\n<meta property=\"og:url\" content=\"https:\/\/www.quartix.com\/pl-pl\/polityka-zwrotow-i-anulowania-quartix-limited\/\" \/>\n<meta property=\"og:site_name\" content=\"Quartix\" \/>\n<meta property=\"article:publisher\" content=\"https:\/\/www.facebook.com\/Quartix-USA-374426386097401\/\" \/>\n<meta property=\"article:modified_time\" content=\"2023-07-21T10:14:17+00:00\" \/>\n<meta name=\"twitter:card\" content=\"summary_large_image\" \/>\n<meta name=\"twitter:site\" content=\"@QuartixUSA\" \/>\n<meta name=\"twitter:label1\" content=\"Est. reading time\" \/>\n\t<meta name=\"twitter:data1\" content=\"5 minutes\" \/>\n<!-- \/ Yoast SEO Premium plugin. -->","yoast_head_json":{"title":"Polityka zwrot\u00f3w i anulowania Quartix Limited - PL","robots":{"index":"index","follow":"follow","max-snippet":"max-snippet:-1","max-image-preview":"max-image-preview:large","max-video-preview":"max-video-preview:-1"},"canonical":"https:\/\/www.quartix.com\/pl-pl\/polityka-zwrotow-i-anulowania-quartix-limited\/","og_locale":"pl_PL","og_type":"article","og_title":"Polityka zwrot\u00f3w i anulowania Quartix Limited","og_description":"Zwroty Po dokonaniu p\u0142atno\u015bci, op\u0142aty za Produkty i Us\u0142ugi nie podlegaj\u0105 zwrotowi, chyba \u017ce firma Quartix Ltd (\u201eQuartix\u201d), dzia\u0142aj\u0105c wed\u0142ug w\u0142asnego uznania, zdecyduje si\u0119 na zwrot p\u0142atno\u015bci lub jest do tego prawnie zobowi\u0105zana.&nbsp; W przypadku ustalenia zwrotu pieni\u0119dzy lub ich cz\u0119\u015bci, prosimy o pozostawienie firmie Quartix czternastu (14) dni na zrealizowanie zwrotu. Dostawa i monta\u017c [&hellip;]","og_url":"https:\/\/www.quartix.com\/pl-pl\/polityka-zwrotow-i-anulowania-quartix-limited\/","og_site_name":"Quartix","article_publisher":"https:\/\/www.facebook.com\/Quartix-USA-374426386097401\/","article_modified_time":"2023-07-21T10:14:17+00:00","twitter_card":"summary_large_image","twitter_site":"@QuartixUSA","twitter_misc":{"Est. reading time":"5 minutes"},"schema":{"@context":"https:\/\/schema.org","@graph":[{"@type":"WebPage","@id":"https:\/\/www.quartix.com\/pl-pl\/polityka-zwrotow-i-anulowania-quartix-limited\/","url":"https:\/\/www.quartix.com\/pl-pl\/polityka-zwrotow-i-anulowania-quartix-limited\/","name":"Polityka zwrot\u00f3w i anulowania Quartix Limited","isPartOf":{"@id":"https:\/\/www.quartix.com\/pl-pl\/#website"},"datePublished":"2019-01-21T11:20:22+00:00","dateModified":"2023-07-21T10:14:17+00:00","breadcrumb":{"@id":"https:\/\/www.quartix.com\/pl-pl\/polityka-zwrotow-i-anulowania-quartix-limited\/#breadcrumb"},"inLanguage":"pl-PL","potentialAction":[{"@type":"ReadAction","target":["https:\/\/www.quartix.com\/pl-pl\/polityka-zwrotow-i-anulowania-quartix-limited\/"]}]},{"@type":"BreadcrumbList","@id":"https:\/\/www.quartix.com\/pl-pl\/polityka-zwrotow-i-anulowania-quartix-limited\/#breadcrumb","itemListElement":[{"@type":"ListItem","position":1,"name":"Strona G\u0142\u00f3wna","item":"https:\/\/www.quartix.com\/pl-pl\/quartix-real-time-vehicle-tracking-2\/"},{"@type":"ListItem","position":2,"name":"Polityka zwrot\u00f3w i anulowania Quartix Limited"}]},{"@type":"WebSite","@id":"https:\/\/www.quartix.com\/pl-pl\/#website","url":"https:\/\/www.quartix.com\/pl-pl\/","name":"Quartix","description":"Real-time vehicle tracking","publisher":{"@id":"https:\/\/www.quartix.com\/pl-pl\/#organization"},"potentialAction":[{"@type":"SearchAction","target":{"@type":"EntryPoint","urlTemplate":"https:\/\/www.quartix.com\/pl-pl\/?s={search_term_string}"},"query-input":{"@type":"PropertyValueSpecification","valueRequired":true,"valueName":"search_term_string"}}],"inLanguage":"pl-PL"},{"@type":"Organization","@id":"https:\/\/www.quartix.com\/pl-pl\/#organization","name":"Quartix","url":"https:\/\/www.quartix.com\/pl-pl\/","logo":{"@type":"ImageObject","inLanguage":"pl-PL","@id":"https:\/\/www.quartix.com\/pl-pl\/#\/schema\/logo\/image\/","url":"https:\/\/www.quartix.com\/content\/uploads\/2019\/02\/quartix-logo-eur.svg","contentUrl":"https:\/\/www.quartix.com\/content\/uploads\/2019\/02\/quartix-logo-eur.svg","width":1,"height":1,"caption":"Quartix"},"image":{"@id":"https:\/\/www.quartix.com\/pl-pl\/#\/schema\/logo\/image\/"},"sameAs":["https:\/\/www.facebook.com\/Quartix-USA-374426386097401\/","https:\/\/x.com\/QuartixUSA","https:\/\/www.linkedin.com\/company\/5346733\/","https:\/\/www.youtube.com\/channel\/UCzS-_GMfHF4kWiCheyIRrAQ"]}]}},"_links":{"self":[{"href":"https:\/\/www.quartix.com\/pl-pl\/wp-json\/wp\/v2\/pages\/4983","targetHints":{"allow":["GET"]}}],"collection":[{"href":"https:\/\/www.quartix.com\/pl-pl\/wp-json\/wp\/v2\/pages"}],"about":[{"href":"https:\/\/www.quartix.com\/pl-pl\/wp-json\/wp\/v2\/types\/page"}],"author":[{"embeddable":true,"href":"https:\/\/www.quartix.com\/pl-pl\/wp-json\/wp\/v2\/users\/12"}],"replies":[{"embeddable":true,"href":"https:\/\/www.quartix.com\/pl-pl\/wp-json\/wp\/v2\/comments?post=4983"}],"version-history":[{"count":0,"href":"https:\/\/www.quartix.com\/pl-pl\/wp-json\/wp\/v2\/pages\/4983\/revisions"}],"wp:attachment":[{"href":"https:\/\/www.quartix.com\/pl-pl\/wp-json\/wp\/v2\/media?parent=4983"}],"wp:term":[{"taxonomy":"topic","embeddable":true,"href":"https:\/\/www.quartix.com\/pl-pl\/wp-json\/wp\/v2\/topic?post=4983"},{"taxonomy":"qtx_campaign","embeddable":true,"href":"https:\/\/www.quartix.com\/pl-pl\/wp-json\/wp\/v2\/qtx_campaign?post=4983"}],"curies":[{"name":"wp","href":"https:\/\/api.w.org\/{rel}","templated":true}]}}