{"id":5006,"date":"2019-01-21T15:27:30","date_gmt":"2019-01-21T15:27:30","guid":{"rendered":" https:\/\/www.quartix.com\/?page_id=5006"},"modified":"2023-07-21T11:13:34","modified_gmt":"2023-07-21T10:13:34","slug":"warunki-i-postanowienia-platnosci-cyklicznych","status":"publish","type":"page","link":"https:\/\/www.quartix.com\/pl-pl\/warunki-i-postanowienia-platnosci-cyklicznych\/","title":{"rendered":"Warunki i postanowienia p\u0142atno\u015bci cyklicznych"},"content":{"rendered":"<h3>Og\u00f3lne<\/h3>\n<p>Klient wyra\u017ca zgod\u0119 na przyj\u0119cie niniejszych warunk\u00f3w jako uzupe\u0142nienia do warunk\u00f3w umowy.<\/p>\n<p>Na&nbsp;potrzeby niniejszych warunk\u00f3w pod terminem \u201eProdukt\u201d rozumie si\u0119 systemy i terminale lokalizacji pojazd\u00f3w, anteny, kable oraz wszelkie urz\u0105dzenia pomocnicze i akcesoria; w&nbsp;terminie \u201eUs\u0142ugi\u201d mie\u015bci si\u0119 dostawa, monta\u017c, personalizacja, naprawa oraz wymiana Produkt\u00f3w i&nbsp;dostarczenie danych, raport\u00f3w i&nbsp;innych informacji przez dowolne medium; pod terminem \u201eKlient\u201d rozumie si\u0119 sp\u00f3\u0142k\u0119 kapita\u0142ow\u0105 lub partnersk\u0105, stowarzyszenie lub osob\u0119 zawieraj\u0105c\u0105 z&nbsp;firm\u0105 Quartix Ltd (\u201eQuartix\u201d) umow\u0119 zakupu lub wynajmu Produkt\u00f3w lub \u015bwiadczenia Us\u0142ug. W&nbsp;przypadku, gdy s\u0105d lub inny organ w\u0142a\u015bciwy stwierdzi, \u017ce kt\u00f3ra\u015b cz\u0119\u015b\u0107 niniejszych Warunk\u00f3w jest niewa\u017cna lub niewykonalna, nie b\u0119dzie to mia\u0142o wp\u0142ywu na reszt\u0119 z&nbsp;nich.<\/p>\n<p>Za Us\u0142ugi Quartix b\u0119dzie przyjmowa\u0107 p\u0142atno\u015bci o charakterze okresowym (&#8220;P\u0142atno\u015bci cykliczne&#8221;).&nbsp; Quartix wed\u0142ug w\u0142asnego uznania wybierze metod\u0119 p\u0142atno\u015bci, kt\u00f3r\u0105 udost\u0119pni Klientowi.&nbsp; P\u0142atno\u015b\u0107 b\u0119dzie z regu\u0142y realizowana za pomoc\u0105 polecenia zap\u0142aty, karty kredytowej lub debetowej.<\/p>\n<p>P\u0142atno\u015bci kart\u0105 b\u0119d\u0105 zazwyczaj realizowane poprzez Worldpay (FuturePay), ale Quartix zastrzega sobie prawo do decydowania o metodach p\u0142atno\u015bci spe\u0142niaj\u0105cych warunki dla P\u0142atno\u015bci cyklicznych.&nbsp; W celu unikni\u0119cia w\u0105tpliwo\u015bci Us\u0142ugi s\u0105 \u015bwiadczone na podstawie umowy, a w celu dalszego korzystania z Us\u0142ug klient jest zobowi\u0105zany do dokonywania okresowych p\u0142atno\u015bci.<\/p>\n<p>Umowy s\u0105 zazwyczaj zawierane na okres jednego roku, p\u0142atne z kwartalnym wyprzedzeniem, a po tym okresie b\u0119d\u0105 obowi\u0105zywa\u0107 bezterminowo z 30-dniowym okresem wypowiedzenia.<\/p>\n<p>Je\u017celi jakakolwiek cz\u0119\u015b\u0107 tych warunk\u00f3w zostanie przet\u0142umaczona na j\u0119zyk inny ni\u017c angielski, zostanie to dokonane w dobrej wierze i wy\u0142\u0105cznie w celu wyja\u015bnienia. W zakresie, w jakim znaczenie w przet\u0142umaczonej wersji r\u00f3\u017cni si\u0119 od znaczenia w wersji angielskiej, wersja angielska jest wersj\u0105 obowi\u0105zuj\u0105c\u0105 i ma pierwsze\u0144stwo we wszystkich przypadkach.&nbsp; Klient potwierdza, \u017ce mia\u0142 mo\u017cliwo\u015b\u0107 zapoznania si\u0119 z angielsk\u0105 wersj\u0105 niniejszych warunk\u00f3w.<\/p>\n<h3>Uruchomienie P\u0142atno\u015bci cyklicznych<\/h3>\n<p>Klient uruchamia p\u0142atno\u015bci cykliczne na pocz\u0105tku umowy i kontynuuje ich realizacj\u0119 przez ca\u0142y okres, w kt\u00f3rym \u015bwiadczone s\u0105 Us\u0142ugi.<\/p>\n<p>P\u0142atno\u015bci cykliczne za pomoc\u0105 karty s\u0105 realizowane poprzez zawarcie przez Klienta umowy o p\u0142atno\u015bci cykliczne kart\u0105 (\u201eUmowa\u201d).&nbsp; Jest to umowa online, podobna do zlece\u0144 sta\u0142ych i polece\u0144 zap\u0142aty, w ramach kt\u00f3rej \u015brodki mog\u0105 by\u0107 pobierane z karty debetowej lub kredytowej Klienta.<\/p>\n<p>Umow\u0119 zawiera si\u0119 w nast\u0119puj\u0105cy spos\u00f3b:<\/p>\n<ul>\n<li>Quartix wysy\u0142a do Klienta wiadomo\u015b\u0107 e-mail z wyszczeg\u00f3lnieniem kwoty, daty, cz\u0119stotliwo\u015bci i daty zako\u0144czenia p\u0142atno\u015bci cyklicznej.<\/li>\n<li>Klient klika na odpowiedni link i wprowadza odpowiednie dane dotycz\u0105ce p\u0142atno\u015bci, aby zawrze\u0107 umow\u0119 dotycz\u0105c\u0105 p\u0142atno\u015bci cyklicznych za pomoc\u0105 karty (&#8220;Umowa&#8221;).<\/li>\n<li>Tworzy si\u0119 w ten spos\u00f3b unikalny numer referencyjny (\u201eID umowy o przysz\u0142ej p\u0142atno\u015bci\u201d), jak r\u00f3wnie\u017c nazwa u\u017cytkownika i has\u0142o, aby umo\u017cliwi\u0107 Klientowi zalogowanie si\u0119 do systemu zarz\u0105dzania klientami Worldpay Shopper.<\/li>\n<\/ul>\n<p>Za poprawno\u015b\u0107 podawanych informacji, w tym bez ogranicze\u0144, danych karty (kredytowej \/ debetowej) lub danych konta bankowego, odpowiada wy\u0142\u0105cznie Klient.<\/p>\n<p>Nawet je\u015bli umowa Klienta rozpoczyna si\u0119 okresem bezp\u0142atnym lub promocyjnym, musi on zawrze\u0107 umow\u0119 o przysz\u0142ej p\u0142atno\u015bci na pocz\u0105tku okresu umownego, przed rozpocz\u0119ciem okresu bezp\u0142atnego lub promocji.<\/p>\n<p>Po zawarciu umowy p\u0142atno\u015bci b\u0119d\u0105 pobierane automatycznie, cho\u0107 w przypadku okresu bezp\u0142atnego lub promocyjnego p\u0142atno\u015b\u0107 mo\u017ce zosta\u0107 op\u00f3\u017aniona.&nbsp; Je\u015bli p\u0142atno\u015b\u0107 nie zostanie autoryzowana lub karta wyga\u015bnie, Worldpay wy\u015ble Klientowi wiadomo\u015b\u0107 e-mail z informacj\u0105 o tym fakcie, a Klient powinien skontaktowa\u0107 si\u0119 z Quartix w celu za\u0142atwienia sprawy.&nbsp; Quartix zastrzega sobie prawo do pobrania op\u0142aty za nieudan\u0105 transakcj\u0119 w wysoko\u015bci \u00a330.<\/p>\n<p>Quartix mo\u017ce w dowolnym momencie, bez uprzedzenia Klienta, zaprzesta\u0107 oferowania p\u0142atno\u015bci cyklicznych za Us\u0142ugi.<\/p>\n<p>Przed realizacj\u0105 p\u0142atno\u015bci cyklicznych Quartix mo\u017ce pobra\u0107 symboliczn\u0105 kwot\u0119 w celu weryfikacji\/uwierzytelnienia.<\/p>\n<p>Klient zgadza si\u0119, rozumie i przyjmuje do wiadomo\u015bci, \u017ce w celu u\u0142atwienia przetwarzania p\u0142atno\u015bci cyklicznych Quartix mo\u017ce zaanga\u017cowa\u0107 osoby trzecie przetwarzaj\u0105ce p\u0142atno\u015bci lub dostawc\u00f3w us\u0142ug bramkowych. W zwi\u0105zku z tym Klient mo\u017ce by\u0107 zobowi\u0105zany do przestrzegania wszelkich warunk\u00f3w i postanowie\u0144 takich zewn\u0119trznych os\u00f3b trzecich przetwarzaj\u0105cych p\u0142atno\u015bci \/ dostawc\u00f3w us\u0142ug bramkowych, o kt\u00f3rych od czasu do czasu zostanie poinformowany.<\/p>\n<h3>Subskrypcja us\u0142ug dotycz\u0105cych danych<\/h3>\n<p>Us\u0142ugi zostan\u0105 udost\u0119pnione przez Quartix po otrzymaniu wp\u0142aty wst\u0119pnej.&nbsp; Nast\u0119pnie Us\u0142ugi b\u0119d\u0105 fakturowane kwartalnie z g\u00f3ry, a terminy p\u0142atno\u015bci b\u0119d\u0105 si\u0119 r\u00f3\u017cni\u0107 w zale\u017cno\u015bci od metody p\u0142atno\u015bci, rynku i umowy.&nbsp; Po umo\u017cliwieniu dokonywania p\u0142atno\u015bci cyklicznych za Us\u0142ugi Klient upowa\u017cnia firm\u0119 Quartix do pobierania op\u0142at za kolejny okres rozliczeniowy (kolejne okresy rozliczeniowe) w czasie trwania Us\u0142ug, chyba \u017ce anuluje lub wy\u0142\u0105czy p\u0142atno\u015bci cykliczne po uprzednim powiadomieniu i za pomoc\u0105 \u015brodk\u00f3w okre\u015blonych przez Quartix, w kt\u00f3rym to przypadku Us\u0142ugi nie b\u0119d\u0105 automatycznie odnawiane.<\/p>\n<p>Klient przyjmuje do wiadomo\u015bci, \u017ce op\u0142aty za Us\u0142ugi nie podlegaj\u0105 zwrotowi, niezale\u017cnie od tego, czy z nich skorzysta\u0142, czy nie, lub niezale\u017cnie od okresu podczas obowi\u0105zywania Umowy, w kt\u00f3rym z nich skorzysta\u0142. Op\u0142aty regulowane s\u0105 warunkami Umowy, jak r\u00f3wnie\u017c Warunkami Sprzeda\u017cy i Klient przyjmuje do wiadomo\u015bci, \u017ce warunki te mog\u0105 ulec zmianie.<\/p>\n<p>Je\u017celi Klient anuluje Us\u0142ug\u0119 przed ko\u0144cem okresu umownego, zostanie obci\u0105\u017cony za pozosta\u0142\u0105 cz\u0119\u015b\u0107 tego okresu.&nbsp; Je\u015bli Klient odwo\u0142a Us\u0142ug\u0119 poza okresem umownym, nie b\u0119dzie obci\u0105\u017cony \u017cadnymi dodatkowymi kosztami po up\u0142ywie okresu wypowiedzenia.&nbsp; Klient nie otrzyma \u017cadnego zwrotu ani uznania za okres \u015bwiadczenia Us\u0142ug, kt\u00f3ry zosta\u0142 ju\u017c op\u0142acony i kt\u00f3ry pozostaje niewykorzystany.<\/p>\n<h3>Odrzucone p\u0142atno\u015bci lub anulowanie p\u0142atno\u015bci cyklicznych<\/h3>\n<p>Klient mo\u017ce anulowa\u0107 lub wy\u0142\u0105czy\u0107 p\u0142atno\u015bci cykliczne po rezygnacji z Us\u0142ug, loguj\u0105c si\u0119 do Systemu Zarz\u0105dzania Klientem FuturePay Shopper.&nbsp; Mo\u017ce si\u0119 zdarzy\u0107, \u017ce b\u0119d\u0105 pobierane op\u0142aty ko\u0144cowe, na przyk\u0142ad w przypadku anulowania Us\u0142ug w okresie umownym.<\/p>\n<p>W przypadku, gdy: (a) Klient anuluje lub wy\u0142\u0105czy p\u0142atno\u015bci cykliczne; lub (b) jedna z p\u0142atno\u015bci cyklicznych Klienta zostanie z jakiegokolwiek powodu odrzucona, w tym bez ogranicze\u0144, z powodu wyga\u015bni\u0119cia karty p\u0142atniczej, Quartix ma prawo do natychmiastowego zaprzestania \u015bwiadczenia Us\u0142ug bez wp\u0142ywu na wszelkie op\u0142aty, kt\u00f3re mog\u0105 w tym przypadku powsta\u0107, np. za przedterminowe rozwi\u0105zanie Umowy.&nbsp; Do uregulowania tych op\u0142at zobowi\u0105zany jest Klient.<\/p>\n<h3>Powiadamianie i komunikacja<\/h3>\n<p>Klient upowa\u017cnia Quartix do komunikowania si\u0119 z nim w zwi\u0105zku z us\u0142ugami i p\u0142atno\u015bciami cyklicznymi za pomoc\u0105 poczty elektronicznej, wiadomo\u015bci SMS lub telefonu.<\/p>\n<h3>Zwolnienie z odpowiedzialno\u015bci<\/h3>\n<p>W najszerszym dozwolonym prawem zakresie Klient wyra\u017ca zgod\u0119 na to, aby firma Quartix nie ponosi\u0142a odpowiedzialno\u015bci za jakiekolwiek straty lub szkody poniesione przez niego w zwi\u0105zku z korzystaniem przez niego z P\u0142atno\u015bci cyklicznych za Produkty lub Us\u0142ugi, w tym w wyniku oszustwa w zwi\u0105zku z jak\u0105kolwiek p\u0142atno\u015bci\u0105.<\/p>\n","protected":false},"excerpt":{"rendered":"<p>Og\u00f3lne Klient wyra\u017ca zgod\u0119 na przyj\u0119cie niniejszych warunk\u00f3w jako uzupe\u0142nienia do warunk\u00f3w umowy. Na&nbsp;potrzeby niniejszych warunk\u00f3w pod terminem \u201eProdukt\u201d rozumie si\u0119 systemy i terminale lokalizacji pojazd\u00f3w, anteny, kable oraz wszelkie urz\u0105dzenia pomocnicze i akcesoria; w&nbsp;terminie \u201eUs\u0142ugi\u201d mie\u015bci si\u0119 dostawa, monta\u017c, personalizacja, naprawa oraz wymiana Produkt\u00f3w i&nbsp;dostarczenie danych, raport\u00f3w i&nbsp;innych informacji przez dowolne medium; pod terminem [&hellip;]<\/p>\n","protected":false},"author":12,"featured_media":0,"parent":0,"menu_order":715,"comment_status":"closed","ping_status":"closed","template":"templates\/terms-and-conditions.php","meta":{"_acf_changed":false,"inline_featured_image":false,"footnotes":""},"topic":[],"qtx_campaign":[],"class_list":["post-5006","page","type-page","status-publish","hentry"],"acf":[],"yoast_head":"<!-- This site is optimized with the Yoast SEO Premium plugin v27.3 (Yoast SEO v27.3) - https:\/\/yoast.com\/product\/yoast-seo-premium-wordpress\/ -->\n<title>Warunki i postanowienia p\u0142atno\u015bci cyklicznych - PL<\/title>\n<meta name=\"robots\" content=\"index, follow, max-snippet:-1, max-image-preview:large, max-video-preview:-1\" \/>\n<link rel=\"canonical\" href=\"https:\/\/www.quartix.com\/pl-pl\/warunki-i-postanowienia-platnosci-cyklicznych\/\" \/>\n<meta property=\"og:locale\" content=\"pl_PL\" \/>\n<meta property=\"og:type\" content=\"article\" \/>\n<meta property=\"og:title\" content=\"Warunki i postanowienia p\u0142atno\u015bci cyklicznych\" \/>\n<meta property=\"og:description\" content=\"Og\u00f3lne Klient wyra\u017ca zgod\u0119 na przyj\u0119cie niniejszych warunk\u00f3w jako uzupe\u0142nienia do warunk\u00f3w umowy. Na&nbsp;potrzeby niniejszych warunk\u00f3w pod terminem \u201eProdukt\u201d rozumie si\u0119 systemy i terminale lokalizacji pojazd\u00f3w, anteny, kable oraz wszelkie urz\u0105dzenia pomocnicze i akcesoria; w&nbsp;terminie \u201eUs\u0142ugi\u201d mie\u015bci si\u0119 dostawa, monta\u017c, personalizacja, naprawa oraz wymiana Produkt\u00f3w i&nbsp;dostarczenie danych, raport\u00f3w i&nbsp;innych informacji przez dowolne medium; pod terminem [&hellip;]\" \/>\n<meta property=\"og:url\" content=\"https:\/\/www.quartix.com\/pl-pl\/warunki-i-postanowienia-platnosci-cyklicznych\/\" \/>\n<meta property=\"og:site_name\" content=\"Quartix\" \/>\n<meta property=\"article:publisher\" content=\"https:\/\/www.facebook.com\/Quartix-USA-374426386097401\/\" \/>\n<meta property=\"article:modified_time\" content=\"2023-07-21T10:13:34+00:00\" \/>\n<meta name=\"twitter:card\" content=\"summary_large_image\" \/>\n<meta name=\"twitter:site\" content=\"@QuartixUSA\" \/>\n<meta name=\"twitter:label1\" content=\"Est. reading time\" \/>\n\t<meta name=\"twitter:data1\" content=\"6 minutes\" \/>\n<!-- \/ Yoast SEO Premium plugin. -->","yoast_head_json":{"title":"Warunki i postanowienia p\u0142atno\u015bci cyklicznych - PL","robots":{"index":"index","follow":"follow","max-snippet":"max-snippet:-1","max-image-preview":"max-image-preview:large","max-video-preview":"max-video-preview:-1"},"canonical":"https:\/\/www.quartix.com\/pl-pl\/warunki-i-postanowienia-platnosci-cyklicznych\/","og_locale":"pl_PL","og_type":"article","og_title":"Warunki i postanowienia p\u0142atno\u015bci cyklicznych","og_description":"Og\u00f3lne Klient wyra\u017ca zgod\u0119 na przyj\u0119cie niniejszych warunk\u00f3w jako uzupe\u0142nienia do warunk\u00f3w umowy. Na&nbsp;potrzeby niniejszych warunk\u00f3w pod terminem \u201eProdukt\u201d rozumie si\u0119 systemy i terminale lokalizacji pojazd\u00f3w, anteny, kable oraz wszelkie urz\u0105dzenia pomocnicze i akcesoria; w&nbsp;terminie \u201eUs\u0142ugi\u201d mie\u015bci si\u0119 dostawa, monta\u017c, personalizacja, naprawa oraz wymiana Produkt\u00f3w i&nbsp;dostarczenie danych, raport\u00f3w i&nbsp;innych informacji przez dowolne medium; pod terminem [&hellip;]","og_url":"https:\/\/www.quartix.com\/pl-pl\/warunki-i-postanowienia-platnosci-cyklicznych\/","og_site_name":"Quartix","article_publisher":"https:\/\/www.facebook.com\/Quartix-USA-374426386097401\/","article_modified_time":"2023-07-21T10:13:34+00:00","twitter_card":"summary_large_image","twitter_site":"@QuartixUSA","twitter_misc":{"Est. reading time":"6 minutes"},"schema":{"@context":"https:\/\/schema.org","@graph":[{"@type":"WebPage","@id":"https:\/\/www.quartix.com\/pl-pl\/warunki-i-postanowienia-platnosci-cyklicznych\/","url":"https:\/\/www.quartix.com\/pl-pl\/warunki-i-postanowienia-platnosci-cyklicznych\/","name":"Warunki i postanowienia p\u0142atno\u015bci cyklicznych","isPartOf":{"@id":"https:\/\/www.quartix.com\/pl-pl\/#website"},"datePublished":"2019-01-21T15:27:30+00:00","dateModified":"2023-07-21T10:13:34+00:00","breadcrumb":{"@id":"https:\/\/www.quartix.com\/pl-pl\/warunki-i-postanowienia-platnosci-cyklicznych\/#breadcrumb"},"inLanguage":"pl-PL","potentialAction":[{"@type":"ReadAction","target":["https:\/\/www.quartix.com\/pl-pl\/warunki-i-postanowienia-platnosci-cyklicznych\/"]}]},{"@type":"BreadcrumbList","@id":"https:\/\/www.quartix.com\/pl-pl\/warunki-i-postanowienia-platnosci-cyklicznych\/#breadcrumb","itemListElement":[{"@type":"ListItem","position":1,"name":"Strona G\u0142\u00f3wna","item":"https:\/\/www.quartix.com\/pl-pl\/"},{"@type":"ListItem","position":2,"name":"Warunki i postanowienia p\u0142atno\u015bci cyklicznych"}]},{"@type":"WebSite","@id":"https:\/\/www.quartix.com\/pl-pl\/#website","url":"https:\/\/www.quartix.com\/pl-pl\/","name":"Quartix","description":"Real-time vehicle tracking","publisher":{"@id":"https:\/\/www.quartix.com\/pl-pl\/#organization"},"potentialAction":[{"@type":"SearchAction","target":{"@type":"EntryPoint","urlTemplate":"https:\/\/www.quartix.com\/pl-pl\/?s={search_term_string}"},"query-input":{"@type":"PropertyValueSpecification","valueRequired":true,"valueName":"search_term_string"}}],"inLanguage":"pl-PL"},{"@type":"Organization","@id":"https:\/\/www.quartix.com\/pl-pl\/#organization","name":"Quartix","url":"https:\/\/www.quartix.com\/pl-pl\/","logo":{"@type":"ImageObject","inLanguage":"pl-PL","@id":"https:\/\/www.quartix.com\/pl-pl\/#\/schema\/logo\/image\/","url":"https:\/\/www.quartix.com\/content\/uploads\/2019\/02\/quartix-logo-eur.svg","contentUrl":"https:\/\/www.quartix.com\/content\/uploads\/2019\/02\/quartix-logo-eur.svg","width":1,"height":1,"caption":"Quartix"},"image":{"@id":"https:\/\/www.quartix.com\/pl-pl\/#\/schema\/logo\/image\/"},"sameAs":["https:\/\/www.facebook.com\/Quartix-USA-374426386097401\/","https:\/\/x.com\/QuartixUSA","https:\/\/www.linkedin.com\/company\/5346733\/","https:\/\/www.youtube.com\/channel\/UCzS-_GMfHF4kWiCheyIRrAQ"]}]}},"_links":{"self":[{"href":"https:\/\/www.quartix.com\/pl-pl\/wp-json\/wp\/v2\/pages\/5006","targetHints":{"allow":["GET"]}}],"collection":[{"href":"https:\/\/www.quartix.com\/pl-pl\/wp-json\/wp\/v2\/pages"}],"about":[{"href":"https:\/\/www.quartix.com\/pl-pl\/wp-json\/wp\/v2\/types\/page"}],"author":[{"embeddable":true,"href":"https:\/\/www.quartix.com\/pl-pl\/wp-json\/wp\/v2\/users\/12"}],"replies":[{"embeddable":true,"href":"https:\/\/www.quartix.com\/pl-pl\/wp-json\/wp\/v2\/comments?post=5006"}],"version-history":[{"count":0,"href":"https:\/\/www.quartix.com\/pl-pl\/wp-json\/wp\/v2\/pages\/5006\/revisions"}],"wp:attachment":[{"href":"https:\/\/www.quartix.com\/pl-pl\/wp-json\/wp\/v2\/media?parent=5006"}],"wp:term":[{"taxonomy":"topic","embeddable":true,"href":"https:\/\/www.quartix.com\/pl-pl\/wp-json\/wp\/v2\/topic?post=5006"},{"taxonomy":"qtx_campaign","embeddable":true,"href":"https:\/\/www.quartix.com\/pl-pl\/wp-json\/wp\/v2\/qtx_campaign?post=5006"}],"curies":[{"name":"wp","href":"https:\/\/api.w.org\/{rel}","templated":true}]}}