{"id":5037,"date":"2019-01-21T17:30:26","date_gmt":"2019-01-21T17:30:26","guid":{"rendered":" https:\/\/www.quartix.com\/?page_id=5037"},"modified":"2024-01-03T17:54:22","modified_gmt":"2024-01-03T16:54:22","slug":"warunki-przetwarzania-danych","status":"publish","type":"page","link":"https:\/\/www.quartix.com\/pl-pl\/warunki-przetwarzania-danych\/","title":{"rendered":"Warunki przetwarzania danych Quartix"},"content":{"rendered":"\n<h3 class=\"wp-block-heading\"><strong>1. Kontekst i cel<\/strong><\/h3>\n\n\n\n<p>Sp\u00f3\u0142ka, sp\u00f3\u0142ka osobowa, stowarzyszenie lub osoba fizyczna wyra\u017caj\u0105ca zgod\u0119 na niniejsze warunki (\u201eKlient\u201d) oraz Quartix Technologies plc, Quartix Limited, Quartix SAS, Quartix Inc lub jakikolwiek inny podmiot, kt\u00f3ry jest bezpo\u015brednio lub po\u015brednio kontrolowany przez Quartix Technologies plc (odpowiednio \u201eQuartix\u201d), zawar\u0142y umow\u0119 (\u201eUmowa\u201d), na mocy kt\u00f3rej Quartix \u015bwiadczy Us\u0142ugi na rzecz Klienta.<\/p>\n\n\n\n<p>W ramach niniejszej Umowy Klient b\u0119dzie przekazywa\u0107 Dane firmie Quartix. Celem niniejszych Warunk\u00f3w przetwarzania danych (\u201eWarunki\u201d) jest zapewnienie odpowiednich ustale\u0144 dotycz\u0105cych przekazywania Danych mi\u0119dzy Klientem a firm\u0105 Quartix. Niniejsze Warunki stanowi\u0105 cz\u0119\u015b\u0107 Umowy, a w przypadku jakichkolwiek rozbie\u017cno\u015bci mi\u0119dzy Umow\u0105 a niniejszymi Warunkami pierwsze\u0144stwo maj\u0105 postanowienia Umowy.<\/p>\n\n\n\n<h3 class=\"wp-block-heading\"><strong>2. Definicje i interpretacja<\/strong><\/h3>\n\n\n\n<p>Zgodnie z niniejszymi Warunkami:<\/p>\n\n\n\n<p>\u201ePrzepisy o ochronie danych\u201d oznaczaj\u0105 wszystkie obowi\u0105zuj\u0105ce statuty, przepisy prawa, przepisy prawa wt\u00f3rnego, zasady, rozporz\u0105dzenia i wytyczne organu nadzorczego (lub jego brytyjskiego odpowiednika) dotycz\u0105ce prywatno\u015bci, poufno\u015bci, bezpiecze\u0144stwa, marketingu bezpo\u015bredniego lub ochrony Danych osobowych lub danych korporacyjnych (w tym dyrektywy 95\/46\/WE, 2002\/58\/WE i 97\/66\/WE, ustawa o ochronie danych z 2018 r., przepisy dotycz\u0105ce prywatno\u015bci i \u0142\u0105czno\u015bci elektronicznej (dyrektywa WE) z 2003 r. (512003\/2426), rozporz\u0105dzenie dotycz\u0105ce ustawy o uprawnieniach dochodzeniowych z 2000 r., ustawa o uprawnieniach dochodzeniowych z 2016 r., rozporz\u0105dzenia telekomunikacyjne (zgodne z prawem praktyki biznesowej) (przechwytywanie komunikacji) z 2000 r. (SI 2000\/2699) oraz RODO).<\/p>\n\n\n\n<p>\u201eDane\u201d oznaczaj\u0105 wszelkie dane, kt\u00f3re s\u0105 obj\u0119te Przepisami o ochronie danych, w tym mi\u0119dzy innymi dane osobowe i dane wra\u017cliwe zgodnie z definicj\u0105 zawart\u0105 w RODO.<\/p>\n\n\n\n<p>\u201eRODO\u201d oznacza Og\u00f3lne rozporz\u0105dzenie o ochronie danych lub brytyjskie RODO (UK GDPR) (zgodnie z definicj\u0105 w brytyjskiej ustawie o ochronie danych z 2018 r.), w zale\u017cno\u015bci od przypadku.<\/p>\n\n\n\n<p>\u201eUs\u0142ugi\u201d oznaczaj\u0105 us\u0142ugi \u015bwiadczone przez Dostawc\u0119 w ramach Umowy.<\/p>\n\n\n\n<p>\u201eAdministrator\u201d ma znaczenie nadane mu w Przepisach o ochronie danych.<\/p>\n\n\n\n<p>\u201eOsoba, kt\u00f3rej dane dotycz\u0105\u201d ma znaczenie nadane jej w Przepisach o ochronie danych.<\/p>\n\n\n\n<p>\u201eDane osobowe\u201d maj\u0105 znaczenie nadane im w Przepisach o ochronie danych.<\/p>\n\n\n\n<p>\u201ePodmiot przetwarzaj\u0105cy\u201d ma znaczenie nadane mu w Przepisach o ochronie danych.<\/p>\n\n\n\n<p>\u201ePodwykonawca przetwarzaj\u0105cy\u201d ma znaczenie nadane mu w Przepisach o ochronie danych.<\/p>\n\n\n\n<p>\u201eOrgan nadzorczy\u201d ma znaczenie nadane mu w Przepisach o ochronie danych.<\/p>\n\n\n\n<h3 class=\"wp-block-heading\"><strong><strong>3. Przetwarzanie danych<\/strong><\/strong><\/h3>\n\n\n\n<p>Klient gwarantuje, o\u015bwiadcza i zobowi\u0105zuje si\u0119 wobec firmy Quartix, \u017ce ma zgodne z prawem podstawy do przetwarzania Danych, \u017ce poinformowa\u0142 i b\u0119dzie nadal informowa\u0107 Osoby, kt\u00f3rych dane dotycz\u0105, o celu przetwarzania Danych oraz \u017ce b\u0119dzie przez ca\u0142y czas przestrzega\u0107 swoich zobowi\u0105za\u0144 wynikaj\u0105cych z Przepis\u00f3w o ochronie danych.<\/p>\n\n\n\n<p>. Quartix zachowa poufno\u015b\u0107 Danych i zgadza si\u0119 przetwarza\u0107 Dane wy\u0142\u0105cznie zgodnie z Przepisami o ochronie danych i nast\u0119puj\u0105cymi postanowieniami (w zakresie, w jakim s\u0105 one wymagane przez Przepisy o ochronie danych):<\/p>\n\n\n\n<p>a) Quartix b\u0119dzie przetwarza\u0107 Dane:<\/p>\n\n\n\n<p>(i) zgodnie z Informacj\u0105 o ochronie prywatno\u015bci klient\u00f3w Quartix <a href=\" https:\/\/www.quartix.com\/pl-pl\/dane-klienta-sledzenie-gps-i-prywatnosc\/\" target=\"_blank\" rel=\"noreferrer noopener\"> https:\/\/www.quartix.com\/pl-pl\/dane-klienta-sledzenie-gps-i-prywatnosc\/<\/a>, kt\u00f3ra okre\u015bla dane, kt\u00f3re mog\u0105 by\u0107 gromadzone, a tak\u017ce cele, do kt\u00f3rych mog\u0105 by\u0107 one wykorzystywane;<\/p>\n\n\n\n<p>(ii) wy\u0142\u0105cznie w spos\u00f3b niezb\u0119dny do \u015bwiadczenia Us\u0142ug i zgodnie z instrukcjami Klienta okre\u015blonymi w Umowie lub w inny spos\u00f3b uzgodniony mi\u0119dzy stronami na pi\u015bmie;<\/p>\n\n\n\n<p>(iii) wy\u0142\u0105cznie w Europejskim Obszarze Gospodarczym lub Wielkiej Brytanii, chyba \u017ce przekazanie Danych zostanie zatwierdzone przez Klienta lub odb\u0119dzie si\u0119 do kraju, w przypadku kt\u00f3rego Komisja Europejska lub, w odniesieniu do przekazania z obszaru Wielkiej Brytanii, Komisja Europejska lub w\u0142a\u015bciwy organ nadzorczy okresowo okre\u015bla, \u017ce zapewnia on odpowiedni poziom ochrony zgodnie z Przepisami o ochronie danych lub \u017ce przekazanie Danych jest zabezpieczone odpowiednimi \u015brodkami okre\u015blonymi w RODO;<\/p>\n\n\n\n<p>(iv) w stosownych przypadkach, zgodnie ze standardowymi klauzulami umownymi (Podmioty przetwarzaj\u0105ce) zatwierdzonymi przez Komisj\u0119 Europejsk\u0105 decyzj\u0105 Komisji C(2010)593.<\/p>\n\n\n\n<p>b) Quartix zapewnia, \u017ce wszyscy pracownicy i inni przedstawiciele Quartix maj\u0105cy dost\u0119p do Danych:<\/p>\n\n\n\n<p>(i) zapoznali si\u0119 z niniejszymi Warunkami;<\/p>\n\n\n\n<p>(ii) odbyli szkolenie w zakresie Przepis\u00f3w o ochronie danych i zwi\u0105zanych z nimi dobrych praktyk;<\/p>\n\n\n\n<p>(iii) s\u0105 zobowi\u0105zani do zachowania poufno\u015bci.<\/p>\n\n\n\n<p>c) Quartix i Klient uzgodnili wdro\u017cenie odpowiednich \u015brodk\u00f3w technicznych i organizacyjnych w celu zapewnienia poziomu zabezpiecze\u0144 odpowiedniego do danego ryzyka.<\/p>\n\n\n\n<p>d) Klient udziela firmie Quartix prawa do anga\u017cowania stron trzecich (w tym agent\u00f3w i podwykonawc\u00f3w) w proces przetwarzania Danych. Firma Quartix zapewnia, \u017ce zawar\u0142a umowy z takimi stronami trzecimi, kt\u00f3re zapewniaj\u0105 poziom ochrony Danych r\u00f3wnowa\u017cny poziomowi okre\u015blonemu w niniejszych Warunkach. Firma Quartix pozostaje odpowiedzialna wobec Klienta za wype\u0142nianie przez takie strony trzecie obowi\u0105zk\u00f3w w zakresie ochrony prywatno\u015bci w odniesieniu do Danych.<\/p>\n\n\n\n<p>e) Bior\u0105c pod uwag\u0119 charakter przetwarzania, firma Quartix przyjmuje takie \u015brodki techniczne i organizacyjne, jakie s\u0105 niezb\u0119dne, aby umo\u017cliwi\u0107 jej, w miar\u0119 mo\u017cliwo\u015bci, wsparcie Klienta w wype\u0142nianiu jego obowi\u0105zku odpowiadania na \u017c\u0105dania Os\u00f3b, kt\u00f3rych dane dotycz\u0105, korzystaj\u0105cych z praw okre\u015blonych w rozdziale III RODO \u2013 prawa do usuni\u0119cia, sprostowania, dost\u0119pu, ograniczenia, przenoszenia, sprzeciwu i prawa do niepodlegania procesowi zautomatyzowanego podejmowania decyzji itp.<\/p>\n\n\n\n<p>f) Quartix zapewni Klientowi takie wsparcie, jakie umo\u017cliwi Klientowi wywi\u0105zanie si\u0119 z obowi\u0105zk\u00f3w wynikaj\u0105cych z art. 32\u201336 RODO \u2013 zapewnienie bezpiecze\u0144stwa danych, powiadamianie o naruszeniach danych, przekazywanie informacji o naruszeniach danych Osobom, kt\u00f3rych dane dotycz\u0105, ocena skutk\u00f3w dla ochrony danych oraz, w razie potrzeby, konsultacja z ICO (lub odpowiednim organem nadzorczym).<\/p>\n\n\n\n<p>g) Quartix b\u0119dzie prowadzi\u0107 pisemny rejestr wszystkich kategorii czynno\u015bci przetwarzania wykonywanych w imieniu Klienta, zawieraj\u0105cy wszystkie informacje wymagane na mocy Przepis\u00f3w o ochronie danych, a tak\u017ce udost\u0119pni ten rejestr w\u0142a\u015bciwemu organowi nadzorczemu Unii Europejskiej lub Pa\u0144stwa cz\u0142onkowskiego (i\/lub jego brytyjskiemu odpowiednikowi) na \u017c\u0105danie tego organu nadzorczego.<\/p>\n\n\n\n<p>h) W zakresie wymaganym przez Przepisy o ochronie danych, Quartix usunie Dane, je\u015bli w dowolnym momencie Klient wyda uzasadnione polecenie ich usuni\u0119cia, a w ka\u017cdym razie po zako\u0144czeniu przetwarzania zgodnie z Przepisami o ochronie danych (po up\u0142ywie okresu przechowywania). Je\u015bli Klient jest klientem monitoruj\u0105cym pojazdy flotowe, ma on mo\u017cliwo\u015b\u0107 ustawienia okresu przechowywania danych po zalogowaniu si\u0119 do aplikacji do monitorowania floty. W przypadku, gdy Quartix ma usun\u0105\u0107 Dane, takie usuni\u0119cie obejmuje zniszczenie wszystkich istniej\u0105cych kopii (w zakresie wymaganym przez Przepisy o ochronie danych).<\/p>\n\n\n\n<p>i) W zakresie wymaganym przez Przepisy o ochronie danych Quartix, na uzasadnione \u017c\u0105danie Klienta, udost\u0119pni Klientowi informacje niezb\u0119dne do wykazania spe\u0142niania zobowi\u0105za\u0144 okre\u015blonych w niniejszych Warunkach i umo\u017cliwi realizacj\u0119 wszelkich uzasadnionych \u017c\u0105da\u0144 przeprowadzenia audytu ze strony Klienta \u2013 pod warunkiem, \u017ce Klient zrekompensuje Quartix wszelkie koszty poniesione w zwi\u0105zku z przeprowadzeniem audytu (w tym koszty zwi\u0105zane z czasem pracy pracownik\u00f3w); dost\u0119p do niekt\u00f3rych rejestr\u00f3w mo\u017ce by\u0107 ograniczony przez Quartix w przypadku, gdy takie rejestry s\u0105 uwa\u017cane przez Quartix za wra\u017cliwe z handlowego punktu widzenia (tego typu os\u0105dy s\u0105 dokonywane przez Quartix wed\u0142ug w\u0142asnego uznania), nie s\u0105 przeprowadzane \u017cadne testy penetracyjne, skanowanie luk w zabezpieczeniach ani inne testy bezpiecze\u0144stwa; \u017cadne rejestry ani kopie rejestr\u00f3w nie mog\u0105 by\u0107 usuwane ze stron Quartix; firmie Quartix zostanie przedstawione powiadomienie o audycie z 30-dniowym wyprzedzeniem, a umowy o zachowaniu poufno\u015bci zostan\u0105 podpisane przez wszystkie strony chc\u0105ce uczestniczy\u0107 w przeprowadzaniu audytu (w tym wszelkie strony dzia\u0142aj\u0105ce w imieniu Klienta).<\/p>\n\n\n\n<p>j) Quartix b\u0119dzie przestrzega\u0107 odpowiednich ustale\u0144 dotycz\u0105cych bezpiecznego przekazywania Danych przez Klienta do Quartix i bezpiecznego przechowywania Danych przez Quartix.<\/p>\n\n\n\n<p>k) Quartix zachowa integralno\u015b\u0107 Danych bez wprowadzania zmian, zapewniaj\u0105c mo\u017cliwo\u015b\u0107 oddzielenia Danych od wszelkich innych utworzonych informacji.<\/p>\n\n\n\n<p>l) W zakresie wymaganym przez Przepisy o ochronie danych Quartix, na uzasadnione \u017c\u0105danie Klienta, niezw\u0142ocznie zwr\u00f3ci, zmieni, przeka\u017ce, skopiuje lub usunie wszelkie Dane.<\/p>\n\n\n\n<h3 class=\"wp-block-heading\"><strong>4. Obowi\u0105zek powiadomienia itp.<\/strong><\/h3>\n\n\n\n<p>W zakresie wymaganym przez Przepisy o ochronie danych Quartix powiadomi Klienta: niezw\u0142ocznie po uzyskaniu informacji o faktycznej, podejrzewanej lub gro\u017c\u0105cej utracie, wycieku lub nieuprawnionym przetwarzaniu lub ujawnieniu jakichkolwiek Danych; niezw\u0142ocznie po otrzymaniu powiadomienia od dowolnego Organu nadzorczego, kt\u00f3re odnosi si\u0119 bezpo\u015brednio lub po\u015brednio do przetwarzania Danych osobowych Klienta, i b\u0119dzie wsp\u00f3\u0142pracowa\u0107 z tym Organem nadzorczym; niezw\u0142ocznie, je\u015bli jakiekolwiek Dane osobowe Klienta b\u0119d\u0105ce w posiadaniu i\/lub pod kontrol\u0105 Quartix zostan\u0105 utracone, uszkodzone lub stan\u0105 si\u0119 bezu\u017cyteczne z jakiegokolwiek powodu; niezw\u0142ocznie, je\u015bli Quartix ma powody, by s\u0105dzi\u0107, \u017ce dzia\u0142anie lub polecenie Klienta narusza Przepisy o ochronie danych.<\/p>\n\n\n\n<h3 class=\"wp-block-heading\"><strong>5. Zako\u0144czenie obowi\u0105zywania<\/strong><\/h3>\n\n\n\n<p>Po wyga\u015bni\u0119ciu lub rozwi\u0105zaniu niniejszych Warunk\u00f3w Quartix niezw\u0142ocznie zaprzestanie wykorzystywania Danych oraz dopilnuje, aby jej przedstawiciele i podwykonawcy zaprzestali ich wykorzystywania, a tak\u017ce zorganizuje bezpieczny zwrot lub zniszczenie Danych (wed\u0142ug uznania Klienta) w odpowiednim czasie (chyba \u017ce prawo Unii Europejskiej, Pa\u0144stwa cz\u0142onkowskiego i\/lub Wielkiej Brytanii wymaga przechowywania Danych osobowych).<\/p>\n\n\n\n<h3 class=\"wp-block-heading\"><strong>6. Prawa zwi\u0105zane z danymi osobowymi<\/strong><\/h3>\n\n\n\n<p>Quartix kompiluje dane zgromadzone w ramach \u015bwiadczenia Us\u0142ug w formie zagregowanej i zanonimizowanej (\u201eDane zagregowane\u201d), a Klient udziela firmie Quartix prawa do tego. Firma Quartix nabywa pe\u0142ne prawa do zagregowanych danych i prawo w\u0142asno\u015bci do nich oraz przestaje by\u0107 Podmiotem przetwarzaj\u0105cym dzia\u0142aj\u0105cym w imieniu Klienta w momencie, gdy dane te zostan\u0105 skompilowane w formie zanonimizowanej, jak r\u00f3wnie\u017c nie b\u0119dzie zobowi\u0105zany do zachowania poufno\u015bci, usuni\u0119cia, zwrotu lub wprowadzenia jakichkolwiek zmian w zagregowanych danych lub jakiejkolwiek ich cz\u0119\u015bci.<\/p>\n","protected":false},"excerpt":{"rendered":"<p>1. Kontekst i cel Sp\u00f3\u0142ka, sp\u00f3\u0142ka osobowa, stowarzyszenie lub osoba fizyczna wyra\u017caj\u0105ca zgod\u0119 na niniejsze warunki (\u201eKlient\u201d) oraz Quartix Technologies plc, Quartix Limited, Quartix SAS, Quartix Inc lub jakikolwiek inny podmiot, kt\u00f3ry jest bezpo\u015brednio lub po\u015brednio kontrolowany przez Quartix Technologies plc (odpowiednio \u201eQuartix\u201d), zawar\u0142y umow\u0119 (\u201eUmowa\u201d), na mocy kt\u00f3rej Quartix \u015bwiadczy Us\u0142ugi na rzecz Klienta. [&hellip;]<\/p>\n","protected":false},"author":12,"featured_media":0,"parent":0,"menu_order":720,"comment_status":"closed","ping_status":"closed","template":"templates\/terms-and-conditions.php","meta":{"_acf_changed":false,"inline_featured_image":false,"footnotes":""},"topic":[],"qtx_campaign":[],"class_list":["post-5037","page","type-page","status-publish","hentry"],"acf":[],"yoast_head":"<!-- This site is optimized with the Yoast SEO Premium plugin v27.3 (Yoast SEO v27.3) - https:\/\/yoast.com\/product\/yoast-seo-premium-wordpress\/ -->\n<title>Warunki przetwarzania danych Quartix - PL<\/title>\n<meta name=\"robots\" content=\"index, follow, max-snippet:-1, max-image-preview:large, max-video-preview:-1\" \/>\n<link rel=\"canonical\" href=\"https:\/\/www.quartix.com\/pl-pl\/warunki-przetwarzania-danych\/\" \/>\n<meta property=\"og:locale\" content=\"pl_PL\" \/>\n<meta property=\"og:type\" content=\"article\" \/>\n<meta property=\"og:title\" content=\"Warunki przetwarzania danych Quartix\" \/>\n<meta property=\"og:description\" content=\"1. Kontekst i cel Sp\u00f3\u0142ka, sp\u00f3\u0142ka osobowa, stowarzyszenie lub osoba fizyczna wyra\u017caj\u0105ca zgod\u0119 na niniejsze warunki (\u201eKlient\u201d) oraz Quartix Technologies plc, Quartix Limited, Quartix SAS, Quartix Inc lub jakikolwiek inny podmiot, kt\u00f3ry jest bezpo\u015brednio lub po\u015brednio kontrolowany przez Quartix Technologies plc (odpowiednio \u201eQuartix\u201d), zawar\u0142y umow\u0119 (\u201eUmowa\u201d), na mocy kt\u00f3rej Quartix \u015bwiadczy Us\u0142ugi na rzecz Klienta. [&hellip;]\" \/>\n<meta property=\"og:url\" content=\"https:\/\/www.quartix.com\/pl-pl\/warunki-przetwarzania-danych\/\" \/>\n<meta property=\"og:site_name\" content=\"Quartix\" \/>\n<meta property=\"article:publisher\" content=\"https:\/\/www.facebook.com\/Quartix-USA-374426386097401\/\" \/>\n<meta property=\"article:modified_time\" content=\"2024-01-03T16:54:22+00:00\" \/>\n<meta name=\"twitter:card\" content=\"summary_large_image\" \/>\n<meta name=\"twitter:site\" content=\"@QuartixUSA\" \/>\n<meta name=\"twitter:label1\" content=\"Est. reading time\" \/>\n\t<meta name=\"twitter:data1\" content=\"8 minutes\" \/>\n<!-- \/ Yoast SEO Premium plugin. -->","yoast_head_json":{"title":"Warunki przetwarzania danych Quartix - PL","robots":{"index":"index","follow":"follow","max-snippet":"max-snippet:-1","max-image-preview":"max-image-preview:large","max-video-preview":"max-video-preview:-1"},"canonical":"https:\/\/www.quartix.com\/pl-pl\/warunki-przetwarzania-danych\/","og_locale":"pl_PL","og_type":"article","og_title":"Warunki przetwarzania danych Quartix","og_description":"1. Kontekst i cel Sp\u00f3\u0142ka, sp\u00f3\u0142ka osobowa, stowarzyszenie lub osoba fizyczna wyra\u017caj\u0105ca zgod\u0119 na niniejsze warunki (\u201eKlient\u201d) oraz Quartix Technologies plc, Quartix Limited, Quartix SAS, Quartix Inc lub jakikolwiek inny podmiot, kt\u00f3ry jest bezpo\u015brednio lub po\u015brednio kontrolowany przez Quartix Technologies plc (odpowiednio \u201eQuartix\u201d), zawar\u0142y umow\u0119 (\u201eUmowa\u201d), na mocy kt\u00f3rej Quartix \u015bwiadczy Us\u0142ugi na rzecz Klienta. [&hellip;]","og_url":"https:\/\/www.quartix.com\/pl-pl\/warunki-przetwarzania-danych\/","og_site_name":"Quartix","article_publisher":"https:\/\/www.facebook.com\/Quartix-USA-374426386097401\/","article_modified_time":"2024-01-03T16:54:22+00:00","twitter_card":"summary_large_image","twitter_site":"@QuartixUSA","twitter_misc":{"Est. reading time":"8 minutes"},"schema":{"@context":"https:\/\/schema.org","@graph":[{"@type":"WebPage","@id":"https:\/\/www.quartix.com\/pl-pl\/warunki-przetwarzania-danych\/","url":"https:\/\/www.quartix.com\/pl-pl\/warunki-przetwarzania-danych\/","name":"Warunki przetwarzania danych Quartix","isPartOf":{"@id":"https:\/\/www.quartix.com\/pl-pl\/#website"},"datePublished":"2019-01-21T17:30:26+00:00","dateModified":"2024-01-03T16:54:22+00:00","breadcrumb":{"@id":"https:\/\/www.quartix.com\/pl-pl\/warunki-przetwarzania-danych\/#breadcrumb"},"inLanguage":"pl-PL","potentialAction":[{"@type":"ReadAction","target":["https:\/\/www.quartix.com\/pl-pl\/warunki-przetwarzania-danych\/"]}]},{"@type":"BreadcrumbList","@id":"https:\/\/www.quartix.com\/pl-pl\/warunki-przetwarzania-danych\/#breadcrumb","itemListElement":[{"@type":"ListItem","position":1,"name":"Strona G\u0142\u00f3wna","item":"https:\/\/www.quartix.com\/pl-pl\/quartix-real-time-vehicle-tracking-2\/"},{"@type":"ListItem","position":2,"name":"Warunki przetwarzania danych Quartix"}]},{"@type":"WebSite","@id":"https:\/\/www.quartix.com\/pl-pl\/#website","url":"https:\/\/www.quartix.com\/pl-pl\/","name":"Quartix","description":"Real-time vehicle tracking","publisher":{"@id":"https:\/\/www.quartix.com\/pl-pl\/#organization"},"potentialAction":[{"@type":"SearchAction","target":{"@type":"EntryPoint","urlTemplate":"https:\/\/www.quartix.com\/pl-pl\/?s={search_term_string}"},"query-input":{"@type":"PropertyValueSpecification","valueRequired":true,"valueName":"search_term_string"}}],"inLanguage":"pl-PL"},{"@type":"Organization","@id":"https:\/\/www.quartix.com\/pl-pl\/#organization","name":"Quartix","url":"https:\/\/www.quartix.com\/pl-pl\/","logo":{"@type":"ImageObject","inLanguage":"pl-PL","@id":"https:\/\/www.quartix.com\/pl-pl\/#\/schema\/logo\/image\/","url":"https:\/\/www.quartix.com\/content\/uploads\/2019\/02\/quartix-logo-eur.svg","contentUrl":"https:\/\/www.quartix.com\/content\/uploads\/2019\/02\/quartix-logo-eur.svg","width":1,"height":1,"caption":"Quartix"},"image":{"@id":"https:\/\/www.quartix.com\/pl-pl\/#\/schema\/logo\/image\/"},"sameAs":["https:\/\/www.facebook.com\/Quartix-USA-374426386097401\/","https:\/\/x.com\/QuartixUSA","https:\/\/www.linkedin.com\/company\/5346733\/","https:\/\/www.youtube.com\/channel\/UCzS-_GMfHF4kWiCheyIRrAQ"]}]}},"_links":{"self":[{"href":"https:\/\/www.quartix.com\/pl-pl\/wp-json\/wp\/v2\/pages\/5037","targetHints":{"allow":["GET"]}}],"collection":[{"href":"https:\/\/www.quartix.com\/pl-pl\/wp-json\/wp\/v2\/pages"}],"about":[{"href":"https:\/\/www.quartix.com\/pl-pl\/wp-json\/wp\/v2\/types\/page"}],"author":[{"embeddable":true,"href":"https:\/\/www.quartix.com\/pl-pl\/wp-json\/wp\/v2\/users\/12"}],"replies":[{"embeddable":true,"href":"https:\/\/www.quartix.com\/pl-pl\/wp-json\/wp\/v2\/comments?post=5037"}],"version-history":[{"count":0,"href":"https:\/\/www.quartix.com\/pl-pl\/wp-json\/wp\/v2\/pages\/5037\/revisions"}],"wp:attachment":[{"href":"https:\/\/www.quartix.com\/pl-pl\/wp-json\/wp\/v2\/media?parent=5037"}],"wp:term":[{"taxonomy":"topic","embeddable":true,"href":"https:\/\/www.quartix.com\/pl-pl\/wp-json\/wp\/v2\/topic?post=5037"},{"taxonomy":"qtx_campaign","embeddable":true,"href":"https:\/\/www.quartix.com\/pl-pl\/wp-json\/wp\/v2\/qtx_campaign?post=5037"}],"curies":[{"name":"wp","href":"https:\/\/api.w.org\/{rel}","templated":true}]}}