{"id":5055,"date":"2019-01-21T22:30:57","date_gmt":"2019-01-21T22:30:57","guid":{"rendered":" https:\/\/www.quartix.com\/?page_id=5055"},"modified":"2022-10-14T11:54:58","modified_gmt":"2022-10-14T10:54:58","slug":"wiecej-niz-lokalizacja-pojazdow","status":"publish","type":"page","link":"https:\/\/www.quartix.com\/pl-pl\/wiecej-niz-lokalizacja-pojazdow\/","title":{"rendered":"Wi\u0119cej ni\u017c lokalizacja pojazd\u00f3w\u2026"},"content":{"rendered":"\n<div class=\"wp-block-columns is-layout-flex wp-container-core-columns-is-layout-28f84493 wp-block-columns-is-layout-flex\">\n<div class=\"wp-block-column is-layout-flow wp-block-column-is-layout-flow\">\n<p>Od ponad 17 lat Quartix \u015bci\u015ble wsp\u00f3\u0142pracuje z firmami z r\u00f3\u017cnych bran\u017c, aby pozna\u0107 ich potrzeby i przygotowa\u0107 dla nich elastyczne rozwi\u0105zania z zakresu lokalizacji pojazd\u00f3w i telematyki.<\/p>\n\n\n\n<p>Quartix wybra\u0142o ponad 20&nbsp;000 firm, poniewa\u017c ten system oferuje nast\u0119puj\u0105ce korzy\u015bci:<\/p>\n\n\n\n<ul class=\"wp-block-list\"><li>Wgl\u0105d w ruchy pojazd\u00f3w, wykorzystanie silnika, zachowanie kierowc\u00f3w i zu\u017cycie paliwa<\/li><li>Przejrzyste opcje cenowe, kt\u00f3re pozwalaj\u0105 klientom na wyb\u00f3r poziomu funkcjonalno\u015bci, kt\u00f3rego potrzebuj\u0105<\/li><li>Umowy kr\u00f3tkoterminowe, kt\u00f3re nie przed\u0142u\u017caj\u0105 si\u0119 automatycznie<\/li><li>Obs\u0142uga klienta przez ekspert\u00f3w zaanga\u017cowanych w osi\u0105gni\u0119cie przez niego sukcesu<\/li><\/ul>\n<\/div>\n\n\n\n<div class=\"wp-block-column is-layout-flow wp-block-column-is-layout-flow\">\n<figure class=\"wp-block-image aligncenter\"><img decoding=\"async\" src=\" https:\/\/www.quartix.com\/content\/uploads\/2017\/09\/experts-at-tracking.svg\" alt=\"\"\/><\/figure>\n<\/div>\n<\/div>\n\n\n<section  class=\"qtx-pagebuilder-section qtx-pagebuilder-section-card per-row-3\">\r\n\r\n\r\n<div class=\"cardcontainer\">\r\n            <a href='\/pl-pl\/lokalizacja-pojazdow\/lokalizacja-na-zywo\/' title='LOKALIZACJA POJAZD\u00d3W' target=''>LOKALIZACJA POJAZD\u00d3W<\/a>\r\n    <div class=\"cardimage\" >\r\n        <img loading=\"lazy\" decoding=\"async\" width=\"1\" height=\"1\" src=\"https:\/\/www.quartix.com\/content\/uploads\/2021\/06\/real-time-tracking-2.svg\" class=\"\" alt=\"\" \/>  \r\n    <\/div>\r\n        <div class=\"seperator\"><\/div>\r\n    <div class=\"cardcontent\">\r\n        <h3 class='islink'>LOKALIZACJA POJAZD\u00d3W<\/h3>        <p>Monitoruj swoje pojazdy i kierowc\u00f3w w czasie rzeczywistym, korzystaj\u0105c z jakiegokolwiek urz\u0105dzenia pod\u0142\u0105czonego do Internetu\u00a0\u2013\u00a0wszystko jest dost\u0119pne w sieci.<\/p>\n        \r\n    <\/div>\r\n<\/div>\r\n\r\n\r\n        \r\n\r\n<div class=\"cardcontainer\">\r\n            <a href='\/pl-pl\/lokalizacja-pojazdow\/karty-ewidencji-czasu-pracy\/' title='KARTY EWIDENCJI CZASU PRACY' target=''>KARTY EWIDENCJI CZASU PRACY<\/a>\r\n    <div class=\"cardimage\" >\r\n        <img loading=\"lazy\" decoding=\"async\" width=\"1\" height=\"1\" src=\"https:\/\/www.quartix.com\/content\/uploads\/2021\/06\/experts-at-tracking.svg\" class=\"\" alt=\"\" \/>  \r\n    <\/div>\r\n        <div class=\"seperator\"><\/div>\r\n    <div class=\"cardcontent\">\r\n        <h3 class='islink'>KARTY EWIDENCJI CZASU PRACY<\/h3>        <p>Niezale\u017cnie od tego, czy raporty dotycz\u0105ce floty maj\u0105 by\u0107 generowane z perspektywy kierowcy, czy pojazdu, Quartix oferuje szczeg\u00f3\u0142owe raporty dotycz\u0105ce ich ruch\u00f3w, pr\u0119dko\u015bci i czasu sp\u0119dzonego na postoju.<\/p>\n        \r\n    <\/div>\r\n<\/div>\r\n\r\n\r\n        \r\n\r\n<div class=\"cardcontainer\">\r\n            <a href='\/pl-pl\/lokalizacja-pojazdow\/styl-jazdy\/' title='STYL JAZDY' target=''>STYL JAZDY<\/a>\r\n    <div class=\"cardimage\" >\r\n        <img loading=\"lazy\" decoding=\"async\" width=\"1\" height=\"1\" src=\"https:\/\/www.quartix.com\/content\/uploads\/2021\/06\/driving-style-analysis.svg\" class=\"\" alt=\"\" \/>  \r\n    <\/div>\r\n        <div class=\"seperator\"><\/div>\r\n    <div class=\"cardcontent\">\r\n        <h3 class='islink'>STYL JAZDY<\/h3>        <p>Poprawiaj\u0105c styl jazdy mo\u017cna zaoszcz\u0119dzi\u0107 do 15% na kosztach paliwa oraz zmniejszy\u0107 ryzyko wypadk\u00f3w. Dzi\u0119ki naszym raportom miej wp\u0142yw i promuj oszcz\u0119dn\u0105 i bezpieczn\u0105 jazd\u0119.<\/p>\n        \r\n    <\/div>\r\n<\/div>\r\n\r\n\r\n        \r\n\r\n<div class=\"cardcontainer\">\r\n            <a href='\/pl-pl\/lokalizacja-pojazdow\/zarzadzanie-flota\/' title='NARZ\u0118DZIA DO ZARZ\u0104DZANIA' target=''>NARZ\u0118DZIA DO ZARZ\u0104DZANIA<\/a>\r\n    <div class=\"cardimage\" >\r\n        <img loading=\"lazy\" decoding=\"async\" width=\"1\" height=\"1\" src=\"https:\/\/www.quartix.com\/content\/uploads\/2021\/06\/individual-driver-reports-2.svg\" class=\"\" alt=\"\" \/>  \r\n    <\/div>\r\n        <div class=\"seperator\"><\/div>\r\n    <div class=\"cardcontent\">\r\n        <h3 class='islink'>NARZ\u0118DZIA DO ZARZ\u0104DZANIA<\/h3>        <p>System Quartix wykonuje za Ciebie mozoln\u0105 prac\u0119 analizowania danych i generuje \u0142atwe w u\u017cyciu raporty. Dostrze\u017c swoich najlepszych kierowc\u00f3w, zdob\u0105d\u017a rozeznanie w przebiegu i kosztach paliwa oraz zmniejsz ilo\u015b\u0107 czasu sp\u0119dzonego na pracy papierkowej.<\/p>\n        \r\n    <\/div>\r\n<\/div>\r\n\r\n\r\n        \r\n\r\n<div class=\"cardcontainer\">\r\n            <a href='\/pl-pl\/lokalizacja-pojazdow\/powiadomienia\/' title='POWIADOMIENIA' target=''>POWIADOMIENIA<\/a>\r\n    <div class=\"cardimage\" >\r\n        <img loading=\"lazy\" decoding=\"async\" width=\"1\" height=\"1\" src=\"https:\/\/www.quartix.com\/content\/uploads\/2021\/06\/geofencing-1.svg\" class=\"\" alt=\"\" \/>  \r\n    <\/div>\r\n        <div class=\"seperator\"><\/div>\r\n    <div class=\"cardcontent\">\r\n        <h3 class='islink'>POWIADOMIENIA<\/h3>        <p>Je\u015bli Twoje pojazdy musz\u0105 znajdowa\u0107 si\u0119 w okre\u015blonych godzinach na niekt\u00f3rych obszarach lub poza nimi, funkcja geostref b\u0119dzie Ci wysy\u0142a\u0142a\u00a0 automatyczne powiadomienia. W przypadku naruszenia zasad b\u0119dziesz m\u00f3g\u0142 niezw\u0142ocznie zbada\u0107 spraw\u0119.<\/p>\n        \r\n    <\/div>\r\n<\/div>\r\n\r\n\r\n        \r\n\r\n<div class=\"cardcontainer\">\r\n            <a href='\/pl-pl\/lokalizacja-pojazdow\/konfiguracja\/' title='KONFIGURACJA' target=''>KONFIGURACJA<\/a>\r\n    <div class=\"cardimage\" >\r\n        <img loading=\"lazy\" decoding=\"async\" width=\"1\" height=\"1\" src=\"https:\/\/www.quartix.com\/content\/uploads\/2019\/07\/geofencing.svg\" class=\"\" alt=\"\" \/>  \r\n    <\/div>\r\n        <div class=\"seperator\"><\/div>\r\n    <div class=\"cardcontent\">\r\n        <h3 class='islink'>KONFIGURACJA<\/h3>        <p>Ka\u017cdy pojazd mo\u017cna skonfigurowa\u0107 tak, aby generowane raporty wychodzi\u0142y naprzeciw Twoim potrzebom. Mo\u017cesz na przyk\u0142ad ustawi\u0107 tryby prywatno\u015bci, spersonalizowane lokalizacje czy szczeg\u00f3\u0142y dotycz\u0105ce kierowcy\/pojazdu. Mo\u017cesz to zrobi\u0107 sam lub z nasz\u0105 pomoc\u0105.<\/p>\n        \r\n    <\/div>\r\n<\/div>\r\n\r\n\r\n        <\/section>\r\n    \n\n<section class=\"qtx-pagebuilder-section countups qtx-pagebuilder-section-counters   nobottommargin\">\r\n        <div class=\"countup first\">\r\n            <p class=\"pretext\">Od 2001 r. ponad<\/p>\r\n            <p class=\"value\" id=\"cid7100029771\">600000<\/p>\r\n            <p class=\"posttext\">zainstalowanych urz\u0105dze\u0144<\/p>\r\n        <\/div>\r\n        <div class=\"countup\">\r\n            <p class=\"pretext\">Co<\/p>\r\n            <p class=\"value\" id=\"cid7100029772\">80<\/p>\r\n            <p class=\"posttext\">sekund jest instalowany nowy system<\/p>\r\n        <\/div>\r\n        <div class=\"countup\">\r\n            <p class=\"pretext\">Co miesi\u0105c ponad<\/p>\r\n            <p class=\"value\" id=\"cid7100029773\">400<\/p>\r\n            <p class=\"posttext\">nowych klient\u00f3w flotowych<\/p>\r\n    <\/div>\r\n<\/section>\r\n\r\n<script nonce=\"\" nonce=\"\">\r\n\r\n    jQuery(function($) {\r\n        $( document ).ready(function(){\r\n            var countercontroller710002977 = new ScrollMagic.Controller();\r\n\r\n                                var options = {\r\n                        useEasing: true,\r\n                        useGrouping: true,\r\n                        separator: '.',\r\n                        decimal: ',',\r\n                        suffix: ''\r\n                    };\r\n                \r\n            let c1countup= new CountUp('cid7100029771', 0, 600000,0,2,options);\r\n\t\t\tvar c1scene = new ScrollMagic.Scene({\r\n                triggerElement: \"#cid7100029771\",\r\n                triggerHook: 'onEnter',\r\n\t\t\t})\r\n\t\t\t.addTo(countercontroller710002977);\r\n            c1scene.on(\"enter\", function (event) {\r\n                if (!c1countup.error) {\r\n                \u2003\u2003c1countup.start();\r\n                } else {\r\n                \u2003\u2003console.error(c1countup.error);\r\n                }\r\n            });\r\n\r\n            let c2countup= new CountUp('cid7100029772', 0, 80,0,2,options);\r\n\t\t\tvar c2scene = new ScrollMagic.Scene({\r\n                triggerElement: \"#cid7100029772\",\r\n                triggerHook: 'onEnter',\r\n\t\t\t})\r\n\t\t\t.addTo(countercontroller710002977);\r\n            c2scene.on(\"enter\", function (event) {\r\n                if (!c2countup.error) {\r\n                \u2003\u2003c2countup.start();\r\n                } else {\r\n                \u2003\u2003console.error(c2countup.error);\r\n                }\r\n            });\r\n\r\n            let c3countup= new CountUp('cid7100029773', 0, 400,0,2,options);\r\n\t\t\tvar c3scene = new ScrollMagic.Scene({\r\n                triggerElement: \"#cid7100029773\",\r\n                triggerHook: 'onEnter',\r\n\t\t\t})\r\n\t\t\t.addTo(countercontroller710002977);\r\n            c3scene.on(\"enter\", function (event) {\r\n                if (!c3countup.error) {\r\n                \u2003\u2003c3countup.start();\r\n                } else {\r\n                \u2003\u2003console.error(c3countup.error);\r\n                }\r\n            });\r\n        })  \r\n    })\r\n            <\/script>","protected":false},"excerpt":{"rendered":"<p>Od ponad 17 lat Quartix \u015bci\u015ble wsp\u00f3\u0142pracuje z firmami z r\u00f3\u017cnych bran\u017c, aby pozna\u0107 ich potrzeby i przygotowa\u0107 dla nich elastyczne rozwi\u0105zania z zakresu lokalizacji pojazd\u00f3w i telematyki. Quartix wybra\u0142o ponad 20&nbsp;000 firm, poniewa\u017c ten system oferuje nast\u0119puj\u0105ce korzy\u015bci: Wgl\u0105d w ruchy pojazd\u00f3w, wykorzystanie silnika, zachowanie kierowc\u00f3w i zu\u017cycie paliwa Przejrzyste opcje cenowe, kt\u00f3re pozwalaj\u0105 [&hellip;]<\/p>\n","protected":false},"author":12,"featured_media":0,"parent":0,"menu_order":800,"comment_status":"closed","ping_status":"closed","template":"","meta":{"_acf_changed":false,"inline_featured_image":false,"footnotes":""},"topic":[],"qtx_campaign":[],"class_list":["post-5055","page","type-page","status-publish","hentry"],"acf":[],"yoast_head":"<!-- This site is optimized with the Yoast SEO Premium plugin v27.3 (Yoast SEO v27.3) - https:\/\/yoast.com\/product\/yoast-seo-premium-wordpress\/ -->\n<title>Wi\u0119cej ni\u017c lokalizacja pojazd\u00f3w na \u017cywo - PL<\/title>\n<meta name=\"description\" content=\"Nas system to wi\u0119cej ni\u017c lokalizacja pojazd\u00f3w na \u017cywo. Od ponad 17 lat Quartix \u015bci\u015ble wsp\u00f3\u0142pracuje z firmami z r\u00f3\u017cnych bran\u017c, aby pozna\u0107 ich potrzeby i przygotowa\u0107 dla nich elastyczne rozwi\u0105zania z zakresu zarz\u0105dzania flot\u0105 i telematyki. Quartix wybra\u0142o ju\u017c ponad 10 000 firm...\" \/>\n<meta name=\"robots\" content=\"noindex, follow\" \/>\n<meta property=\"og:locale\" content=\"pl_PL\" \/>\n<meta property=\"og:type\" content=\"article\" \/>\n<meta property=\"og:title\" content=\"Wi\u0119cej ni\u017c lokalizacja pojazd\u00f3w\u2026\" \/>\n<meta property=\"og:description\" content=\"Nas system to wi\u0119cej ni\u017c lokalizacja pojazd\u00f3w na \u017cywo. Od ponad 17 lat Quartix \u015bci\u015ble wsp\u00f3\u0142pracuje z firmami z r\u00f3\u017cnych bran\u017c, aby pozna\u0107 ich potrzeby i przygotowa\u0107 dla nich elastyczne rozwi\u0105zania z zakresu zarz\u0105dzania flot\u0105 i telematyki. Quartix wybra\u0142o ju\u017c ponad 10 000 firm...\" \/>\n<meta property=\"og:url\" content=\"https:\/\/www.quartix.com\/pl-pl\/wiecej-niz-lokalizacja-pojazdow\/\" \/>\n<meta property=\"og:site_name\" content=\"Quartix\" \/>\n<meta property=\"article:publisher\" content=\"https:\/\/www.facebook.com\/Quartix-USA-374426386097401\/\" \/>\n<meta property=\"article:modified_time\" content=\"2022-10-14T10:54:58+00:00\" \/>\n<meta name=\"twitter:card\" content=\"summary_large_image\" \/>\n<meta name=\"twitter:site\" content=\"@QuartixUSA\" \/>\n<meta name=\"twitter:label1\" content=\"Est. reading time\" \/>\n\t<meta name=\"twitter:data1\" content=\"1 minute\" \/>\n<!-- \/ Yoast SEO Premium plugin. -->","yoast_head_json":{"title":"Wi\u0119cej ni\u017c lokalizacja pojazd\u00f3w na \u017cywo - PL","description":"Nas system to wi\u0119cej ni\u017c lokalizacja pojazd\u00f3w na \u017cywo. Od ponad 17 lat Quartix \u015bci\u015ble wsp\u00f3\u0142pracuje z firmami z r\u00f3\u017cnych bran\u017c, aby pozna\u0107 ich potrzeby i przygotowa\u0107 dla nich elastyczne rozwi\u0105zania z zakresu zarz\u0105dzania flot\u0105 i telematyki. Quartix wybra\u0142o ju\u017c ponad 10 000 firm...","robots":{"index":"noindex","follow":"follow"},"og_locale":"pl_PL","og_type":"article","og_title":"Wi\u0119cej ni\u017c lokalizacja pojazd\u00f3w\u2026","og_description":"Nas system to wi\u0119cej ni\u017c lokalizacja pojazd\u00f3w na \u017cywo. Od ponad 17 lat Quartix \u015bci\u015ble wsp\u00f3\u0142pracuje z firmami z r\u00f3\u017cnych bran\u017c, aby pozna\u0107 ich potrzeby i przygotowa\u0107 dla nich elastyczne rozwi\u0105zania z zakresu zarz\u0105dzania flot\u0105 i telematyki. Quartix wybra\u0142o ju\u017c ponad 10 000 firm...","og_url":"https:\/\/www.quartix.com\/pl-pl\/wiecej-niz-lokalizacja-pojazdow\/","og_site_name":"Quartix","article_publisher":"https:\/\/www.facebook.com\/Quartix-USA-374426386097401\/","article_modified_time":"2022-10-14T10:54:58+00:00","twitter_card":"summary_large_image","twitter_site":"@QuartixUSA","twitter_misc":{"Est. reading time":"1 minute"},"schema":{"@context":"https:\/\/schema.org","@graph":[{"@type":"WebPage","@id":"https:\/\/www.quartix.com\/pl-pl\/wiecej-niz-lokalizacja-pojazdow\/","url":"https:\/\/www.quartix.com\/pl-pl\/wiecej-niz-lokalizacja-pojazdow\/","name":"Wi\u0119cej ni\u017c lokalizacja pojazd\u00f3w na \u017cywo","isPartOf":{"@id":"https:\/\/www.quartix.com\/pl-pl\/#website"},"datePublished":"2019-01-21T22:30:57+00:00","dateModified":"2022-10-14T10:54:58+00:00","description":"Nas system to wi\u0119cej ni\u017c lokalizacja pojazd\u00f3w na \u017cywo. Od ponad 17 lat Quartix \u015bci\u015ble wsp\u00f3\u0142pracuje z firmami z r\u00f3\u017cnych bran\u017c, aby pozna\u0107 ich potrzeby i przygotowa\u0107 dla nich elastyczne rozwi\u0105zania z zakresu zarz\u0105dzania flot\u0105 i telematyki. Quartix wybra\u0142o ju\u017c ponad 10 000 firm...","breadcrumb":{"@id":"https:\/\/www.quartix.com\/pl-pl\/wiecej-niz-lokalizacja-pojazdow\/#breadcrumb"},"inLanguage":"pl-PL","potentialAction":[{"@type":"ReadAction","target":["https:\/\/www.quartix.com\/pl-pl\/wiecej-niz-lokalizacja-pojazdow\/"]}]},{"@type":"BreadcrumbList","@id":"https:\/\/www.quartix.com\/pl-pl\/wiecej-niz-lokalizacja-pojazdow\/#breadcrumb","itemListElement":[{"@type":"ListItem","position":1,"name":"Strona G\u0142\u00f3wna","item":"https:\/\/www.quartix.com\/pl-pl\/quartix-real-time-vehicle-tracking-2\/"},{"@type":"ListItem","position":2,"name":"Wi\u0119cej ni\u017c lokalizacja pojazd\u00f3w\u2026"}]},{"@type":"WebSite","@id":"https:\/\/www.quartix.com\/pl-pl\/#website","url":"https:\/\/www.quartix.com\/pl-pl\/","name":"Quartix","description":"Real-time vehicle tracking","publisher":{"@id":"https:\/\/www.quartix.com\/pl-pl\/#organization"},"potentialAction":[{"@type":"SearchAction","target":{"@type":"EntryPoint","urlTemplate":"https:\/\/www.quartix.com\/pl-pl\/?s={search_term_string}"},"query-input":{"@type":"PropertyValueSpecification","valueRequired":true,"valueName":"search_term_string"}}],"inLanguage":"pl-PL"},{"@type":"Organization","@id":"https:\/\/www.quartix.com\/pl-pl\/#organization","name":"Quartix","url":"https:\/\/www.quartix.com\/pl-pl\/","logo":{"@type":"ImageObject","inLanguage":"pl-PL","@id":"https:\/\/www.quartix.com\/pl-pl\/#\/schema\/logo\/image\/","url":"https:\/\/www.quartix.com\/content\/uploads\/2019\/02\/quartix-logo-eur.svg","contentUrl":"https:\/\/www.quartix.com\/content\/uploads\/2019\/02\/quartix-logo-eur.svg","width":1,"height":1,"caption":"Quartix"},"image":{"@id":"https:\/\/www.quartix.com\/pl-pl\/#\/schema\/logo\/image\/"},"sameAs":["https:\/\/www.facebook.com\/Quartix-USA-374426386097401\/","https:\/\/x.com\/QuartixUSA","https:\/\/www.linkedin.com\/company\/5346733\/","https:\/\/www.youtube.com\/channel\/UCzS-_GMfHF4kWiCheyIRrAQ"]}]}},"_links":{"self":[{"href":"https:\/\/www.quartix.com\/pl-pl\/wp-json\/wp\/v2\/pages\/5055","targetHints":{"allow":["GET"]}}],"collection":[{"href":"https:\/\/www.quartix.com\/pl-pl\/wp-json\/wp\/v2\/pages"}],"about":[{"href":"https:\/\/www.quartix.com\/pl-pl\/wp-json\/wp\/v2\/types\/page"}],"author":[{"embeddable":true,"href":"https:\/\/www.quartix.com\/pl-pl\/wp-json\/wp\/v2\/users\/12"}],"replies":[{"embeddable":true,"href":"https:\/\/www.quartix.com\/pl-pl\/wp-json\/wp\/v2\/comments?post=5055"}],"version-history":[{"count":0,"href":"https:\/\/www.quartix.com\/pl-pl\/wp-json\/wp\/v2\/pages\/5055\/revisions"}],"wp:attachment":[{"href":"https:\/\/www.quartix.com\/pl-pl\/wp-json\/wp\/v2\/media?parent=5055"}],"wp:term":[{"taxonomy":"topic","embeddable":true,"href":"https:\/\/www.quartix.com\/pl-pl\/wp-json\/wp\/v2\/topic?post=5055"},{"taxonomy":"qtx_campaign","embeddable":true,"href":"https:\/\/www.quartix.com\/pl-pl\/wp-json\/wp\/v2\/qtx_campaign?post=5055"}],"curies":[{"name":"wp","href":"https:\/\/api.w.org\/{rel}","templated":true}]}}