{"id":5067,"date":"2019-01-21T23:00:24","date_gmt":"2019-01-21T23:00:24","guid":{"rendered":" https:\/\/www.quartix.com\/?page_id=5067"},"modified":"2022-04-26T15:49:04","modified_gmt":"2022-04-26T14:49:04","slug":"dziekujemy-za-kontakt","status":"publish","type":"page","link":"https:\/\/www.quartix.com\/pl-pl\/dziekujemy-za-kontakt\/","title":{"rendered":"Dzi\u0119kujemy &#8211; skontaktuj si\u0119 z nami"},"content":{"rendered":"\n<h2 class=\"has-text-align-center wp-block-heading\">Dzi\u0119kujemy za zapytanie. Skontaktujemy si\u0119 z Tob\u0105 w ci\u0105gu jednego dnia roboczego<\/h2>\n\n\n\n<p class=\"has-text-align-center\">Mo\u017cesz tak\u017ce napisa\u0107 do nas e-mail na adres <a href=\"mailto:biuro@quartix.com\">biuro@quartix.com<\/a> lub zadzwoni\u0107 pod numer +48 22 116 57 33, popro\u015b o po\u0142\u0105czenie z dzia\u0142em sprzeda\u017cy.<\/p>\n","protected":false},"excerpt":{"rendered":"<p>Dzi\u0119kujemy za zapytanie. Skontaktujemy si\u0119 z Tob\u0105 w ci\u0105gu jednego dnia roboczego Mo\u017cesz tak\u017ce napisa\u0107 do nas e-mail na adres biuro@quartix.com lub zadzwoni\u0107 pod numer +48 22 116 57 33, popro\u015b o po\u0142\u0105czenie z dzia\u0142em sprzeda\u017cy.<\/p>\n","protected":false},"author":12,"featured_media":0,"parent":0,"menu_order":8800,"comment_status":"closed","ping_status":"closed","template":"","meta":{"_acf_changed":false,"inline_featured_image":false,"footnotes":""},"topic":[],"qtx_campaign":[],"class_list":["post-5067","page","type-page","status-publish","hentry"],"acf":[],"yoast_head":"<!-- This site is optimized with the Yoast SEO Premium plugin v27.3 (Yoast SEO v27.3) - https:\/\/yoast.com\/product\/yoast-seo-premium-wordpress\/ -->\n<title>Dzi\u0119kujemy za kontakt z nami - zapytanie zosta\u0142o wys\u0142ane - PL<\/title>\n<meta name=\"description\" content=\"Dzi\u0119kujemy za kontakt. Odpowiemy na Twoje zapytanie w ci\u0105gu jednego dnia roboczego Mo\u017cesz tak\u017ce napisa\u0107 do nas e-mail na adres biuro@quartix.com lub zadzwoni\u0107 pod numer +48 22 116 57 33, popro\u015b o po\u0142\u0105czenie z dzia\u0142em sprzeda\u017cy...\" \/>\n<meta name=\"robots\" content=\"noindex, nofollow\" \/>\n<meta property=\"og:locale\" content=\"pl_PL\" \/>\n<meta property=\"og:type\" content=\"article\" \/>\n<meta property=\"og:title\" content=\"Dzi\u0119kujemy - skontaktuj si\u0119 z nami\" \/>\n<meta property=\"og:description\" content=\"Dzi\u0119kujemy za kontakt. Odpowiemy na Twoje zapytanie w ci\u0105gu jednego dnia roboczego Mo\u017cesz tak\u017ce napisa\u0107 do nas e-mail na adres biuro@quartix.com lub zadzwoni\u0107 pod numer +48 22 116 57 33, popro\u015b o po\u0142\u0105czenie z dzia\u0142em sprzeda\u017cy...\" \/>\n<meta property=\"og:url\" content=\"https:\/\/www.quartix.com\/pl-pl\/dziekujemy-za-kontakt\/\" \/>\n<meta property=\"og:site_name\" content=\"Quartix\" \/>\n<meta property=\"article:publisher\" content=\"https:\/\/www.facebook.com\/Quartix-USA-374426386097401\/\" \/>\n<meta property=\"article:modified_time\" content=\"2022-04-26T14:49:04+00:00\" \/>\n<meta name=\"twitter:card\" content=\"summary_large_image\" \/>\n<meta name=\"twitter:site\" content=\"@QuartixUSA\" \/>\n<meta name=\"twitter:label1\" content=\"Est. reading time\" \/>\n\t<meta name=\"twitter:data1\" content=\"1 minute\" \/>\n<!-- \/ Yoast SEO Premium plugin. -->","yoast_head_json":{"title":"Dzi\u0119kujemy za kontakt z nami - zapytanie zosta\u0142o wys\u0142ane - PL","description":"Dzi\u0119kujemy za kontakt. Odpowiemy na Twoje zapytanie w ci\u0105gu jednego dnia roboczego Mo\u017cesz tak\u017ce napisa\u0107 do nas e-mail na adres biuro@quartix.com lub zadzwoni\u0107 pod numer +48 22 116 57 33, popro\u015b o po\u0142\u0105czenie z dzia\u0142em sprzeda\u017cy...","robots":{"index":"noindex","follow":"nofollow"},"og_locale":"pl_PL","og_type":"article","og_title":"Dzi\u0119kujemy - skontaktuj si\u0119 z nami","og_description":"Dzi\u0119kujemy za kontakt. Odpowiemy na Twoje zapytanie w ci\u0105gu jednego dnia roboczego Mo\u017cesz tak\u017ce napisa\u0107 do nas e-mail na adres biuro@quartix.com lub zadzwoni\u0107 pod numer +48 22 116 57 33, popro\u015b o po\u0142\u0105czenie z dzia\u0142em sprzeda\u017cy...","og_url":"https:\/\/www.quartix.com\/pl-pl\/dziekujemy-za-kontakt\/","og_site_name":"Quartix","article_publisher":"https:\/\/www.facebook.com\/Quartix-USA-374426386097401\/","article_modified_time":"2022-04-26T14:49:04+00:00","twitter_card":"summary_large_image","twitter_site":"@QuartixUSA","twitter_misc":{"Est. reading time":"1 minute"},"schema":{"@context":"https:\/\/schema.org","@graph":[{"@type":"WebPage","@id":"https:\/\/www.quartix.com\/pl-pl\/dziekujemy-za-kontakt\/","url":"https:\/\/www.quartix.com\/pl-pl\/dziekujemy-za-kontakt\/","name":"Dzi\u0119kujemy za kontakt z nami - zapytanie zosta\u0142o wys\u0142ane","isPartOf":{"@id":"https:\/\/www.quartix.com\/pl-pl\/#website"},"datePublished":"2019-01-21T23:00:24+00:00","dateModified":"2022-04-26T14:49:04+00:00","description":"Dzi\u0119kujemy za kontakt. Odpowiemy na Twoje zapytanie w ci\u0105gu jednego dnia roboczego Mo\u017cesz tak\u017ce napisa\u0107 do nas e-mail na adres biuro@quartix.com lub zadzwoni\u0107 pod numer +48 22 116 57 33, popro\u015b o po\u0142\u0105czenie z dzia\u0142em sprzeda\u017cy...","breadcrumb":{"@id":"https:\/\/www.quartix.com\/pl-pl\/dziekujemy-za-kontakt\/#breadcrumb"},"inLanguage":"pl-PL","potentialAction":[{"@type":"ReadAction","target":["https:\/\/www.quartix.com\/pl-pl\/dziekujemy-za-kontakt\/"]}]},{"@type":"BreadcrumbList","@id":"https:\/\/www.quartix.com\/pl-pl\/dziekujemy-za-kontakt\/#breadcrumb","itemListElement":[{"@type":"ListItem","position":1,"name":"Strona G\u0142\u00f3wna","item":"https:\/\/www.quartix.com\/pl-pl\/quartix-real-time-vehicle-tracking-2\/"},{"@type":"ListItem","position":2,"name":"Dzi\u0119kujemy &#8211; skontaktuj si\u0119 z nami"}]},{"@type":"WebSite","@id":"https:\/\/www.quartix.com\/pl-pl\/#website","url":"https:\/\/www.quartix.com\/pl-pl\/","name":"Quartix","description":"Real-time vehicle tracking","publisher":{"@id":"https:\/\/www.quartix.com\/pl-pl\/#organization"},"potentialAction":[{"@type":"SearchAction","target":{"@type":"EntryPoint","urlTemplate":"https:\/\/www.quartix.com\/pl-pl\/?s={search_term_string}"},"query-input":{"@type":"PropertyValueSpecification","valueRequired":true,"valueName":"search_term_string"}}],"inLanguage":"pl-PL"},{"@type":"Organization","@id":"https:\/\/www.quartix.com\/pl-pl\/#organization","name":"Quartix","url":"https:\/\/www.quartix.com\/pl-pl\/","logo":{"@type":"ImageObject","inLanguage":"pl-PL","@id":"https:\/\/www.quartix.com\/pl-pl\/#\/schema\/logo\/image\/","url":"https:\/\/www.quartix.com\/content\/uploads\/2019\/02\/quartix-logo-eur.svg","contentUrl":"https:\/\/www.quartix.com\/content\/uploads\/2019\/02\/quartix-logo-eur.svg","width":1,"height":1,"caption":"Quartix"},"image":{"@id":"https:\/\/www.quartix.com\/pl-pl\/#\/schema\/logo\/image\/"},"sameAs":["https:\/\/www.facebook.com\/Quartix-USA-374426386097401\/","https:\/\/x.com\/QuartixUSA","https:\/\/www.linkedin.com\/company\/5346733\/","https:\/\/www.youtube.com\/channel\/UCzS-_GMfHF4kWiCheyIRrAQ"]}]}},"_links":{"self":[{"href":"https:\/\/www.quartix.com\/pl-pl\/wp-json\/wp\/v2\/pages\/5067","targetHints":{"allow":["GET"]}}],"collection":[{"href":"https:\/\/www.quartix.com\/pl-pl\/wp-json\/wp\/v2\/pages"}],"about":[{"href":"https:\/\/www.quartix.com\/pl-pl\/wp-json\/wp\/v2\/types\/page"}],"author":[{"embeddable":true,"href":"https:\/\/www.quartix.com\/pl-pl\/wp-json\/wp\/v2\/users\/12"}],"replies":[{"embeddable":true,"href":"https:\/\/www.quartix.com\/pl-pl\/wp-json\/wp\/v2\/comments?post=5067"}],"version-history":[{"count":0,"href":"https:\/\/www.quartix.com\/pl-pl\/wp-json\/wp\/v2\/pages\/5067\/revisions"}],"wp:attachment":[{"href":"https:\/\/www.quartix.com\/pl-pl\/wp-json\/wp\/v2\/media?parent=5067"}],"wp:term":[{"taxonomy":"topic","embeddable":true,"href":"https:\/\/www.quartix.com\/pl-pl\/wp-json\/wp\/v2\/topic?post=5067"},{"taxonomy":"qtx_campaign","embeddable":true,"href":"https:\/\/www.quartix.com\/pl-pl\/wp-json\/wp\/v2\/qtx_campaign?post=5067"}],"curies":[{"name":"wp","href":"https:\/\/api.w.org\/{rel}","templated":true}]}}