{"id":5123,"date":"2019-01-23T09:16:53","date_gmt":"2019-01-23T09:16:53","guid":{"rendered":" https:\/\/www.quartix.com\/?page_id=5123"},"modified":"2022-10-14T11:58:34","modified_gmt":"2022-10-14T10:58:34","slug":"instrukcja-instalacji-quartix-obd","status":"publish","type":"page","link":"https:\/\/www.quartix.com\/pl-pl\/instrukcja-instalacji-quartix-obd\/","title":{"rendered":"Przewodnik instalacji urz\u0105dzenia Quartix OBD"},"content":{"rendered":"\n<div class=\"wp-block-columns is-layout-flex wp-container-core-columns-is-layout-28f84493 wp-block-columns-is-layout-flex\">\n<div class=\"wp-block-column is-layout-flow wp-block-column-is-layout-flow\">\n<h2 class=\"wp-block-heading\">Pobierz przewodnik do samodzielnej instalacji urz\u0105dzenia Quartix OBD<\/h2>\n\n\n\n<p>Urz\u0105dzenia do lokalizacji pojazd\u00f3w Quartix s\u0105 bardzo \u0142atwe w instalacji.&nbsp; Mo\u017cesz pobra\u0107 nasz przewodnik, kt\u00f3ry krok po kroku podpowie Ci, jak zacz\u0105\u0107 korzysta\u0107 z naszego systemu od razu po otrzymaniu urz\u0105dzenia.<\/p>\n\n\n\n<p><a href=\"https:\/\/go.pardot.com\/l\/375002\/2018-03-22\/5mbbr9\/375002\/260738\/Plug___Track_Installation_Guide__English_.pdf\">Pobierz przewodnik w j\u0119zyku angielskim<\/a><br><a href=\"https:\/\/go.pardot.com\/l\/375002\/2018-03-22\/5mbc11\/375002\/260750\/Plug___Track_Installation_Guide__Spanish_.pdf\">Descargar la gu\u00eda en espa\u00f1ol<\/a><\/p>\n\n\n\n<p>Wystarcz\u0105 4 kroki:<\/p>\n\n\n\n<ol class=\"wp-block-list\"><li>W\u0142\u00f3\u017c przew\u00f3d urz\u0105dzenia do portu OBD w poje\u017adzie<\/li><li>Przymocuj urz\u0105dzenie do p\u0142askiej powierzchni, np. nad desk\u0105 rozdzielcz\u0105<\/li><li>W\u0142\u0105cz silnik na 3 minuty i go zga\u015b<\/li><li>Sprawd\u017a, czy na Twoj\u0105 skrzynk\u0119 przyszed\u0142 e-mail od Quartix<\/li><\/ol>\n\n\n\n<p>Je\u015bli potrzebujesz pomocy w lokalizacji portu OBD, skorzystaj z naszego <a href=\"http:\/\/quartix.wikiobd.com\/\">narz\u0119dzia do lokalizacji portu OBD<\/a>.<\/p>\n<\/div>\n\n\n\n<div class=\"wp-block-column is-layout-flow wp-block-column-is-layout-flow\">\n<figure class=\"wp-block-image aligncenter size-full\"><img loading=\"lazy\" decoding=\"async\" width=\"350\" height=\"217\" src=\" https:\/\/www.quartix.com\/content\/uploads\/2018\/03\/TCSV10-OBD-e1521647996129.png\" alt=\"\" class=\"wp-image-15555\"\/><\/figure>\n<\/div>\n<\/div>\n\n\n\n<div class=\"wp-block-columns is-layout-flex wp-container-core-columns-is-layout-28f84493 wp-block-columns-is-layout-flex\">\n<div class=\"wp-block-column is-layout-flow wp-block-column-is-layout-flow\">\n<figure class=\"wp-block-embed aligncenter is-type-video is-provider-youtube wp-block-embed-youtube wp-embed-aspect-16-9 wp-has-aspect-ratio\"><div class=\"wp-block-embed__wrapper\">\n<iframe loading=\"lazy\" title=\"Plug &amp; Track Installation Video Guide\" width=\"640\" height=\"360\" src=\"https:\/\/www.youtube.com\/embed\/oD6Dd_rphS8?feature=oembed\" frameborder=\"0\" allow=\"accelerometer; autoplay; clipboard-write; encrypted-media; gyroscope; picture-in-picture; web-share\" referrerpolicy=\"strict-origin-when-cross-origin\" allowfullscreen><\/iframe>\n<\/div><\/figure>\n<\/div>\n\n\n\n<div class=\"wp-block-column is-layout-flow wp-block-column-is-layout-flow\">\n<h2 class=\"wp-block-heading\">Zobacz film dotycz\u0105cy instalacji (\u201ew\u0142\u00f3\u017c i \u015bled\u017a\u201d)<\/h2>\n\n\n\n<p>Mo\u017cesz tak\u017ce obejrze\u0107 ten film, pokazuj\u0105cy krok po kroku, jak zainstalowa\u0107 lokalizator Quartix.<\/p>\n\n\n\n<p><a style=\"background-color: #ffffff;\" href=\"https:\/\/www.youtube.com\/watch?v=1RB0KLnVoMc\">Video gu\u00eda paso a paso en espa\u00f1ol<\/a><\/p>\n<\/div>\n<\/div>\n\n\n\n<div class=\"wp-block-columns is-layout-flex wp-container-core-columns-is-layout-28f84493 wp-block-columns-is-layout-flex\">\n<div class=\"wp-block-column is-layout-flow wp-block-column-is-layout-flow\">\n<h2 class=\"wp-block-heading\">Typy port\u00f3w OBD<\/h2>\n\n\n\n<p>Kiedy ju\u017c zlokalizujesz port OBD swojego pojazdu, poinformuj nas, jakiego typu jest ten port, aby\u015bmy wys\u0142ali odpowiednie okablowanie:<\/p>\n<\/div>\n\n\n\n<div class=\"wp-block-column is-layout-flow wp-block-column-is-layout-flow\">\n<figure class=\"wp-block-image aligncenter\"><img decoding=\"async\" src=\" https:\/\/www.quartix.com\/content\/uploads\/2018\/04\/OBD-Port-Types-1-1000x321.png\" alt=\"\"\/><\/figure>\n<\/div>\n<\/div>\n","protected":false},"excerpt":{"rendered":"<p>Pobierz przewodnik do samodzielnej instalacji urz\u0105dzenia Quartix OBD Urz\u0105dzenia do lokalizacji pojazd\u00f3w Quartix s\u0105 bardzo \u0142atwe w instalacji.&nbsp; Mo\u017cesz pobra\u0107 nasz przewodnik, kt\u00f3ry krok po kroku podpowie Ci, jak zacz\u0105\u0107 korzysta\u0107 z naszego systemu od razu po otrzymaniu urz\u0105dzenia. Pobierz przewodnik w j\u0119zyku angielskimDescargar la gu\u00eda en espa\u00f1ol Wystarcz\u0105 4 kroki: W\u0142\u00f3\u017c przew\u00f3d urz\u0105dzenia do [&hellip;]<\/p>\n","protected":false},"author":12,"featured_media":0,"parent":0,"menu_order":1100,"comment_status":"closed","ping_status":"closed","template":"","meta":{"_acf_changed":false,"inline_featured_image":false,"footnotes":""},"topic":[],"qtx_campaign":[],"class_list":["post-5123","page","type-page","status-publish","hentry"],"acf":[],"yoast_head":"<!-- This site is optimized with the Yoast SEO Premium plugin v27.2 (Yoast SEO v27.2) - https:\/\/yoast.com\/product\/yoast-seo-premium-wordpress\/ -->\n<title>Instrukcja instalacji Quartix OBD (pobierz) - PL<\/title>\n<meta name=\"description\" content=\"Instrukcja instalacji Quartix OBD. Urz\u0105dzenie Quartix OBD jest przeznaczone do szybkiej instalacji. Ma taki sam wydajny i sprawdzony internetowy system raportowania, jaki jest dost\u0119pny w urz\u0105dzeniu przewodowym. Szybkie i \u0142atwe rozwi\u0105zanie dla tych, kt\u00f3rzy ceni\u0105 czas i wygod\u0119...\" \/>\n<meta name=\"robots\" content=\"index, follow, max-snippet:-1, max-image-preview:large, max-video-preview:-1\" \/>\n<link rel=\"canonical\" href=\"https:\/\/www.quartix.com\/pl-pl\/instrukcja-instalacji-quartix-obd\/\" \/>\n<meta property=\"og:locale\" content=\"pl_PL\" \/>\n<meta property=\"og:type\" content=\"article\" \/>\n<meta property=\"og:title\" content=\"Przewodnik instalacji urz\u0105dzenia Quartix OBD\" \/>\n<meta property=\"og:description\" content=\"Instrukcja instalacji Quartix OBD. Urz\u0105dzenie Quartix OBD jest przeznaczone do szybkiej instalacji. Ma taki sam wydajny i sprawdzony internetowy system raportowania, jaki jest dost\u0119pny w urz\u0105dzeniu przewodowym. Szybkie i \u0142atwe rozwi\u0105zanie dla tych, kt\u00f3rzy ceni\u0105 czas i wygod\u0119...\" \/>\n<meta property=\"og:url\" content=\"https:\/\/www.quartix.com\/pl-pl\/instrukcja-instalacji-quartix-obd\/\" \/>\n<meta property=\"og:site_name\" content=\"Quartix\" \/>\n<meta property=\"article:publisher\" content=\"https:\/\/www.facebook.com\/Quartix-USA-374426386097401\/\" \/>\n<meta property=\"article:modified_time\" content=\"2022-10-14T10:58:34+00:00\" \/>\n<meta name=\"twitter:card\" content=\"summary_large_image\" \/>\n<meta name=\"twitter:site\" content=\"@QuartixUSA\" \/>\n<meta name=\"twitter:label1\" content=\"Est. reading time\" \/>\n\t<meta name=\"twitter:data1\" content=\"2 minutes\" \/>\n<!-- \/ Yoast SEO Premium plugin. -->","yoast_head_json":{"title":"Instrukcja instalacji Quartix OBD (pobierz) - PL","description":"Instrukcja instalacji Quartix OBD. Urz\u0105dzenie Quartix OBD jest przeznaczone do szybkiej instalacji. Ma taki sam wydajny i sprawdzony internetowy system raportowania, jaki jest dost\u0119pny w urz\u0105dzeniu przewodowym. Szybkie i \u0142atwe rozwi\u0105zanie dla tych, kt\u00f3rzy ceni\u0105 czas i wygod\u0119...","robots":{"index":"index","follow":"follow","max-snippet":"max-snippet:-1","max-image-preview":"max-image-preview:large","max-video-preview":"max-video-preview:-1"},"canonical":"https:\/\/www.quartix.com\/pl-pl\/instrukcja-instalacji-quartix-obd\/","og_locale":"pl_PL","og_type":"article","og_title":"Przewodnik instalacji urz\u0105dzenia Quartix OBD","og_description":"Instrukcja instalacji Quartix OBD. Urz\u0105dzenie Quartix OBD jest przeznaczone do szybkiej instalacji. Ma taki sam wydajny i sprawdzony internetowy system raportowania, jaki jest dost\u0119pny w urz\u0105dzeniu przewodowym. Szybkie i \u0142atwe rozwi\u0105zanie dla tych, kt\u00f3rzy ceni\u0105 czas i wygod\u0119...","og_url":"https:\/\/www.quartix.com\/pl-pl\/instrukcja-instalacji-quartix-obd\/","og_site_name":"Quartix","article_publisher":"https:\/\/www.facebook.com\/Quartix-USA-374426386097401\/","article_modified_time":"2022-10-14T10:58:34+00:00","twitter_card":"summary_large_image","twitter_site":"@QuartixUSA","twitter_misc":{"Est. reading time":"2 minutes"},"schema":{"@context":"https:\/\/schema.org","@graph":[{"@type":"WebPage","@id":"https:\/\/www.quartix.com\/pl-pl\/instrukcja-instalacji-quartix-obd\/","url":"https:\/\/www.quartix.com\/pl-pl\/instrukcja-instalacji-quartix-obd\/","name":"Instrukcja instalacji Quartix OBD (pobierz)","isPartOf":{"@id":"https:\/\/www.quartix.com\/pl-pl\/#website"},"datePublished":"2019-01-23T09:16:53+00:00","dateModified":"2022-10-14T10:58:34+00:00","description":"Instrukcja instalacji Quartix OBD. Urz\u0105dzenie Quartix OBD jest przeznaczone do szybkiej instalacji. Ma taki sam wydajny i sprawdzony internetowy system raportowania, jaki jest dost\u0119pny w urz\u0105dzeniu przewodowym. Szybkie i \u0142atwe rozwi\u0105zanie dla tych, kt\u00f3rzy ceni\u0105 czas i wygod\u0119...","breadcrumb":{"@id":"https:\/\/www.quartix.com\/pl-pl\/instrukcja-instalacji-quartix-obd\/#breadcrumb"},"inLanguage":"pl-PL","potentialAction":[{"@type":"ReadAction","target":["https:\/\/www.quartix.com\/pl-pl\/instrukcja-instalacji-quartix-obd\/"]}]},{"@type":"BreadcrumbList","@id":"https:\/\/www.quartix.com\/pl-pl\/instrukcja-instalacji-quartix-obd\/#breadcrumb","itemListElement":[{"@type":"ListItem","position":1,"name":"Strona G\u0142\u00f3wna","item":"https:\/\/www.quartix.com\/pl-pl\/quartix-real-time-vehicle-tracking-2\/"},{"@type":"ListItem","position":2,"name":"Przewodnik instalacji urz\u0105dzenia Quartix OBD"}]},{"@type":"WebSite","@id":"https:\/\/www.quartix.com\/pl-pl\/#website","url":"https:\/\/www.quartix.com\/pl-pl\/","name":"Quartix","description":"Real-time vehicle tracking","publisher":{"@id":"https:\/\/www.quartix.com\/pl-pl\/#organization"},"potentialAction":[{"@type":"SearchAction","target":{"@type":"EntryPoint","urlTemplate":"https:\/\/www.quartix.com\/pl-pl\/?s={search_term_string}"},"query-input":{"@type":"PropertyValueSpecification","valueRequired":true,"valueName":"search_term_string"}}],"inLanguage":"pl-PL"},{"@type":"Organization","@id":"https:\/\/www.quartix.com\/pl-pl\/#organization","name":"Quartix","url":"https:\/\/www.quartix.com\/pl-pl\/","logo":{"@type":"ImageObject","inLanguage":"pl-PL","@id":"https:\/\/www.quartix.com\/pl-pl\/#\/schema\/logo\/image\/","url":"https:\/\/www.quartix.com\/content\/uploads\/2019\/02\/quartix-logo-eur.svg","contentUrl":"https:\/\/www.quartix.com\/content\/uploads\/2019\/02\/quartix-logo-eur.svg","width":1,"height":1,"caption":"Quartix"},"image":{"@id":"https:\/\/www.quartix.com\/pl-pl\/#\/schema\/logo\/image\/"},"sameAs":["https:\/\/www.facebook.com\/Quartix-USA-374426386097401\/","https:\/\/x.com\/QuartixUSA","https:\/\/www.linkedin.com\/company\/5346733\/","https:\/\/www.youtube.com\/channel\/UCzS-_GMfHF4kWiCheyIRrAQ"]}]}},"_links":{"self":[{"href":"https:\/\/www.quartix.com\/pl-pl\/wp-json\/wp\/v2\/pages\/5123","targetHints":{"allow":["GET"]}}],"collection":[{"href":"https:\/\/www.quartix.com\/pl-pl\/wp-json\/wp\/v2\/pages"}],"about":[{"href":"https:\/\/www.quartix.com\/pl-pl\/wp-json\/wp\/v2\/types\/page"}],"author":[{"embeddable":true,"href":"https:\/\/www.quartix.com\/pl-pl\/wp-json\/wp\/v2\/users\/12"}],"replies":[{"embeddable":true,"href":"https:\/\/www.quartix.com\/pl-pl\/wp-json\/wp\/v2\/comments?post=5123"}],"version-history":[{"count":0,"href":"https:\/\/www.quartix.com\/pl-pl\/wp-json\/wp\/v2\/pages\/5123\/revisions"}],"wp:attachment":[{"href":"https:\/\/www.quartix.com\/pl-pl\/wp-json\/wp\/v2\/media?parent=5123"}],"wp:term":[{"taxonomy":"topic","embeddable":true,"href":"https:\/\/www.quartix.com\/pl-pl\/wp-json\/wp\/v2\/topic?post=5123"},{"taxonomy":"qtx_campaign","embeddable":true,"href":"https:\/\/www.quartix.com\/pl-pl\/wp-json\/wp\/v2\/qtx_campaign?post=5123"}],"curies":[{"name":"wp","href":"https:\/\/api.w.org\/{rel}","templated":true}]}}