{"id":95534,"date":"2023-11-27T23:10:35","date_gmt":"2023-11-27T22:10:35","guid":{"rendered":" https:\/\/www.quartix.com\/?page_id=95534"},"modified":"2024-01-03T19:23:16","modified_gmt":"2024-01-03T18:23:16","slug":"dane-klienta-sledzenie-gps-i-prywatnosc","status":"publish","type":"page","link":"https:\/\/www.quartix.com\/pl-pl\/dane-klienta-sledzenie-gps-i-prywatnosc\/","title":{"rendered":"Informacja dla klient\u00f3w dotycz\u0105ca monitorowania GPS i prywatno\u015bci"},"content":{"rendered":"\n<p>Niniejsza informacja jest skierowana do klient\u00f3w korzystaj\u0105cych z systemu monitorowania Quartix. W przypadku jakichkolwiek pyta\u0144 dotycz\u0105cych niniejszej informacji prosimy o kontakt pod adresem <a href=\"mailto:biuro@quartix.com\">biuro@quartix.com<\/a>.<\/p>\n\n\n\n<h3 class=\"wp-block-heading\">Jakie informacje gromadzimy?<\/h3>\n\n\n\n<p>Gromadzimy dane potrzebne do lokalizowania pojazd\u00f3w, \u015bwiadczenia us\u0142ug zwi\u0105zanych z lokalizowaniem pojazd\u00f3w i komunikowania si\u0119 z firm\u0105 klienta, kt\u00f3rej pojazd jest lokalizowany. Dane te obejmuj\u0105 dane osobowe, np.:<\/p>\n\n\n\n<ul class=\"wp-block-list\">\n<li>Imi\u0119 i nazwisko<\/li>\n\n\n\n<li>Adresy \u2013 domowy \/ firmy \/ inne wa\u017cne adresy<\/li>\n\n\n\n<li>Numery telefon\u00f3w<\/li>\n\n\n\n<li>Adresy e-mail<\/li>\n\n\n\n<li>Dane lokalizacji pojazdu z systemu GPS wraz z dat\u0105 i godzin\u0105 z urz\u0105dzenia monitoruj\u0105cego<\/li>\n\n\n\n<li>Dane z nagra\u0144 z kamery w przypadku korzystania z pod\u0142\u0105czonej kamery (&#8220;dashcam&#8221;).<\/li>\n<\/ul>\n\n\n\n<p>W przypadku ubezpieczenia firma klienta jest ubezpieczycielem kierowcy, kt\u00f3ry mo\u017ce zamawia\u0107 nasze us\u0142ugi za po\u015brednictwem stron trzecich. Przekazane nam dane osobowe obejmuj\u0105 r\u00f3wnie\u017c dat\u0119 urodzenia.<\/p>\n\n\n\n<p>Inne dane gromadzone przez urz\u0105dzenie monitoruj\u0105ce \/ dashcam to:<\/p>\n\n\n\n<ul class=\"wp-block-list\">\n<li>Stan zap\u0142onu pojazdu<\/li>\n\n\n\n<li>Pr\u0119dko\u015b\u0107 pojazdu, kierunek<\/li>\n\n\n\n<li>Dane dotycz\u0105ce przyspieszenia i hamowania pojazdu w 3 wymiarach<\/li>\n\n\n\n<li>Po\u0142o\u017cenie urz\u0105dzenia monitoruj\u0105cego, dane dotycz\u0105ce si\u0142y sygna\u0142u i widoczno\u015bci satelit\u00f3w GPS<\/li>\n\n\n\n<li>Identyfikacja znacznika kierowcy, je\u015bli jest zamontowany<\/li>\n\n\n\n<li>Dodatkowe wej\u015bcie przewodowe, je\u015bli jest zamontowane, takie jak monitorowanie temperatury, stan pod\u0142\u0105czonego urz\u0105dzenia (podno\u015bnik za\u0142adowczy, pompa, rozrzutnik, sprz\u0119t do koszenia itp.), stan drzwi pojazdu (otwarte\/zamkni\u0119te) lub stan obci\u0105\u017cenia pojazdu<\/li>\n<\/ul>\n\n\n\n<p>Dane, kt\u00f3re nie pochodz\u0105 z urz\u0105dzenia monitoruj\u0105cego \/ dashcam, s\u0105 dostarczane i przechowywane przez firm\u0119 klienta, kt\u00f3ra zamawia nasze us\u0142ugi. Dane dotycz\u0105ce lokalizacji pojazdu s\u0105 przetwarzane w celu ustalenia adresu danej lokalizacji i mog\u0105 one r\u00f3wnie\u017c dostarcza\u0107 firmie klienta informacji o stylu jazdy i czasie jazdy.<\/p>\n\n\n\n<h3 class=\"wp-block-heading\">Do czego wykorzystujemy gromadzone informacje?<\/h3>\n\n\n\n<p>Dane osobowe u\u017cytkownika wykorzystujemy w celu \u015bwiadczenia us\u0142ug zam\u00f3wionych przez firm\u0119 klienta, kt\u00f3r\u0105 mo\u017ce by\u0107 pracodawca u\u017cytkownika, firma, z kt\u00f3r\u0105 u\u017cytkownik ma podpisan\u0105 umow\u0119, lub firma ubezpieczeniowa u\u017cytkownika. Firma klienta jest administratorem danych, dla kt\u00f3rego dzia\u0142amy jako podmiot przetwarzaj\u0105cy dane; administrator danych powinien informowa\u0107 osoby, kt\u00f3rych te dane dotycz\u0105, o ich zgodnej z prawem podstawie przetwarzania oraz celach przetwarzania w ramach korzystania z naszych us\u0142ug.<\/p>\n\n\n\n<p>Us\u0142ugi \u015bwiadczone przez firm\u0119 Quartix s\u0105 szczeg\u00f3\u0142owo opisane na stronach naszych produkt\u00f3w, w tym:<\/p>\n\n\n\n<ul class=\"wp-block-list\">\n<li>Lokalizowanie pojazd\u00f3w w czasie rzeczywistym, w tym wy\u015bwietlanie ich na mapach.<\/li>\n\n\n\n<li>Dzienniki podr\u00f3\u017cy pojazd\u00f3w i raporty, w tym wy\u015bwietlanie na mapach.<\/li>\n\n\n\n<li>Raporty z ewidencji czasu pracy, w tym przebieg, pr\u0119dko\u015b\u0107 pojazdu, czas jazdy, czas postoju i czas na miejscu.<\/li>\n\n\n\n<li>Dane dotycz\u0105ce stylu jazdy, w tym przyspieszanie, zwalnianie i pr\u0119dko\u015b\u0107 w por\u00f3wnaniu z innymi pojazdami.<\/li>\n\n\n\n<li>Geofencing i alerty informuj\u0105ce o aktywno\u015bciach w okre\u015blonych lokalizacjach.<\/li>\n\n\n\n<li>Wy\u015bwietlanie nagra\u0144 z kamery w przypadku korzystania z kamery samochodowej.<\/li>\n<\/ul>\n\n\n\n<h3 class=\"wp-block-heading\">W jaki spos\u00f3b chronimy dane osobowe u\u017cytkownika?<\/h3>\n\n\n\n<p>Wdra\u017camy r\u00f3\u017cne \u015brodki zabezpieczaj\u0105ce, aby zapewni\u0107 bezpiecze\u0144stwo danych osobowych u\u017cytkownik\u00f3w. Wymagane jest podanie po\u015bwiadcze\u0144 bezpiecze\u0144stwa, aby uzyska\u0107 dost\u0119p do aplikacji do monitorowania i funkcji dla danego konta u\u017cytkownika okre\u015blonych przez administratora systemu firmy klienta.<\/p>\n\n\n\n<p>Wszystkie przekazywane dane wra\u017cliwe\/kredytowe s\u0105 przesy\u0142ane za pomoc\u0105 technologii Secure Socket Layer (SSL), a nast\u0119pnie szyfrowane w bazie danych naszych dostawc\u00f3w bramek p\u0142atniczych, tak aby dane te by\u0142y dost\u0119pne wy\u0142\u0105cznie dla os\u00f3b upowa\u017cnionych ze specjalnymi uprawnieniami dost\u0119pu do tego typu system\u00f3w i zobowi\u0105zanych do zachowania poufno\u015bci tych danych.<\/p>\n\n\n\n<p>Po dokonaniu transakcji prywatne dane u\u017cytkownik\u00f3w (karty kredytowe, numery ubezpieczenia spo\u0142ecznego, dane finansowe itp.) nie b\u0119d\u0105 przechowywane przez okres d\u0142u\u017cszy ni\u017c 60 dni.<\/p>\n\n\n\n<h3 class=\"wp-block-heading\">Czy skontaktujemy si\u0119 z Tob\u0105?<\/h3>\n\n\n\n<p>Mo\u017cemy kontaktowa\u0107 si\u0119 z Tob\u0105 w ramach \u015bwiadczenia us\u0142ug na rzecz firmy klienta, co obejmuje wysy\u0142anie raport\u00f3w, umawianie spotka\u0144 na potrzeby monta\u017cu urz\u0105dzenia do monitorowania pojazd\u00f3w, omawianie problem\u00f3w z danymi otrzymanymi z urz\u0105dzenia do monitorowania pojazd\u00f3w lub umawianie wizyt serwisowych w celu zbadania problem\u00f3w z urz\u0105dzeniem do monitorowania pojazd\u00f3w.<\/p>\n\n\n\n<h3 class=\"wp-block-heading\">Czy nagrywamy rozmowy telefoniczne?<\/h3>\n\n\n\n<p>Rozmowy telefoniczne mog\u0105 by\u0107 nagrywane w celach zapewnienia wysokiej jako\u015bci \u015bwiadczonych us\u0142ug i szkoleniowych.<\/p>\n\n\n\n<h3 class=\"wp-block-heading\">Czy u\u017cywamy plik\u00f3w cookie?<\/h3>\n\n\n\n<p>Tak, firma Quartix u\u017cywa plik\u00f3w cookie.&nbsp;<\/p>\n\n\n\n<p>Pliki cookie to bardzo ma\u0142e pliki tekstowe zapisywane na komputerze u\u017cytkownika, u\u017cywane do monitorowania jego aktywno\u015bci na danej stronie internetowej. Quartix u\u017cywa plik\u00f3w cookie do identyfikacji i monitorowania aktywno\u015bci u\u017cytkownika na naszych stronach internetowych oraz jego interakcji z innymi oferowanymi przez nas us\u0142ugami, takimi jak blogi czy newslettery. U\u017cytkownik otrzyma ten plik cookie, gdy odwiedzi jedn\u0105 z naszych stron internetowych, ale zgromadzone przez ten plik informacje b\u0119d\u0105 przechowywane i pozostan\u0105 anonimowe przez 38 miesi\u0119cy lub do momentu, gdy u\u017cytkownik udost\u0119pni nam sw\u00f3j adres e-mail za po\u015brednictwem jednej z naszych stron internetowych.<\/p>\n\n\n\n<p>Quartix mo\u017ce korzysta\u0107 z us\u0142ug stron trzecich w celu wy\u015bwietlania reklam na naszych stronach internetowych. Reklamodawcy mog\u0105 u\u017cywa\u0107 plik\u00f3w cookie do monitorowania liczby u\u017cytkownik\u00f3w odpowiadaj\u0105cych na dan\u0105 kampani\u0119 reklamow\u0105. Quartix nie ma dost\u0119pu do plik\u00f3w cookie umieszczanych przez strony trzecie ani ich nie kontroluje.<\/p>\n\n\n\n<p>Wy\u0142\u0105czanie\/w\u0142\u0105czanie plik\u00f3w cookie \u2013 u\u017cytkownicy maj\u0105 mo\u017cliwo\u015b\u0107 akceptowania lub wy\u0142\u0105czenia plik\u00f3w cookie poprzez dokonanie odpowiednich zmian ustawie\u0144 w swojej przegl\u0105darce. Wy\u0142\u0105czenie plik\u00f3w cookie mo\u017ce jednak wi\u0105za\u0107 si\u0119 z ograniczeniem dzia\u0142ania niekt\u00f3rych funkcji. Wi\u0119cej informacji na temat wy\u0142\u0105czania plik\u00f3w cookie mo\u017cna znale\u017a\u0107 na stronie&nbsp;<a href=\"http:\/\/www.allaboutcookies.org\/manage-cookies\/stop-cookies-installed.html\">http:\/\/www.allaboutcookies.org\/manage-cookies\/stop-cookies-installed.html<\/a><\/p>\n\n\n\n<p>Quartix wykorzystuje r\u00f3wnie\u017c szereg plik\u00f3w cookie do analizy marketingowej i automatyzacji wysy\u0142ania wiadomo\u015bci e-mail. Na przyk\u0142ad u\u017cywamy Google Analytics do gromadzenia informacji dotycz\u0105cych aktywno\u015bci klient\u00f3w na naszych stronach internetowych oraz korzystania z naszych aplikacji mobilnych. Google Analytics u\u017cywa plik\u00f3w cookie w przegl\u0105darce u\u017cytkownika w celu przechowywania danych o jego aktywno\u015bci na naszych stronach, kt\u00f3re s\u0105 nast\u0119pnie gromadzone przez firm\u0119 Google i mog\u0105 zosta\u0107 poddane analizie np. w celu zrozumienia korzystania z funkcji na naszych stronach internetowych i poruszania si\u0119 po nich. Nie pr\u00f3bujemy osobi\u015bcie identyfikowa\u0107 u\u017cytkownik\u00f3w w jakikolwiek spos\u00f3b, cho\u0107 dane mog\u0105 by\u0107 wykorzystywane przez firm\u0119 Google do ukierunkowanego wy\u015bwietlania reklam. U\u017cytkownik mo\u017ce zrezygnowa\u0107 z wykorzystywania narz\u0119dzi analitycznych w przegl\u0105darce, instaluj\u0105c wtyczk\u0119 firmy Google dost\u0119pn\u0105 pod adresem <a href=\"https:\/\/tools.google.com\/dlpage\/gaoptout\/\" target=\"_blank\" rel=\"noreferrer noopener\">https:\/\/tools.google.com\/dlpage\/gaoptout\/<\/a><\/p>\n\n\n\n<p>Quartix korzysta r\u00f3wnie\u017c z interfejsu API Google Maps podczas \u015bwiadczenia us\u0142ug.&nbsp; Wi\u0119cej informacji mo\u017cna znale\u017a\u0107 w Polityce prywatno\u015bci Google: http:\/\/www.google.com\/policies\/privacy?hl=pl<\/p>\n\n\n\n<h3 class=\"wp-block-heading\">Czy przekazujemy jakiekolwiek dane stronom trzecim?<\/h3>\n\n\n\n<p>Nie, nie przekazujemy danych kontaktowych u\u017cytkownik\u00f3w \u017cadnej stronie trzeciej. Nie obejmuje to zaufanych stron trzecich, kt\u00f3re pomagaj\u0105 nam w obs\u0142udze naszej strony internetowej, prowadzeniu naszej dzia\u0142alno\u015bci lub obs\u0142udze u\u017cytkownik\u00f3w, o ile strony te zgadzaj\u0105 si\u0119 zachowa\u0107 poufno\u015b\u0107 tych informacji. Mo\u017cemy r\u00f3wnie\u017c ujawni\u0107 dane osobowe u\u017cytkownika, je\u015bli uwa\u017camy, \u017ce ujawnienie ich jest w\u0142a\u015bciwe z punktu widzenia zachowania zgodno\u015bci z przepisami prawa, egzekwowania zasad naszej strony internetowej lub ochrony praw, w\u0142asno\u015bci lub bezpiecze\u0144stwa naszego lub innych stron. Jednak\u017ce informacje o odwiedzaj\u0105cych, kt\u00f3re nie umo\u017cliwiaj\u0105 identyfikacji konkretnej osoby, mog\u0105 by\u0107 przekazywane innym stronom w celach marketingowych, reklamowych lub do innych zastosowa\u0144.<\/p>\n\n\n\n<p>Od czasu do czasu, wed\u0142ug naszego uznania, mo\u017cemy umieszcza\u0107 lub oferowa\u0107 produkty lub us\u0142ugi stron trzecich na naszej stronie internetowej. Strony internetowe podmiot\u00f3w zewn\u0119trznych maj\u0105 oddzielne i niezale\u017cne polityki prywatno\u015bci. W zwi\u0105zku z tym nie ponosimy \u017cadnej odpowiedzialno\u015bci za tre\u015b\u0107 i aktywno\u015bci na tych stronach, do kt\u00f3rych prowadz\u0105 \u0142\u0105cza. Niemniej jednak staramy si\u0119 chroni\u0107 wiarygodno\u015b\u0107 naszej strony internetowej, w zwi\u0105zku z czym jeste\u015bmy otwarci na wszelkie opinie na temat tych stron.<\/p>\n\n\n\n<h3 class=\"wp-block-heading\">Prawa os\u00f3b, kt\u00f3rych dane dotycz\u0105<\/h3>\n\n\n\n<p>Osobom fizycznym przys\u0142uguje szereg praw w odniesieniu do przechowywanych na ich temat danych. W pierwszej kolejno\u015bci \u017c\u0105dania nale\u017cy kierowa\u0107 do firmy klienta \u2013 wszelkie \u017c\u0105dania kierowane bezpo\u015brednio do firmy Quartix b\u0119d\u0105 przekierowywane do firmy klienta. \u017b\u0105dania wobec firmy Quartix nale\u017cy kierowa\u0107 do naszego zespo\u0142u wsparcia technicznego, z kt\u00f3rym mo\u017cna si\u0119 skontaktowa\u0107 w spos\u00f3b opisany w cz\u0119\u015bci Kontakt.<\/p>\n\n\n\n<p>a) Prawo do uzyskania informacji<br>Osoby, kt\u00f3rych dane dotycz\u0105, maj\u0105 prawo do uzyskania informacji o przechowywanych na ich temat danych osobowych, przetwarzaniu tych danych osobowych oraz o zgodnej z prawem podstawie i celach przetwarzania. Niniejsza informacja o ochronie prywatno\u015bci zawiera szczeg\u00f3\u0142owe informacje na temat przechowywanych danych osobowych oraz przetwarzania tych danych osobowych, kt\u00f3re firma Quartix wykonuje jako podmiot przetwarzaj\u0105cy dane w imieniu firmy klienta jako administratora danych, kt\u00f3ra powinna poda\u0107 zgodne z prawem podstawy i cele przetwarzania.<\/p>\n\n\n\n<p>b) Prawo do uzyskania dost\u0119pu do danych<br>Osoby, kt\u00f3rych dane dotycz\u0105, maj\u0105 prawo do \u017c\u0105dania i uzyskania informacji zwi\u0105zanych z ich danymi osobowymi oraz do otrzymania kopii tych danych.<\/p>\n\n\n\n<p>c) Prawo do sprostowania danych<br>Osoby, kt\u00f3rych dane dotycz\u0105, maj\u0105 prawo do sprostowania lub uzupe\u0142nienia niedok\u0142adnych lub niekompletnych danych osobowych, kt\u00f3re ich dotycz\u0105. Wi\u0119kszo\u015b\u0107 danych osobowych w systemie Quartix mo\u017ce zmieni\u0107 administrator firmy klienta za po\u015brednictwem aplikacji internetowej Quartix.<\/p>\n\n\n\n<p>d) Prawo do usuni\u0119cia, ograniczenia, przenoszenia danych i wniesienia sprzeciwu<br>W pewnych okoliczno\u015bciach i w niekt\u00f3rych przypadkach \u2013 z zastrze\u017ceniem okre\u015blonych wyj\u0105tk\u00f3w \u2013 osoby, kt\u00f3rych dane dotycz\u0105, maj\u0105 prawo do:<\/p>\n\n\n\n<ul class=\"wp-block-list\">\n<li>usuni\u0119cia dotycz\u0105cych ich danych osobowych;<\/li>\n\n\n\n<li>ograniczenia przetwarzania dotycz\u0105cych ich danych osobowych;<\/li>\n\n\n\n<li>uzyskania dotycz\u0105cych ich danych osobowych, kt\u00f3re zosta\u0142y przez nie przekazane administratorowi danych, w celu przekazania ich innemu administratorowi danych bez \u017cadnych przeszk\u00f3d lub aby\u015bmy przekazali te dane osobowe bezpo\u015brednio innemu administratorowi danych, o ile jest to technicznie wykonalne;<\/li>\n\n\n\n<li>wniesienia w dowolnym momencie sprzeciwu wobec przetwarzania prowadzonego w ramach naszego prawnie uzasadnionego interesu lub w celu wykonania zadania realizowanego w ramach interesu publicznego lub realizacji oficjalnego upowa\u017cnienia powierzonego administratorowi danych lub prowadzonego w celach marketingu bezpo\u015bredniego.<\/li>\n<\/ul>\n\n\n\n<p>e) Zautomatyzowane podejmowanie decyzji<br>Quartix nie podejmuje decyzji dotycz\u0105cych os\u00f3b, kt\u00f3rych dane dotycz\u0105, opartych wy\u0142\u0105cznie na zautomatyzowanym przetwarzaniu, w tym profilowaniu, kt\u00f3re wywiera wp\u0142yw prawny lub w podobny spos\u00f3b znacz\u0105co wp\u0142ywa na te osoby.<\/p>\n\n\n\n<h3 class=\"wp-block-heading\">Przekazywanie danych poza terytorium UE<\/h3>\n\n\n\n<p>Quartix b\u0119dzie przekazywa\u0107 (\u201eprzekazywanie\u201d oznacza r\u00f3wnie\u017c udost\u0119pnianie zdalne) dane osobowe do kraj\u00f3w spoza EOG tylko wtedy, gdy:<\/p>\n\n\n\n<ul class=\"wp-block-list\">\n<li>przekazywanie odbywa si\u0119 do kraju (lub organizacji mi\u0119dzynarodowej), kt\u00f3ry wed\u0142ug Komisji Europejskiej zapewnia odpowiedni poziom ochrony;<\/li>\n\n\n\n<li>mi\u0119dzy Quartix a podmiotem znajduj\u0105cym si\u0119 poza EOG zosta\u0142y wdro\u017cone standardowe klauzule umowne przyj\u0119te przez Komisj\u0119 Europejsk\u0105;<\/li>\n\n\n\n<li>w stosownych przypadkach wdro\u017cono wi\u0105\u017c\u0105ce zasady korporacyjne lub gdy przekazanie to jest w inny spos\u00f3b dozwolone w ramach RODO.<\/li>\n<\/ul>\n\n\n\n<h3 class=\"wp-block-heading\">Przechowywanie danych<\/h3>\n\n\n\n<p>Czas przechowywania danych monitoruj\u0105cych przez Quartix mo\u017ce ustawi\u0107 administrator firmy klienta za po\u015brednictwem aplikacji internetowej Quartix.<\/p>\n\n\n\n<p>Klienci powinni okre\u015bli\u0107, jak d\u0142ugo konieczne jest przechowywanie danych monitoruj\u0105cych na potrzeby realizacji ich cel\u00f3w przetwarzania, a ich administrator powinien odpowiednio skonfigurowa\u0107 czas przechowywania.<\/p>\n\n\n\n<p>Obrazy z dashcams b\u0119d\u0105 przechowywane maksymalnie przez 6 miesi\u0119cy.<\/p>\n\n\n\n<h3 class=\"wp-block-heading\">Zgoda u\u017cytkownika<\/h3>\n\n\n\n<p>Korzystaj\u0105c z naszej strony internetowej lub przekazuj\u0105c nam swoje dane podczas wydarze\u0144 handlowych lub wystaw, u\u017cytkownik wyra\u017ca zgod\u0119 na gromadzenie i wykorzystywanie tych danych przez firm\u0119 Quartix. Je\u015bli zdecydujemy si\u0119 zmieni\u0107 nasz\u0105 polityk\u0119 prywatno\u015bci, zmiany opublikujemy na tej stronie, tak aby u\u017cytkownik by\u0142 zawsze \u015bwiadom, jakie informacje gromadzimy, w jaki spos\u00f3b je wykorzystujemy i w jakich okoliczno\u015bciach je ujawniamy.<\/p>\n\n\n\n<h3 class=\"wp-block-heading\">Kontakt<\/h3>\n\n\n\n<p>W przypadku jakichkolwiek pyta\u0144 dotycz\u0105cych niniejszej polityki prywatno\u015bci mo\u017cna si\u0119 z nami skontaktowa\u0107, korzystaj\u0105c z poni\u017cszego adresu e-mail.<br><a href=\"mailto:biuro@quartix.com\">biuro@quartix.com<\/a><\/p>\n\n\n\n<p>Wszelkie skargi nale\u017cy zg\u0142asza\u0107 firmie Quartix w pierwszej kolejno\u015bci na powy\u017cszy adres e-mail. Osoby, kt\u00f3rych dane dotycz\u0105, mog\u0105 sk\u0142ada\u0107 za\u017calenia do organu nadzorczego we Francji, CNIL \u2013 <a href=\"http:\/\/www.cnil.fr\">www.cnil.fr<\/a>.<\/p>\n\n\n\n<p>Firma Quartix wyznaczy\u0142a inspektora ochrony danych osobowych zgodnie z wymogami og\u00f3lnego rozporz\u0105dzenia o ochronie danych (RODO), z kt\u00f3rym mo\u017cna si\u0119 skontaktowa\u0107, wysy\u0142aj\u0105c wiadomo\u015b\u0107 e-mail na adres <a href=\"mailto:DPO@quartix.net\">DPO@quartix.net<\/a>.<\/p>\n","protected":false},"excerpt":{"rendered":"<p>Niniejsza informacja jest skierowana do klient\u00f3w korzystaj\u0105cych z systemu monitorowania Quartix. W przypadku jakichkolwiek pyta\u0144 dotycz\u0105cych niniejszej informacji prosimy o kontakt pod adresem biuro@quartix.com. Jakie informacje gromadzimy? Gromadzimy dane potrzebne do lokalizowania pojazd\u00f3w, \u015bwiadczenia us\u0142ug zwi\u0105zanych z lokalizowaniem pojazd\u00f3w i komunikowania si\u0119 z firm\u0105 klienta, kt\u00f3rej pojazd jest lokalizowany. Dane te obejmuj\u0105 dane osobowe, np.: [&hellip;]<\/p>\n","protected":false},"author":12,"featured_media":0,"parent":0,"menu_order":0,"comment_status":"closed","ping_status":"closed","template":"templates\/terms-and-conditions.php","meta":{"_acf_changed":false,"inline_featured_image":false,"footnotes":""},"topic":[],"qtx_campaign":[],"class_list":["post-95534","page","type-page","status-publish","hentry"],"acf":[],"yoast_head":"<!-- This site is optimized with the Yoast SEO Premium plugin v27.3 (Yoast SEO v27.3) - https:\/\/yoast.com\/product\/yoast-seo-premium-wordpress\/ -->\n<title>Informacja dla klient\u00f3w dotycz\u0105ca monitorowania GPS i prywatno\u015bci - PL<\/title>\n<meta name=\"robots\" content=\"index, follow, max-snippet:-1, max-image-preview:large, max-video-preview:-1\" \/>\n<link rel=\"canonical\" href=\"https:\/\/www.quartix.com\/pl-pl\/dane-klienta-sledzenie-gps-i-prywatnosc\/\" \/>\n<meta property=\"og:locale\" content=\"pl_PL\" \/>\n<meta property=\"og:type\" content=\"article\" \/>\n<meta property=\"og:title\" content=\"Informacja dla klient\u00f3w dotycz\u0105ca monitorowania GPS i prywatno\u015bci\" \/>\n<meta property=\"og:description\" content=\"Niniejsza informacja jest skierowana do klient\u00f3w korzystaj\u0105cych z systemu monitorowania Quartix. W przypadku jakichkolwiek pyta\u0144 dotycz\u0105cych niniejszej informacji prosimy o kontakt pod adresem biuro@quartix.com. Jakie informacje gromadzimy? Gromadzimy dane potrzebne do lokalizowania pojazd\u00f3w, \u015bwiadczenia us\u0142ug zwi\u0105zanych z lokalizowaniem pojazd\u00f3w i komunikowania si\u0119 z firm\u0105 klienta, kt\u00f3rej pojazd jest lokalizowany. Dane te obejmuj\u0105 dane osobowe, np.: [&hellip;]\" \/>\n<meta property=\"og:url\" content=\"https:\/\/www.quartix.com\/pl-pl\/dane-klienta-sledzenie-gps-i-prywatnosc\/\" \/>\n<meta property=\"og:site_name\" content=\"Quartix\" \/>\n<meta property=\"article:publisher\" content=\"https:\/\/www.facebook.com\/Quartix-USA-374426386097401\/\" \/>\n<meta property=\"article:modified_time\" content=\"2024-01-03T18:23:16+00:00\" \/>\n<meta name=\"twitter:card\" content=\"summary_large_image\" \/>\n<meta name=\"twitter:site\" content=\"@QuartixUSA\" \/>\n<meta name=\"twitter:label1\" content=\"Est. reading time\" \/>\n\t<meta name=\"twitter:data1\" content=\"10 minutes\" \/>\n<!-- \/ Yoast SEO Premium plugin. -->","yoast_head_json":{"title":"Informacja dla klient\u00f3w dotycz\u0105ca monitorowania GPS i prywatno\u015bci - PL","robots":{"index":"index","follow":"follow","max-snippet":"max-snippet:-1","max-image-preview":"max-image-preview:large","max-video-preview":"max-video-preview:-1"},"canonical":"https:\/\/www.quartix.com\/pl-pl\/dane-klienta-sledzenie-gps-i-prywatnosc\/","og_locale":"pl_PL","og_type":"article","og_title":"Informacja dla klient\u00f3w dotycz\u0105ca monitorowania GPS i prywatno\u015bci","og_description":"Niniejsza informacja jest skierowana do klient\u00f3w korzystaj\u0105cych z systemu monitorowania Quartix. W przypadku jakichkolwiek pyta\u0144 dotycz\u0105cych niniejszej informacji prosimy o kontakt pod adresem biuro@quartix.com. Jakie informacje gromadzimy? Gromadzimy dane potrzebne do lokalizowania pojazd\u00f3w, \u015bwiadczenia us\u0142ug zwi\u0105zanych z lokalizowaniem pojazd\u00f3w i komunikowania si\u0119 z firm\u0105 klienta, kt\u00f3rej pojazd jest lokalizowany. Dane te obejmuj\u0105 dane osobowe, np.: [&hellip;]","og_url":"https:\/\/www.quartix.com\/pl-pl\/dane-klienta-sledzenie-gps-i-prywatnosc\/","og_site_name":"Quartix","article_publisher":"https:\/\/www.facebook.com\/Quartix-USA-374426386097401\/","article_modified_time":"2024-01-03T18:23:16+00:00","twitter_card":"summary_large_image","twitter_site":"@QuartixUSA","twitter_misc":{"Est. reading time":"10 minutes"},"schema":{"@context":"https:\/\/schema.org","@graph":[{"@type":"WebPage","@id":"https:\/\/www.quartix.com\/pl-pl\/dane-klienta-sledzenie-gps-i-prywatnosc\/","url":"https:\/\/www.quartix.com\/pl-pl\/dane-klienta-sledzenie-gps-i-prywatnosc\/","name":"Informacja dla klient\u00f3w dotycz\u0105ca monitorowania GPS i prywatno\u015bci","isPartOf":{"@id":"https:\/\/www.quartix.com\/pl-pl\/#website"},"datePublished":"2023-11-27T22:10:35+00:00","dateModified":"2024-01-03T18:23:16+00:00","breadcrumb":{"@id":"https:\/\/www.quartix.com\/pl-pl\/dane-klienta-sledzenie-gps-i-prywatnosc\/#breadcrumb"},"inLanguage":"pl-PL","potentialAction":[{"@type":"ReadAction","target":["https:\/\/www.quartix.com\/pl-pl\/dane-klienta-sledzenie-gps-i-prywatnosc\/"]}]},{"@type":"BreadcrumbList","@id":"https:\/\/www.quartix.com\/pl-pl\/dane-klienta-sledzenie-gps-i-prywatnosc\/#breadcrumb","itemListElement":[{"@type":"ListItem","position":1,"name":"Strona G\u0142\u00f3wna","item":"https:\/\/www.quartix.com\/pl-pl\/quartix-real-time-vehicle-tracking-2\/"},{"@type":"ListItem","position":2,"name":"Informacja dla klient\u00f3w dotycz\u0105ca monitorowania GPS i prywatno\u015bci"}]},{"@type":"WebSite","@id":"https:\/\/www.quartix.com\/pl-pl\/#website","url":"https:\/\/www.quartix.com\/pl-pl\/","name":"Quartix","description":"Real-time vehicle tracking","publisher":{"@id":"https:\/\/www.quartix.com\/pl-pl\/#organization"},"potentialAction":[{"@type":"SearchAction","target":{"@type":"EntryPoint","urlTemplate":"https:\/\/www.quartix.com\/pl-pl\/?s={search_term_string}"},"query-input":{"@type":"PropertyValueSpecification","valueRequired":true,"valueName":"search_term_string"}}],"inLanguage":"pl-PL"},{"@type":"Organization","@id":"https:\/\/www.quartix.com\/pl-pl\/#organization","name":"Quartix","url":"https:\/\/www.quartix.com\/pl-pl\/","logo":{"@type":"ImageObject","inLanguage":"pl-PL","@id":"https:\/\/www.quartix.com\/pl-pl\/#\/schema\/logo\/image\/","url":"https:\/\/www.quartix.com\/content\/uploads\/2019\/02\/quartix-logo-eur.svg","contentUrl":"https:\/\/www.quartix.com\/content\/uploads\/2019\/02\/quartix-logo-eur.svg","width":1,"height":1,"caption":"Quartix"},"image":{"@id":"https:\/\/www.quartix.com\/pl-pl\/#\/schema\/logo\/image\/"},"sameAs":["https:\/\/www.facebook.com\/Quartix-USA-374426386097401\/","https:\/\/x.com\/QuartixUSA","https:\/\/www.linkedin.com\/company\/5346733\/","https:\/\/www.youtube.com\/channel\/UCzS-_GMfHF4kWiCheyIRrAQ"]}]}},"_links":{"self":[{"href":"https:\/\/www.quartix.com\/pl-pl\/wp-json\/wp\/v2\/pages\/95534","targetHints":{"allow":["GET"]}}],"collection":[{"href":"https:\/\/www.quartix.com\/pl-pl\/wp-json\/wp\/v2\/pages"}],"about":[{"href":"https:\/\/www.quartix.com\/pl-pl\/wp-json\/wp\/v2\/types\/page"}],"author":[{"embeddable":true,"href":"https:\/\/www.quartix.com\/pl-pl\/wp-json\/wp\/v2\/users\/12"}],"replies":[{"embeddable":true,"href":"https:\/\/www.quartix.com\/pl-pl\/wp-json\/wp\/v2\/comments?post=95534"}],"version-history":[{"count":0,"href":"https:\/\/www.quartix.com\/pl-pl\/wp-json\/wp\/v2\/pages\/95534\/revisions"}],"wp:attachment":[{"href":"https:\/\/www.quartix.com\/pl-pl\/wp-json\/wp\/v2\/media?parent=95534"}],"wp:term":[{"taxonomy":"topic","embeddable":true,"href":"https:\/\/www.quartix.com\/pl-pl\/wp-json\/wp\/v2\/topic?post=95534"},{"taxonomy":"qtx_campaign","embeddable":true,"href":"https:\/\/www.quartix.com\/pl-pl\/wp-json\/wp\/v2\/qtx_campaign?post=95534"}],"curies":[{"name":"wp","href":"https:\/\/api.w.org\/{rel}","templated":true}]}}